{"id":548,"date":"2020-11-26T16:16:31","date_gmt":"2020-11-26T16:16:31","guid":{"rendered":"http:\/\/localhost\/wordpress\/?page_id=548"},"modified":"2024-02-04T08:35:19","modified_gmt":"2024-02-04T08:35:19","slug":"bemutatkozas","status":"publish","type":"page","link":"https:\/\/www.zoldagvendegszeretet.hu\/?page_id=548","title":{"rendered":"Bemutatkoz\u00e1s"},"content":{"rendered":"\t\t<div data-elementor-type=\"wp-page\" data-elementor-id=\"548\" class=\"elementor elementor-548\" data-elementor-settings=\"[]\">\n\t\t\t\t\t\t<div class=\"elementor-inner\">\n\t\t\t\t\t\t\t<div class=\"elementor-section-wrap\">\n\t\t\t\t\t\t\t<section class=\"elementor-section elementor-top-section elementor-element elementor-element-3869dc8 elementor-section-boxed elementor-section-height-default elementor-section-height-default\" data-id=\"3869dc8\" data-element_type=\"section\">\n\t\t\t\t\t\t<div class=\"elementor-container elementor-column-gap-default\">\n\t\t\t\t\t\t\t<div class=\"elementor-row\">\n\t\t\t\t\t<div class=\"elementor-column elementor-col-100 elementor-top-column elementor-element elementor-element-1e1ea7a\" data-id=\"1e1ea7a\" data-element_type=\"column\">\n\t\t\t<div class=\"elementor-column-wrap elementor-element-populated\">\n\t\t\t\t\t\t\t<div class=\"elementor-widget-wrap\">\n\t\t\t\t\t\t<div class=\"elementor-element elementor-element-5b22f06 elementor-widget elementor-widget-image\" data-id=\"5b22f06\" data-element_type=\"widget\" data-widget_type=\"image.default\">\n\t\t\t\t<div class=\"elementor-widget-container\">\n\t\t\t\t\t\t\t\t<div class=\"elementor-image\">\n\t\t\t\t\t\t\t\t\t\t\t\t<img width=\"300\" height=\"284\" src=\"https:\/\/www.zoldagvendegszeretet.hu\/wp-content\/uploads\/2020\/11\/zoldag-logo-300.jpg\" class=\"attachment-large size-large\" alt=\"\" loading=\"lazy\" \/>\t\t\t\t\t\t\t\t\t\t\t\t\t\t<\/div>\n\t\t\t\t\t\t<\/div>\n\t\t\t\t<\/div>\n\t\t\t\t\t\t<\/div>\n\t\t\t\t\t<\/div>\n\t\t<\/div>\n\t\t\t\t\t\t\t\t<\/div>\n\t\t\t\t\t<\/div>\n\t\t<\/section>\n\t\t\t\t<section class=\"elementor-section elementor-top-section elementor-element elementor-element-54e9ace elementor-section-boxed elementor-section-height-default elementor-section-height-default\" data-id=\"54e9ace\" data-element_type=\"section\">\n\t\t\t\t\t\t<div class=\"elementor-container elementor-column-gap-default\">\n\t\t\t\t\t\t\t<div class=\"elementor-row\">\n\t\t\t\t\t<div class=\"elementor-column elementor-col-100 elementor-top-column elementor-element elementor-element-c576df4\" data-id=\"c576df4\" data-element_type=\"column\">\n\t\t\t<div class=\"elementor-column-wrap elementor-element-populated\">\n\t\t\t\t\t\t\t<div class=\"elementor-widget-wrap\">\n\t\t\t\t\t\t<div class=\"elementor-element elementor-element-dd842b9 elementor-widget elementor-widget-text-editor\" data-id=\"dd842b9\" data-element_type=\"widget\" data-widget_type=\"text-editor.default\">\n\t\t\t\t<div class=\"elementor-widget-container\">\n\t\t\t\t\t\t\t\t<div class=\"elementor-text-editor elementor-clearfix\">\n\t\t\t\t<h3><span style=\"font-weight: normal;\"><span style=\"font-size: large;\">A Z\u00f6ld\u00e1g Hagyom\u00e1ny\u0151rz\u0151 Szakk\u00f6r 2012. m\u00e1jus 1-t\u0151l a Szentesi M\u0171vel\u0151d\u00e9si K\u00f6zpont sz\u00e9khely\u00e9n, annak egyik szakk\u00f6rek\u00e9nt m\u0171k\u00f6d\u00f6tt mint a Z\u00f6ld\u00e1g Mozg\u00e1skult\u00fara \u00e9s Sport Egyes\u00fclet ut\u00f3dszervezete. <br><a href=\"http:\/\/zoldagmse.mindenkilapja.hu\/\" target=\"_blank\" rel=\"noopener\">http:\/\/zoldagmse.mindenkilapja.hu\/<\/a><\/span><\/span><\/h3>\n<p><\/p>\n<p>2019. dec. 1-t\u0151l a Szentes, Kiss B\u00e1lint u. 3. sz\u00e1m alatt kapott m\u0171k\u00f6d\u00e9s\u00e9hez helyet a Szentesi Vend\u00e9gszeretet Egyes\u00fclet telephelyek\u00e9nt (pr\u00f3baterem, viselet- \u00e9s, iratt\u00e1r).<br><a href=\"https:\/\/www.zoldagvendegszeretet.hu\/?page_id=548\" target=\"_blank\" rel=\"noopener\">https:\/\/www.zoldagvendegszeretet.hu\/?page_id=548<\/a><br>Foglalkoz\u00e1sok helye: Szentes, Kiss B\u00e1lint u. 3.&nbsp; (A Reform\u00e1tus Nagytemplommal r\u00e9sz\u00fat szemben.)<\/p>\n<p><\/p>\n<h3><span style=\"font-weight: normal;\"><span style=\"font-size: large;\">&nbsp;<\/span><\/span><\/h3>\n<h3><span style=\"font-weight: normal;\"><span style=\"font-size: large;\">&nbsp; Szakk\u00f6rvezet\u0151k: <\/span><\/span><\/h3>\n<h3><span style=\"font-weight: normal;\"><span style=\"font-size: large;\">&#8211;&nbsp;&nbsp; &nbsp;Hank\u00f3 Gy\u00f6rgyn\u00e9 n\u00e9pt\u00e1nc pedag\u00f3gus, tan\u00edt\u00f3, n\u00e9prajzi gy\u0171jt\u0151<\/span><\/span><\/h3>\n<h3><span style=\"font-weight: normal;\"><span style=\"font-size: large;\">&#8211;&nbsp;&nbsp; &nbsp;N\u00e9pzenei munkat\u00e1rs: Balla Tibor Aranyp\u00e1va Nagyd\u00edjas n\u00e9pzen\u00e9sz (teker\u0151, citera)<\/span><\/span><\/h3>\n<h3><span style=\"font-weight: normal;\"><span style=\"font-size: large;\">&nbsp;<\/span><\/span><\/h3>\n<h3><span style=\"font-weight: normal;\"><span style=\"font-size: large;\">Foglalkoz\u00e1sok ideje: h\u00e9tf\u0151, cs\u00fct\u00f6rt\u00f6k 16.30 \u2013 18.30<\/span><\/span><\/h3>\n<div>El\u00e9rhet\u0151s\u00e9gek: Kiss B\u00e1lint u. 3.<br>6600 Szentes, Kossuth Lajos u. 44. B II. 6. <br>telefon: 06 63 783 756<\/div>\n\n<div>&nbsp;<\/div>\n<h3><span style=\"font-weight: normal;\"><span style=\"font-size: large;\">Tev\u00e9kenys\u00e9geink: <br><\/span><\/span><\/h3>\n<h3><span style=\"font-weight: normal;\"><span style=\"font-size: large;\">1.\/ A magyar folkl\u00f3r \u00e1gai pl. <\/span><\/span><\/h3>\n<h3><span style=\"font-weight: normal;\"><span style=\"font-size: large;\">\u00e9nekes n\u00e9pi gyermekj\u00e1t\u00e9kok, n\u00e9pt\u00e1nc, vok\u00e1lis \u00e9s hangszeres n\u00e9pzene, n\u00e9pk\u00f6lt\u00e9szet, t\u00e1rgyalkot\u00f3 n\u00e9pm\u0171v\u00e9szet, egyh\u00e1zi \u00e9s vil\u00e1gi n\u00e9pszok\u00e1sok, szentesi helyt\u00f6rt\u00e9neti \u00e9rt\u00e9kek &#8211; pl. kiemelked\u0151 szem\u00e9lyek, kiskert\u00e9szeti munk\u00e1k, \u00e9letvezet\u00e9si \u00e9s \u00e9lelmez\u00e9si lehet\u0151s\u00e9gek a globaliz\u00e1ci\u00f3 ellens\u00falyoz\u00e1s\u00e1ra stb.- megismertet\u00e9se, elsaj\u00e1t\u00edt\u00e1sa a szakk\u00f6ri foglalkoz\u00e1sokon \u00e9s \u00f6n\u00e1ll\u00f3 anyaggy\u0171jt\u00e9s r\u00e9v\u00e9n is az \u00e9rdekl\u0151d\u0151k r\u00e9sz\u00e9re \u00e9letkori megk\u00f6t\u00e9s n\u00e9lk\u00fcl (5 \u00e9ven fel\u00fcl). <\/span><\/span><\/h3>\n<h3><span style=\"font-weight: normal;\"><span style=\"font-size: large;\">&nbsp;<\/span><\/span><\/h3>\n<h3><span style=\"font-weight: normal;\"><span style=\"font-size: large;\">2.\/ Rendszeres tal\u00e1lkoz\u00e1sainkkor sz\u00e1mos n\u00e9pdalt, n\u00e9pk\u00f6lt\u00e9szeti alkot\u00e1st ismertet\u00fcnk meg (a f\u00e9nym\u00e1solt p\u00e9ld\u00e1nyokat a tagok dosszi\u00e9ban gy\u0171jtik), CD \u00e9s vide\u00f3 felv\u00e9telt hallgattunk, tekintett\u00fcnk meg az adott tematik\u00e1hoz kapcsol\u00f3dva. Ezek alapj\u00e1n t\u00f6rt\u00e9ntek a n\u00e9pt\u00e1nc mot\u00edvumok \u00e9s az azokb\u00f3l k\u00e9sz\u00fclt koreogr\u00e1fi\u00e1k elsaj\u00e1t\u00edt\u00e1sa (d\u00e9l-alf\u00f6ldi, moldvai, kalotaszegi, d\u00e9l-alf\u00f6ldi, szatm\u00e1ri, mez\u0151s\u00e9gi stb.). Citera \u00e9s teker\u0151muzsika oktat\u00e1sa hangszerrel rendelkez\u0151k sz\u00e1m\u00e1ra.<\/span><\/span><\/h3>\n<h3><span style=\"font-weight: normal;\"><span style=\"font-size: large;\">&nbsp;<\/span><\/span><\/h3>\n<h3><span style=\"font-weight: normal;\"><span style=\"font-size: large;\">3.\/ Az elsaj\u00e1t\u00edtott \u00e9s ez \u00e1ltal l\u00e9trehozott \u201e\u00faj\u201d produkci\u00f3val a k\u00f6z\u00f6ns\u00e9g sz\u00e1m\u00e1ra olyan ismeret\u00e1tad\u00e1sok t\u00f6rt\u00e9ntek fell\u00e9p\u00e9sek vagy t\u00e1rgyi dokumentumok r\u00e9v\u00e9n, amelyekkel az el\u0151d\u00f6k kult\u00far\u00e1j\u00e1t tov\u00e1bb \u00f6r\u00f6k\u00edtj\u00fck, a magunk k\u00e9pess\u00e9geit \u00e9s k\u00f6z\u00f6ss\u00e9gi \u00e9let\u00e9t fejlesztj\u00fck. A rendezv\u00e9nyekr\u0151l sz\u00f6vegk\u00f6nyvek \u00e9s digit\u00e1lis fot\u00f3k tan\u00faskodnak.&nbsp;<\/span><\/span><\/h3>\n<h3><span style=\"font-weight: normal;\"><span style=\"font-size: large;\">4.\/ Szakmai partnereink: <br>&#8211; Szentes Kist\u00e9rs\u00e9gi Civil Telev\u00edzi\u00f3z\u00e1s\u00e9rt Alap\u00edtv\u00e1ny<br>&#8211; Szentesi Vend\u00e9gszeretet Egyes\u00fclet<a href=\"https:\/\/www.facebook.com\/Szentesi-Vend%C3%A9gszeretet-Egyes%C3%BClet-493181187384662\/\" target=\"_blank\" rel=\"noopener\">&nbsp; https:\/\/www.facebook.com\/Szentesi-Vend%C3%A9gszeretet-Egyes%C3%BClet-493181187384662\/<\/a><\/span><\/span><\/h3>\n<p><\/p>\n<p>&#8211; Psalmus Humanus M\u0171v\u00e9szet Pedag\u00f3giai Egyes\u00fclet (Budapest)&nbsp; <a href=\"http:\/\/psalmusarts.hu\/\" target=\"_blank\" rel=\"noopener\">http:\/\/psalmusarts.hu\/<\/a><br>&#8211; Havasr\u00e9ti P\u00e1l, Szer\u00e9nyi B\u00e9la, Bartha Z. \u00c1goston (Budapest)<br>&#8211; G\u00e1sp\u00e1r Attila (Zilah, Rom\u00e1nia)<br>&#8211; Savanya Istv\u00e1n zen\u00e9sz, el\u0151ad\u00f3m\u0171v\u00e9sz (Calgary, Kanada)&nbsp; <br>&#8211; Hank\u00f3n\u00e9 Kr\u00e1lik Orsolya<span style=\"font-weight: normal;\"><span style=\"font-size: large;\">&nbsp; <a href=\"https:\/\/www.mosolya.hu\/hordozas\/\">https:\/\/www.mosolya.hu\/hordozas\/<\/a><\/span><\/span><br><span style=\"font-weight: normal;\"><span style=\"font-size: large;\">&nbsp;&nbsp;&nbsp;&nbsp;&nbsp;&nbsp;&nbsp;&nbsp;&nbsp;&nbsp;&nbsp;&nbsp;&nbsp;&nbsp;&nbsp;&nbsp;&nbsp;&nbsp;&nbsp;&nbsp;&nbsp;&nbsp;&nbsp;&nbsp;&nbsp;&nbsp;&nbsp;&nbsp;&nbsp; &nbsp; &nbsp; &nbsp; &nbsp; &nbsp; &nbsp; &nbsp; &nbsp; &nbsp; &nbsp; <a href=\"https:\/\/www.facebook.com\/mosolya.hu\/\" target=\"_blank\" rel=\"noopener\">https:\/\/www.facebook.com\/mosolya.hu\/<\/a><br>&#8211; K\u00e1tai Piroska <\/span><\/span><span style=\"font-size: large;\"><span style=\"font-weight: normal;\">nyelvtan\u00e1r (Budapest) <\/span><\/span><\/p>\n<p><\/p>\n<h3><span style=\"font-weight: normal;\"><span style=\"font-size: large;\"><span style=\"font-weight: normal;\"><span style=\"font-size: large;\"><a href=\"http:\/\/www.szeretetteremuhely.hu\/\" target=\"_blank\" rel=\"noopener\">http:\/\/www.szeretetteremuhely.hu\/<\/a><\/span><\/span><\/span><\/span><\/h3>\n<h3><span style=\"font-size: large;\">&#8211; <span style=\"font-weight: normal;\">V\u00e1rosi Visszhang<\/span><\/span><span style=\"font-weight: normal;\"><span style=\"font-size: large;\">&nbsp; <a href=\"http:\/\/www.varosivisszhang.hu\/\" target=\"_blank\" rel=\"noopener\">http:\/\/www.varosivisszhang.hu\/<\/a><\/span><\/span><\/h3>\n<p><\/p>\n<h3><span style=\"font-size: large;\">&#8211; <span style=\"font-weight: normal;\">Szentes honlap<\/span><\/span><span style=\"font-size: large;\"><span style=\"font-weight: normal;\">&nbsp; <a href=\"http:\/\/www.szentes.hu\/?cat=3\" target=\"_blank\" rel=\"noopener\">http:\/\/www.szentes.hu\/?cat=3<\/a><\/span><\/span><\/h3>\n<h3><span style=\"font-size: large;\"><span style=\"font-weight: normal;\">&#8211; Bartha Z. \u00c1goston n\u00e9pzen\u00e9sz, hangm\u00e9rn\u00f6k (Budapest) <br>&#8211; Bugy\u00e1n\u00e9 Sz\u00e1mel \u00c9va&nbsp; \u0151stermel\u0151, k\u00f6z\u00f6ss\u00e9g\u00e9p\u00edt\u0151 (Szentes) <br>&#8211; Doktor L\u00e1szl\u00f3 n\u00e9pt\u00e1nc pedag\u00f3gus, el\u0151ad\u00f3m\u0171v\u00e9sz (Mak\u00f3)<br>&#8211; Farkas Tam\u00e1s n\u00e9pt\u00e1nc pedag\u00f3gus, n\u00e9prajzi gy\u0171jt\u0151 (B\u00e9k\u00e9scsaba, V\u00e9szt\u0151)<br>&#8211; G\u00e1sp\u00e1r Attila n\u00e9pzen\u00e9sz, zenetan\u00e1r (Zilah, Rom\u00e1nia) <br>&#8211; Havasr\u00e9ti P\u00e1l n\u00e9pzen\u00e9sz, el\u0151ad\u00f3m\u0171v\u00e9sz&nbsp; (P\u00e9cs) <br>&#8211; Kov\u00e1cs M\u00e1rton el\u0151ad\u00f3m\u0171v\u00e9sz, zenetan\u00e1r,&nbsp; (Budapest)<br>&#8211; M\u00e9sz\u00e1ros G\u00e1bor zenetan\u00e1r, el\u0151ad\u00f3m\u0171v\u00e9sz (Budapest) <br>&#8211; Szer\u00e9nyi B\u00e9la hangszerk\u00e9sz\u00edt\u0151, n\u00e9pzen\u00e9sz&nbsp; (Budapest) <br>&#8211; Tam\u00e1skovits Gyula hangm\u00e9rn\u00f6k, asztrol\u00f3gus&nbsp; (Szentes)<br>&#8211; Viola Istv\u00e1n (operat\u0151r)<br><\/span><\/span><\/h3>\t\t\t\t\t<\/div>\n\t\t\t\t\t\t<\/div>\n\t\t\t\t<\/div>\n\t\t\t\t\t\t<\/div>\n\t\t\t\t\t<\/div>\n\t\t<\/div>\n\t\t\t\t\t\t\t\t<\/div>\n\t\t\t\t\t<\/div>\n\t\t<\/section>\n\t\t\t\t<section class=\"elementor-section elementor-top-section elementor-element elementor-element-828243b elementor-section-boxed elementor-section-height-default elementor-section-height-default\" data-id=\"828243b\" data-element_type=\"section\">\n\t\t\t\t\t\t<div class=\"elementor-container elementor-column-gap-default\">\n\t\t\t\t\t\t\t<div class=\"elementor-row\">\n\t\t\t\t\t<div class=\"elementor-column elementor-col-100 elementor-top-column elementor-element elementor-element-604dcfd\" data-id=\"604dcfd\" data-element_type=\"column\">\n\t\t\t<div class=\"elementor-column-wrap elementor-element-populated\">\n\t\t\t\t\t\t\t<div class=\"elementor-widget-wrap\">\n\t\t\t\t\t\t<div class=\"elementor-element elementor-element-bf790e6 elementor-widget elementor-widget-spacer\" data-id=\"bf790e6\" data-element_type=\"widget\" data-widget_type=\"spacer.default\">\n\t\t\t\t<div class=\"elementor-widget-container\">\n\t\t\t\t\t<div class=\"elementor-spacer\">\n\t\t\t<div class=\"elementor-spacer-inner\"><\/div>\n\t\t<\/div>\n\t\t\t\t<\/div>\n\t\t\t\t<\/div>\n\t\t\t\t\t\t<\/div>\n\t\t\t\t\t<\/div>\n\t\t<\/div>\n\t\t\t\t\t\t\t\t<\/div>\n\t\t\t\t\t<\/div>\n\t\t<\/section>\n\t\t\t\t<section class=\"elementor-section elementor-top-section elementor-element elementor-element-7131a57 elementor-section-boxed elementor-section-height-default elementor-section-height-default\" data-id=\"7131a57\" data-element_type=\"section\">\n\t\t\t\t\t\t<div class=\"elementor-container elementor-column-gap-default\">\n\t\t\t\t\t\t\t<div class=\"elementor-row\">\n\t\t\t\t\t<div class=\"elementor-column elementor-col-100 elementor-top-column elementor-element elementor-element-5a4c023\" data-id=\"5a4c023\" data-element_type=\"column\">\n\t\t\t<div class=\"elementor-column-wrap elementor-element-populated\">\n\t\t\t\t\t\t\t<div class=\"elementor-widget-wrap\">\n\t\t\t\t\t\t<div class=\"elementor-element elementor-element-32d0577 elementor-widget elementor-widget-text-editor\" data-id=\"32d0577\" data-element_type=\"widget\" data-widget_type=\"text-editor.default\">\n\t\t\t\t<div class=\"elementor-widget-container\">\n\t\t\t\t\t\t\t\t<div class=\"elementor-text-editor elementor-clearfix\">\n\t\t\t\t<p>Balla Tibor citer\u00e1s \u00e9s teker\u0151s n\u00e9pzen\u00e9sz is bemutat\u00e1sra ker\u00fclt a V\u00c1ROST\u00d6RT\u00c9NETI \u00c9S N\u00c9PRAJZITANULM\u00c1NYOK 21 c\u00edm\u0171 k\u00f6tetben, mely 2021. m\u00e1jusban jelent meg nyomtat\u00e1sban a HUNG-2020 P\u00c1LY\u00c1ZAT t\u00e1mogat\u00e1s\u00e1val Kunszentm\u00e1rton \u00c9rt\u00e9kt\u00e1ra\u00a0 bemutat\u00e1sak\u00e9nt Barna G\u00e1bor szerkeszt\u00e9s\u00e9ben.<\/p>\t\t\t\t\t<\/div>\n\t\t\t\t\t\t<\/div>\n\t\t\t\t<\/div>\n\t\t\t\t\t\t<\/div>\n\t\t\t\t\t<\/div>\n\t\t<\/div>\n\t\t\t\t\t\t\t\t<\/div>\n\t\t\t\t\t<\/div>\n\t\t<\/section>\n\t\t\t\t<section class=\"elementor-section elementor-top-section elementor-element elementor-element-4dca000 elementor-section-boxed elementor-section-height-default elementor-section-height-default\" data-id=\"4dca000\" data-element_type=\"section\">\n\t\t\t\t\t\t<div class=\"elementor-container elementor-column-gap-default\">\n\t\t\t\t\t\t\t<div class=\"elementor-row\">\n\t\t\t\t\t<div class=\"elementor-column elementor-col-100 elementor-top-column elementor-element elementor-element-0f64870\" data-id=\"0f64870\" data-element_type=\"column\">\n\t\t\t<div class=\"elementor-column-wrap elementor-element-populated\">\n\t\t\t\t\t\t\t<div class=\"elementor-widget-wrap\">\n\t\t\t\t\t\t<div class=\"elementor-element elementor-element-b9c7d21 elementor-widget elementor-widget-image\" data-id=\"b9c7d21\" data-element_type=\"widget\" data-widget_type=\"image.default\">\n\t\t\t\t<div class=\"elementor-widget-container\">\n\t\t\t\t\t\t\t\t<div class=\"elementor-image\">\n\t\t\t\t\t\t\t\t\t\t\t\t<img width=\"700\" height=\"974\" src=\"https:\/\/www.zoldagvendegszeretet.hu\/wp-content\/uploads\/2021\/05\/Oroksegunk_cimlap_vagva-736x1024.jpg\" class=\"attachment-large size-large\" alt=\"\" loading=\"lazy\" srcset=\"https:\/\/www.zoldagvendegszeretet.hu\/wp-content\/uploads\/2021\/05\/Oroksegunk_cimlap_vagva-736x1024.jpg 736w, https:\/\/www.zoldagvendegszeretet.hu\/wp-content\/uploads\/2021\/05\/Oroksegunk_cimlap_vagva-216x300.jpg 216w, https:\/\/www.zoldagvendegszeretet.hu\/wp-content\/uploads\/2021\/05\/Oroksegunk_cimlap_vagva-768x1068.jpg 768w, https:\/\/www.zoldagvendegszeretet.hu\/wp-content\/uploads\/2021\/05\/Oroksegunk_cimlap_vagva-1104x1536.jpg 1104w, https:\/\/www.zoldagvendegszeretet.hu\/wp-content\/uploads\/2021\/05\/Oroksegunk_cimlap_vagva-1472x2048.jpg 1472w, https:\/\/www.zoldagvendegszeretet.hu\/wp-content\/uploads\/2021\/05\/Oroksegunk_cimlap_vagva.jpg 1617w\" sizes=\"(max-width: 700px) 100vw, 700px\" \/>\t\t\t\t\t\t\t\t\t\t\t\t\t\t<\/div>\n\t\t\t\t\t\t<\/div>\n\t\t\t\t<\/div>\n\t\t\t\t\t\t<\/div>\n\t\t\t\t\t<\/div>\n\t\t<\/div>\n\t\t\t\t\t\t\t\t<\/div>\n\t\t\t\t\t<\/div>\n\t\t<\/section>\n\t\t\t\t<section class=\"elementor-section elementor-top-section elementor-element elementor-element-36ccb2f elementor-section-boxed elementor-section-height-default elementor-section-height-default\" data-id=\"36ccb2f\" data-element_type=\"section\">\n\t\t\t\t\t\t<div class=\"elementor-container elementor-column-gap-default\">\n\t\t\t\t\t\t\t<div class=\"elementor-row\">\n\t\t\t\t\t<div class=\"elementor-column elementor-col-100 elementor-top-column elementor-element elementor-element-9fb7a39\" data-id=\"9fb7a39\" data-element_type=\"column\">\n\t\t\t<div class=\"elementor-column-wrap elementor-element-populated\">\n\t\t\t\t\t\t\t<div class=\"elementor-widget-wrap\">\n\t\t\t\t\t\t<div class=\"elementor-element elementor-element-eb18bcb elementor-widget elementor-widget-image\" data-id=\"eb18bcb\" data-element_type=\"widget\" data-widget_type=\"image.default\">\n\t\t\t\t<div class=\"elementor-widget-container\">\n\t\t\t\t\t\t\t\t<div class=\"elementor-image\">\n\t\t\t\t\t\t\t\t\t\t\t\t<img width=\"700\" height=\"974\" src=\"https:\/\/www.zoldagvendegszeretet.hu\/wp-content\/uploads\/2021\/05\/Oroksegunk_tartalom_vagva-736x1024.jpg\" class=\"attachment-large size-large\" alt=\"\" loading=\"lazy\" srcset=\"https:\/\/www.zoldagvendegszeretet.hu\/wp-content\/uploads\/2021\/05\/Oroksegunk_tartalom_vagva-736x1024.jpg 736w, https:\/\/www.zoldagvendegszeretet.hu\/wp-content\/uploads\/2021\/05\/Oroksegunk_tartalom_vagva-216x300.jpg 216w, https:\/\/www.zoldagvendegszeretet.hu\/wp-content\/uploads\/2021\/05\/Oroksegunk_tartalom_vagva-768x1068.jpg 768w, https:\/\/www.zoldagvendegszeretet.hu\/wp-content\/uploads\/2021\/05\/Oroksegunk_tartalom_vagva-1104x1536.jpg 1104w, https:\/\/www.zoldagvendegszeretet.hu\/wp-content\/uploads\/2021\/05\/Oroksegunk_tartalom_vagva.jpg 1473w\" sizes=\"(max-width: 700px) 100vw, 700px\" \/>\t\t\t\t\t\t\t\t\t\t\t\t\t\t<\/div>\n\t\t\t\t\t\t<\/div>\n\t\t\t\t<\/div>\n\t\t\t\t\t\t<\/div>\n\t\t\t\t\t<\/div>\n\t\t<\/div>\n\t\t\t\t\t\t\t\t<\/div>\n\t\t\t\t\t<\/div>\n\t\t<\/section>\n\t\t\t\t<section class=\"elementor-section elementor-top-section elementor-element elementor-element-4e73051 elementor-section-boxed elementor-section-height-default elementor-section-height-default\" data-id=\"4e73051\" data-element_type=\"section\">\n\t\t\t\t\t\t<div class=\"elementor-container elementor-column-gap-default\">\n\t\t\t\t\t\t\t<div class=\"elementor-row\">\n\t\t\t\t\t<div class=\"elementor-column elementor-col-100 elementor-top-column elementor-element elementor-element-fb2bdd9\" data-id=\"fb2bdd9\" data-element_type=\"column\">\n\t\t\t<div class=\"elementor-column-wrap elementor-element-populated\">\n\t\t\t\t\t\t\t<div class=\"elementor-widget-wrap\">\n\t\t\t\t\t\t<div class=\"elementor-element elementor-element-2770e11 elementor-widget elementor-widget-image\" data-id=\"2770e11\" data-element_type=\"widget\" data-widget_type=\"image.default\">\n\t\t\t\t<div class=\"elementor-widget-container\">\n\t\t\t\t\t\t\t\t<div class=\"elementor-image\">\n\t\t\t\t\t\t\t\t\t\t\t\t<img width=\"700\" height=\"998\" src=\"https:\/\/www.zoldagvendegszeretet.hu\/wp-content\/uploads\/2021\/05\/Oroksegunk_Balla-Tibor_vagva-718x1024.jpg\" class=\"attachment-large size-large\" alt=\"\" loading=\"lazy\" srcset=\"https:\/\/www.zoldagvendegszeretet.hu\/wp-content\/uploads\/2021\/05\/Oroksegunk_Balla-Tibor_vagva-718x1024.jpg 718w, https:\/\/www.zoldagvendegszeretet.hu\/wp-content\/uploads\/2021\/05\/Oroksegunk_Balla-Tibor_vagva-210x300.jpg 210w, https:\/\/www.zoldagvendegszeretet.hu\/wp-content\/uploads\/2021\/05\/Oroksegunk_Balla-Tibor_vagva-768x1096.jpg 768w, https:\/\/www.zoldagvendegszeretet.hu\/wp-content\/uploads\/2021\/05\/Oroksegunk_Balla-Tibor_vagva-1076x1536.jpg 1076w, https:\/\/www.zoldagvendegszeretet.hu\/wp-content\/uploads\/2021\/05\/Oroksegunk_Balla-Tibor_vagva-1435x2048.jpg 1435w, https:\/\/www.zoldagvendegszeretet.hu\/wp-content\/uploads\/2021\/05\/Oroksegunk_Balla-Tibor_vagva.jpg 1489w\" sizes=\"(max-width: 700px) 100vw, 700px\" \/>\t\t\t\t\t\t\t\t\t\t\t\t\t\t<\/div>\n\t\t\t\t\t\t<\/div>\n\t\t\t\t<\/div>\n\t\t\t\t\t\t<\/div>\n\t\t\t\t\t<\/div>\n\t\t<\/div>\n\t\t\t\t\t\t\t\t<\/div>\n\t\t\t\t\t<\/div>\n\t\t<\/section>\n\t\t\t\t<section class=\"elementor-section elementor-top-section elementor-element elementor-element-55bcddd elementor-section-boxed elementor-section-height-default elementor-section-height-default\" data-id=\"55bcddd\" data-element_type=\"section\">\n\t\t\t\t\t\t<div class=\"elementor-container elementor-column-gap-default\">\n\t\t\t\t\t\t\t<div class=\"elementor-row\">\n\t\t\t\t\t<div class=\"elementor-column elementor-col-100 elementor-top-column elementor-element elementor-element-5211b09\" data-id=\"5211b09\" data-element_type=\"column\">\n\t\t\t<div class=\"elementor-column-wrap elementor-element-populated\">\n\t\t\t\t\t\t\t<div class=\"elementor-widget-wrap\">\n\t\t\t\t\t\t<div class=\"elementor-element elementor-element-9237a0f elementor-widget elementor-widget-image\" data-id=\"9237a0f\" data-element_type=\"widget\" data-widget_type=\"image.default\">\n\t\t\t\t<div class=\"elementor-widget-container\">\n\t\t\t\t\t\t\t\t<div class=\"elementor-image\">\n\t\t\t\t\t\t\t\t\t\t\t\t<img width=\"700\" height=\"1011\" src=\"https:\/\/www.zoldagvendegszeretet.hu\/wp-content\/uploads\/2021\/05\/Oroksegunk-_-citeraval_vagva-709x1024.jpg\" class=\"attachment-large size-large\" alt=\"\" loading=\"lazy\" srcset=\"https:\/\/www.zoldagvendegszeretet.hu\/wp-content\/uploads\/2021\/05\/Oroksegunk-_-citeraval_vagva-709x1024.jpg 709w, https:\/\/www.zoldagvendegszeretet.hu\/wp-content\/uploads\/2021\/05\/Oroksegunk-_-citeraval_vagva-208x300.jpg 208w, https:\/\/www.zoldagvendegszeretet.hu\/wp-content\/uploads\/2021\/05\/Oroksegunk-_-citeraval_vagva-768x1110.jpg 768w, https:\/\/www.zoldagvendegszeretet.hu\/wp-content\/uploads\/2021\/05\/Oroksegunk-_-citeraval_vagva-1063x1536.jpg 1063w, https:\/\/www.zoldagvendegszeretet.hu\/wp-content\/uploads\/2021\/05\/Oroksegunk-_-citeraval_vagva-1417x2048.jpg 1417w, https:\/\/www.zoldagvendegszeretet.hu\/wp-content\/uploads\/2021\/05\/Oroksegunk-_-citeraval_vagva.jpg 1429w\" sizes=\"(max-width: 700px) 100vw, 700px\" \/>\t\t\t\t\t\t\t\t\t\t\t\t\t\t<\/div>\n\t\t\t\t\t\t<\/div>\n\t\t\t\t<\/div>\n\t\t\t\t\t\t<\/div>\n\t\t\t\t\t<\/div>\n\t\t<\/div>\n\t\t\t\t\t\t\t\t<\/div>\n\t\t\t\t\t<\/div>\n\t\t<\/section>\n\t\t\t\t<section class=\"elementor-section elementor-top-section elementor-element elementor-element-fe1730e elementor-section-boxed elementor-section-height-default elementor-section-height-default\" data-id=\"fe1730e\" data-element_type=\"section\">\n\t\t\t\t\t\t<div class=\"elementor-container elementor-column-gap-default\">\n\t\t\t\t\t\t\t<div class=\"elementor-row\">\n\t\t\t\t\t<div class=\"elementor-column elementor-col-100 elementor-top-column elementor-element elementor-element-96a8ebe\" data-id=\"96a8ebe\" data-element_type=\"column\">\n\t\t\t<div class=\"elementor-column-wrap elementor-element-populated\">\n\t\t\t\t\t\t\t<div class=\"elementor-widget-wrap\">\n\t\t\t\t\t\t<div class=\"elementor-element elementor-element-27d0f8f elementor-widget elementor-widget-image\" data-id=\"27d0f8f\" data-element_type=\"widget\" data-widget_type=\"image.default\">\n\t\t\t\t<div class=\"elementor-widget-container\">\n\t\t\t\t\t\t\t\t<div class=\"elementor-image\">\n\t\t\t\t\t\t\t\t\t\t\t\t<img width=\"700\" height=\"639\" src=\"https:\/\/www.zoldagvendegszeretet.hu\/wp-content\/uploads\/2021\/05\/Oroksegunk_cd-tartalom_vagva-1024x935.jpg\" class=\"attachment-large size-large\" alt=\"\" loading=\"lazy\" srcset=\"https:\/\/www.zoldagvendegszeretet.hu\/wp-content\/uploads\/2021\/05\/Oroksegunk_cd-tartalom_vagva-1024x935.jpg 1024w, https:\/\/www.zoldagvendegszeretet.hu\/wp-content\/uploads\/2021\/05\/Oroksegunk_cd-tartalom_vagva-300x274.jpg 300w, https:\/\/www.zoldagvendegszeretet.hu\/wp-content\/uploads\/2021\/05\/Oroksegunk_cd-tartalom_vagva-768x701.jpg 768w, https:\/\/www.zoldagvendegszeretet.hu\/wp-content\/uploads\/2021\/05\/Oroksegunk_cd-tartalom_vagva.jpg 1197w\" sizes=\"(max-width: 700px) 100vw, 700px\" \/>\t\t\t\t\t\t\t\t\t\t\t\t\t\t<\/div>\n\t\t\t\t\t\t<\/div>\n\t\t\t\t<\/div>\n\t\t\t\t\t\t<\/div>\n\t\t\t\t\t<\/div>\n\t\t<\/div>\n\t\t\t\t\t\t\t\t<\/div>\n\t\t\t\t\t<\/div>\n\t\t<\/section>\n\t\t\t\t\t\t<\/div>\n\t\t\t\t\t\t<\/div>\n\t\t\t\t\t<\/div>\n\t\t","protected":false},"excerpt":{"rendered":"<p>A Z\u00f6ld\u00e1g Hagyom\u00e1ny\u0151rz\u0151 Szakk\u00f6r 2012. m\u00e1jus 1-t\u0151l a Szentesi M\u0171vel\u0151d\u00e9si K\u00f6zpont sz\u00e9khely\u00e9n, annak egyik szakk\u00f6rek\u00e9nt m\u0171k\u00f6d\u00f6tt mint a Z\u00f6ld\u00e1g Mozg\u00e1skult\u00fara \u00e9s Sport Egyes\u00fclet ut\u00f3dszervezete. http:\/\/zoldagmse.mindenkilapja.hu\/ 2019. dec. 1-t\u0151l a Szentes, Kiss B\u00e1lint u. 3. sz\u00e1m alatt kapott m\u0171k\u00f6d\u00e9s\u00e9hez helyet a&hellip; <\/p>\n","protected":false},"author":1,"featured_media":0,"parent":0,"menu_order":0,"comment_status":"closed","ping_status":"closed","template":"","meta":[],"_links":{"self":[{"href":"https:\/\/www.zoldagvendegszeretet.hu\/index.php?rest_route=\/wp\/v2\/pages\/548"}],"collection":[{"href":"https:\/\/www.zoldagvendegszeretet.hu\/index.php?rest_route=\/wp\/v2\/pages"}],"about":[{"href":"https:\/\/www.zoldagvendegszeretet.hu\/index.php?rest_route=\/wp\/v2\/types\/page"}],"author":[{"embeddable":true,"href":"https:\/\/www.zoldagvendegszeretet.hu\/index.php?rest_route=\/wp\/v2\/users\/1"}],"replies":[{"embeddable":true,"href":"https:\/\/www.zoldagvendegszeretet.hu\/index.php?rest_route=%2Fwp%2Fv2%2Fcomments&post=548"}],"version-history":[{"count":24,"href":"https:\/\/www.zoldagvendegszeretet.hu\/index.php?rest_route=\/wp\/v2\/pages\/548\/revisions"}],"predecessor-version":[{"id":4882,"href":"https:\/\/www.zoldagvendegszeretet.hu\/index.php?rest_route=\/wp\/v2\/pages\/548\/revisions\/4882"}],"wp:attachment":[{"href":"https:\/\/www.zoldagvendegszeretet.hu\/index.php?rest_route=%2Fwp%2Fv2%2Fmedia&parent=548"}],"curies":[{"name":"wp","href":"https:\/\/api.w.org\/{rel}","templated":true}]}}