{"id":3685,"date":"2022-06-13T07:08:42","date_gmt":"2022-06-13T07:08:42","guid":{"rendered":"https:\/\/www.zoldagvendegszeretet.hu\/?page_id=3685"},"modified":"2022-06-13T11:31:25","modified_gmt":"2022-06-13T11:31:25","slug":"kodaly-es-trianon-ne-bantsd-a-magyart","status":"publish","type":"page","link":"https:\/\/www.zoldagvendegszeretet.hu\/?page_id=3685","title":{"rendered":"Kod\u00e1ly \u00e9s Trianon: &#8222;Ne b\u00e1ntsd a magyart!&#8221;"},"content":{"rendered":"\t\t<div data-elementor-type=\"wp-page\" data-elementor-id=\"3685\" class=\"elementor elementor-3685\" data-elementor-settings=\"[]\">\n\t\t\t\t\t\t<div class=\"elementor-inner\">\n\t\t\t\t\t\t\t<div class=\"elementor-section-wrap\">\n\t\t\t\t\t\t\t<section class=\"elementor-section elementor-top-section elementor-element elementor-element-bcff4a7 elementor-section-boxed elementor-section-height-default elementor-section-height-default\" data-id=\"bcff4a7\" data-element_type=\"section\">\n\t\t\t\t\t\t<div class=\"elementor-container elementor-column-gap-default\">\n\t\t\t\t\t\t\t<div class=\"elementor-row\">\n\t\t\t\t\t<div class=\"elementor-column elementor-col-100 elementor-top-column elementor-element elementor-element-30ef636\" data-id=\"30ef636\" data-element_type=\"column\">\n\t\t\t<div class=\"elementor-column-wrap elementor-element-populated\">\n\t\t\t\t\t\t\t<div class=\"elementor-widget-wrap\">\n\t\t\t\t\t\t<div class=\"elementor-element elementor-element-3791692 elementor-widget elementor-widget-text-editor\" data-id=\"3791692\" data-element_type=\"widget\" data-widget_type=\"text-editor.default\">\n\t\t\t\t<div class=\"elementor-widget-container\">\n\t\t\t\t\t\t\t\t<div class=\"elementor-text-editor elementor-clearfix\">\n\t\t\t\t<p>c\u00edm\u0171 \u00edr\u00e1sa olvashat\u00f3 \u00a0<br \/>Dr. T\u00f3thp\u00e1l J\u00f3zsef (CSc, m\u0171vel\u0151d\u00e9sfiloz\u00f3fus, cimzetes f\u0151iskolai tan\u00e1r, a MTA k\u00f6ztest\u00fcleti tagja, a Nemzeti Filharm\u00f3nia ny. igazgat\u00f3ja, Budapest). <br \/>Forr\u00e1s: VAL\u00d3S\u00c1G \/ 2020. 12. sz\u00e1m, 65-70. old.<\/p>\t\t\t\t\t<\/div>\n\t\t\t\t\t\t<\/div>\n\t\t\t\t<\/div>\n\t\t\t\t\t\t<\/div>\n\t\t\t\t\t<\/div>\n\t\t<\/div>\n\t\t\t\t\t\t\t\t<\/div>\n\t\t\t\t\t<\/div>\n\t\t<\/section>\n\t\t\t\t<section class=\"elementor-section elementor-top-section elementor-element elementor-element-bf88f6e elementor-section-boxed elementor-section-height-default elementor-section-height-default\" data-id=\"bf88f6e\" data-element_type=\"section\">\n\t\t\t\t\t\t<div class=\"elementor-container elementor-column-gap-default\">\n\t\t\t\t\t\t\t<div class=\"elementor-row\">\n\t\t\t\t\t<div class=\"elementor-column elementor-col-100 elementor-top-column elementor-element elementor-element-0a40f50\" data-id=\"0a40f50\" data-element_type=\"column\">\n\t\t\t<div class=\"elementor-column-wrap elementor-element-populated\">\n\t\t\t\t\t\t\t<div class=\"elementor-widget-wrap\">\n\t\t\t\t\t\t<div class=\"elementor-element elementor-element-466a2e9 elementor-widget elementor-widget-image\" data-id=\"466a2e9\" data-element_type=\"widget\" data-widget_type=\"image.default\">\n\t\t\t\t<div class=\"elementor-widget-container\">\n\t\t\t\t\t\t\t\t<div class=\"elementor-image\">\n\t\t\t\t\t\t\t\t\t\t\t\t\t<a href=\"https:\/\/www.zoldagvendegszeretet.hu\/wp-content\/uploads\/2022\/06\/1919-elotti-Magyarorszag-rotated.jpg\" data-elementor-open-lightbox=\"no\">\n\t\t\t\t\t\t\t<img width=\"700\" height=\"509\" src=\"https:\/\/www.zoldagvendegszeretet.hu\/wp-content\/uploads\/2022\/06\/1919-elotti-Magyarorszag-1024x745.jpg\" class=\"attachment-large size-large\" alt=\"\" loading=\"lazy\" srcset=\"https:\/\/www.zoldagvendegszeretet.hu\/wp-content\/uploads\/2022\/06\/1919-elotti-Magyarorszag-1024x745.jpg 1024w, https:\/\/www.zoldagvendegszeretet.hu\/wp-content\/uploads\/2022\/06\/1919-elotti-Magyarorszag-300x218.jpg 300w, https:\/\/www.zoldagvendegszeretet.hu\/wp-content\/uploads\/2022\/06\/1919-elotti-Magyarorszag-768x558.jpg 768w, https:\/\/www.zoldagvendegszeretet.hu\/wp-content\/uploads\/2022\/06\/1919-elotti-Magyarorszag-1536x1117.jpg 1536w, https:\/\/www.zoldagvendegszeretet.hu\/wp-content\/uploads\/2022\/06\/1919-elotti-Magyarorszag-2048x1489.jpg 2048w\" sizes=\"(max-width: 700px) 100vw, 700px\" \/>\t\t\t\t\t\t\t\t<\/a>\n\t\t\t\t\t\t\t\t\t\t\t\t\t\t<\/div>\n\t\t\t\t\t\t<\/div>\n\t\t\t\t<\/div>\n\t\t\t\t\t\t<\/div>\n\t\t\t\t\t<\/div>\n\t\t<\/div>\n\t\t\t\t\t\t\t\t<\/div>\n\t\t\t\t\t<\/div>\n\t\t<\/section>\n\t\t\t\t<section class=\"elementor-section elementor-top-section elementor-element elementor-element-162094d elementor-section-boxed elementor-section-height-default elementor-section-height-default\" data-id=\"162094d\" data-element_type=\"section\">\n\t\t\t\t\t\t<div class=\"elementor-container elementor-column-gap-default\">\n\t\t\t\t\t\t\t<div class=\"elementor-row\">\n\t\t\t\t\t<div class=\"elementor-column elementor-col-100 elementor-top-column elementor-element elementor-element-3eb0681\" data-id=\"3eb0681\" data-element_type=\"column\">\n\t\t\t<div class=\"elementor-column-wrap elementor-element-populated\">\n\t\t\t\t\t\t\t<div class=\"elementor-widget-wrap\">\n\t\t\t\t\t\t<div class=\"elementor-element elementor-element-8d6b584 elementor-widget elementor-widget-image\" data-id=\"8d6b584\" data-element_type=\"widget\" data-widget_type=\"image.default\">\n\t\t\t\t<div class=\"elementor-widget-container\">\n\t\t\t\t\t\t\t\t<div class=\"elementor-image\">\n\t\t\t\t\t\t\t\t\t\t\t\t\t<a href=\"https:\/\/www.zoldagvendegszeretet.hu\/wp-content\/uploads\/2022\/06\/K_Z_Tri_1_vagva-1.jpg\" data-elementor-open-lightbox=\"no\">\n\t\t\t\t\t\t\t<img width=\"655\" height=\"1024\" src=\"https:\/\/www.zoldagvendegszeretet.hu\/wp-content\/uploads\/2022\/06\/K_Z_Tri_1_vagva-1-655x1024.jpg\" class=\"attachment-large size-large\" alt=\"\" loading=\"lazy\" srcset=\"https:\/\/www.zoldagvendegszeretet.hu\/wp-content\/uploads\/2022\/06\/K_Z_Tri_1_vagva-1-655x1024.jpg 655w, https:\/\/www.zoldagvendegszeretet.hu\/wp-content\/uploads\/2022\/06\/K_Z_Tri_1_vagva-1-192x300.jpg 192w, https:\/\/www.zoldagvendegszeretet.hu\/wp-content\/uploads\/2022\/06\/K_Z_Tri_1_vagva-1-768x1200.jpg 768w, https:\/\/www.zoldagvendegszeretet.hu\/wp-content\/uploads\/2022\/06\/K_Z_Tri_1_vagva-1-983x1536.jpg 983w, https:\/\/www.zoldagvendegszeretet.hu\/wp-content\/uploads\/2022\/06\/K_Z_Tri_1_vagva-1.jpg 1073w\" sizes=\"(max-width: 655px) 100vw, 655px\" \/>\t\t\t\t\t\t\t\t<\/a>\n\t\t\t\t\t\t\t\t\t\t\t\t\t\t<\/div>\n\t\t\t\t\t\t<\/div>\n\t\t\t\t<\/div>\n\t\t\t\t\t\t<\/div>\n\t\t\t\t\t<\/div>\n\t\t<\/div>\n\t\t\t\t\t\t\t\t<\/div>\n\t\t\t\t\t<\/div>\n\t\t<\/section>\n\t\t\t\t<section class=\"elementor-section elementor-top-section elementor-element elementor-element-9914a63 elementor-section-boxed elementor-section-height-default elementor-section-height-default\" data-id=\"9914a63\" data-element_type=\"section\">\n\t\t\t\t\t\t<div class=\"elementor-container elementor-column-gap-default\">\n\t\t\t\t\t\t\t<div class=\"elementor-row\">\n\t\t\t\t\t<div class=\"elementor-column elementor-col-100 elementor-top-column elementor-element elementor-element-6223767\" data-id=\"6223767\" data-element_type=\"column\">\n\t\t\t<div class=\"elementor-column-wrap elementor-element-populated\">\n\t\t\t\t\t\t\t<div class=\"elementor-widget-wrap\">\n\t\t\t\t\t\t<div class=\"elementor-element elementor-element-cb764ce elementor-widget elementor-widget-image\" data-id=\"cb764ce\" data-element_type=\"widget\" data-widget_type=\"image.default\">\n\t\t\t\t<div class=\"elementor-widget-container\">\n\t\t\t\t\t\t\t\t<div class=\"elementor-image\">\n\t\t\t\t\t\t\t\t\t\t\t\t\t<a href=\"https:\/\/www.zoldagvendegszeretet.hu\/wp-content\/uploads\/2022\/06\/Ko_TRi_66-old_vagva.jpg\" data-elementor-open-lightbox=\"no\">\n\t\t\t\t\t\t\t<img width=\"690\" height=\"1024\" src=\"https:\/\/www.zoldagvendegszeretet.hu\/wp-content\/uploads\/2022\/06\/Ko_TRi_66-old_vagva-690x1024.jpg\" class=\"attachment-large size-large\" alt=\"\" loading=\"lazy\" srcset=\"https:\/\/www.zoldagvendegszeretet.hu\/wp-content\/uploads\/2022\/06\/Ko_TRi_66-old_vagva-690x1024.jpg 690w, https:\/\/www.zoldagvendegszeretet.hu\/wp-content\/uploads\/2022\/06\/Ko_TRi_66-old_vagva-202x300.jpg 202w, https:\/\/www.zoldagvendegszeretet.hu\/wp-content\/uploads\/2022\/06\/Ko_TRi_66-old_vagva-768x1140.jpg 768w, https:\/\/www.zoldagvendegszeretet.hu\/wp-content\/uploads\/2022\/06\/Ko_TRi_66-old_vagva-1035x1536.jpg 1035w, https:\/\/www.zoldagvendegszeretet.hu\/wp-content\/uploads\/2022\/06\/Ko_TRi_66-old_vagva.jpg 1157w\" sizes=\"(max-width: 690px) 100vw, 690px\" \/>\t\t\t\t\t\t\t\t<\/a>\n\t\t\t\t\t\t\t\t\t\t\t\t\t\t<\/div>\n\t\t\t\t\t\t<\/div>\n\t\t\t\t<\/div>\n\t\t\t\t\t\t<\/div>\n\t\t\t\t\t<\/div>\n\t\t<\/div>\n\t\t\t\t\t\t\t\t<\/div>\n\t\t\t\t\t<\/div>\n\t\t<\/section>\n\t\t\t\t<section class=\"elementor-section elementor-top-section elementor-element elementor-element-4e182fc elementor-section-boxed elementor-section-height-default elementor-section-height-default\" data-id=\"4e182fc\" data-element_type=\"section\">\n\t\t\t\t\t\t<div class=\"elementor-container elementor-column-gap-default\">\n\t\t\t\t\t\t\t<div class=\"elementor-row\">\n\t\t\t\t\t<div class=\"elementor-column elementor-col-100 elementor-top-column elementor-element elementor-element-d48f3cf\" data-id=\"d48f3cf\" data-element_type=\"column\">\n\t\t\t<div class=\"elementor-column-wrap elementor-element-populated\">\n\t\t\t\t\t\t\t<div class=\"elementor-widget-wrap\">\n\t\t\t\t\t\t<div class=\"elementor-element elementor-element-d49a6a0 elementor-widget elementor-widget-image\" data-id=\"d49a6a0\" data-element_type=\"widget\" data-widget_type=\"image.default\">\n\t\t\t\t<div class=\"elementor-widget-container\">\n\t\t\t\t\t\t\t\t<div class=\"elementor-image\">\n\t\t\t\t\t\t\t\t\t\t\t\t\t<a href=\"https:\/\/www.zoldagvendegszeretet.hu\/wp-content\/uploads\/2022\/06\/K_Z_Tri_3_vagva.jpg\" data-elementor-open-lightbox=\"no\">\n\t\t\t\t\t\t\t<img width=\"640\" height=\"1024\" src=\"https:\/\/www.zoldagvendegszeretet.hu\/wp-content\/uploads\/2022\/06\/K_Z_Tri_3_vagva-640x1024.jpg\" class=\"attachment-large size-large\" alt=\"\" loading=\"lazy\" srcset=\"https:\/\/www.zoldagvendegszeretet.hu\/wp-content\/uploads\/2022\/06\/K_Z_Tri_3_vagva-640x1024.jpg 640w, https:\/\/www.zoldagvendegszeretet.hu\/wp-content\/uploads\/2022\/06\/K_Z_Tri_3_vagva-187x300.jpg 187w, https:\/\/www.zoldagvendegszeretet.hu\/wp-content\/uploads\/2022\/06\/K_Z_Tri_3_vagva-768x1229.jpg 768w, https:\/\/www.zoldagvendegszeretet.hu\/wp-content\/uploads\/2022\/06\/K_Z_Tri_3_vagva-960x1536.jpg 960w, https:\/\/www.zoldagvendegszeretet.hu\/wp-content\/uploads\/2022\/06\/K_Z_Tri_3_vagva.jpg 1073w\" sizes=\"(max-width: 640px) 100vw, 640px\" \/>\t\t\t\t\t\t\t\t<\/a>\n\t\t\t\t\t\t\t\t\t\t\t\t\t\t<\/div>\n\t\t\t\t\t\t<\/div>\n\t\t\t\t<\/div>\n\t\t\t\t\t\t<\/div>\n\t\t\t\t\t<\/div>\n\t\t<\/div>\n\t\t\t\t\t\t\t\t<\/div>\n\t\t\t\t\t<\/div>\n\t\t<\/section>\n\t\t\t\t<section class=\"elementor-section elementor-top-section elementor-element elementor-element-a3ea0d5 elementor-section-boxed elementor-section-height-default elementor-section-height-default\" data-id=\"a3ea0d5\" data-element_type=\"section\">\n\t\t\t\t\t\t<div class=\"elementor-container elementor-column-gap-default\">\n\t\t\t\t\t\t\t<div class=\"elementor-row\">\n\t\t\t\t\t<div class=\"elementor-column elementor-col-100 elementor-top-column elementor-element elementor-element-da59712\" data-id=\"da59712\" data-element_type=\"column\">\n\t\t\t<div class=\"elementor-column-wrap elementor-element-populated\">\n\t\t\t\t\t\t\t<div class=\"elementor-widget-wrap\">\n\t\t\t\t\t\t<div class=\"elementor-element elementor-element-6821f20 elementor-widget elementor-widget-image\" data-id=\"6821f20\" data-element_type=\"widget\" data-widget_type=\"image.default\">\n\t\t\t\t<div class=\"elementor-widget-container\">\n\t\t\t\t\t\t\t\t<div class=\"elementor-image\">\n\t\t\t\t\t\t\t\t\t\t\t\t\t<a href=\"https:\/\/www.zoldagvendegszeretet.hu\/wp-content\/uploads\/2022\/06\/K_Z_Tri_-kov_-vagva.jpg\" data-elementor-open-lightbox=\"no\">\n\t\t\t\t\t\t\t<img width=\"657\" height=\"1024\" src=\"https:\/\/www.zoldagvendegszeretet.hu\/wp-content\/uploads\/2022\/06\/K_Z_Tri_-kov_-vagva-657x1024.jpg\" class=\"attachment-large size-large\" alt=\"\" loading=\"lazy\" srcset=\"https:\/\/www.zoldagvendegszeretet.hu\/wp-content\/uploads\/2022\/06\/K_Z_Tri_-kov_-vagva-657x1024.jpg 657w, https:\/\/www.zoldagvendegszeretet.hu\/wp-content\/uploads\/2022\/06\/K_Z_Tri_-kov_-vagva-193x300.jpg 193w, https:\/\/www.zoldagvendegszeretet.hu\/wp-content\/uploads\/2022\/06\/K_Z_Tri_-kov_-vagva-768x1196.jpg 768w, https:\/\/www.zoldagvendegszeretet.hu\/wp-content\/uploads\/2022\/06\/K_Z_Tri_-kov_-vagva-986x1536.jpg 986w, https:\/\/www.zoldagvendegszeretet.hu\/wp-content\/uploads\/2022\/06\/K_Z_Tri_-kov_-vagva.jpg 1097w\" sizes=\"(max-width: 657px) 100vw, 657px\" \/>\t\t\t\t\t\t\t\t<\/a>\n\t\t\t\t\t\t\t\t\t\t\t\t\t\t<\/div>\n\t\t\t\t\t\t<\/div>\n\t\t\t\t<\/div>\n\t\t\t\t\t\t<\/div>\n\t\t\t\t\t<\/div>\n\t\t<\/div>\n\t\t\t\t\t\t\t\t<\/div>\n\t\t\t\t\t<\/div>\n\t\t<\/section>\n\t\t\t\t<section class=\"elementor-section elementor-top-section elementor-element elementor-element-beb3488 elementor-section-boxed elementor-section-height-default elementor-section-height-default\" data-id=\"beb3488\" data-element_type=\"section\">\n\t\t\t\t\t\t<div class=\"elementor-container elementor-column-gap-default\">\n\t\t\t\t\t\t\t<div class=\"elementor-row\">\n\t\t\t\t\t<div class=\"elementor-column elementor-col-100 elementor-top-column elementor-element elementor-element-014acfe\" data-id=\"014acfe\" data-element_type=\"column\">\n\t\t\t<div class=\"elementor-column-wrap elementor-element-populated\">\n\t\t\t\t\t\t\t<div class=\"elementor-widget-wrap\">\n\t\t\t\t\t\t<div class=\"elementor-element elementor-element-0488f2c elementor-widget elementor-widget-image\" data-id=\"0488f2c\" data-element_type=\"widget\" data-widget_type=\"image.default\">\n\t\t\t\t<div class=\"elementor-widget-container\">\n\t\t\t\t\t\t\t\t<div class=\"elementor-image\">\n\t\t\t\t\t\t\t\t\t\t\t\t\t<a href=\"https:\/\/www.zoldagvendegszeretet.hu\/wp-content\/uploads\/2022\/06\/K_Z_Tri_-kov-2-x-vagva.jpg\" data-elementor-open-lightbox=\"no\">\n\t\t\t\t\t\t\t<img width=\"627\" height=\"1024\" src=\"https:\/\/www.zoldagvendegszeretet.hu\/wp-content\/uploads\/2022\/06\/K_Z_Tri_-kov-2-x-vagva-627x1024.jpg\" class=\"attachment-large size-large\" alt=\"\" loading=\"lazy\" srcset=\"https:\/\/www.zoldagvendegszeretet.hu\/wp-content\/uploads\/2022\/06\/K_Z_Tri_-kov-2-x-vagva-627x1024.jpg 627w, https:\/\/www.zoldagvendegszeretet.hu\/wp-content\/uploads\/2022\/06\/K_Z_Tri_-kov-2-x-vagva-184x300.jpg 184w, https:\/\/www.zoldagvendegszeretet.hu\/wp-content\/uploads\/2022\/06\/K_Z_Tri_-kov-2-x-vagva-768x1254.jpg 768w, https:\/\/www.zoldagvendegszeretet.hu\/wp-content\/uploads\/2022\/06\/K_Z_Tri_-kov-2-x-vagva-941x1536.jpg 941w, https:\/\/www.zoldagvendegszeretet.hu\/wp-content\/uploads\/2022\/06\/K_Z_Tri_-kov-2-x-vagva.jpg 1069w\" sizes=\"(max-width: 627px) 100vw, 627px\" \/>\t\t\t\t\t\t\t\t<\/a>\n\t\t\t\t\t\t\t\t\t\t\t\t\t\t<\/div>\n\t\t\t\t\t\t<\/div>\n\t\t\t\t<\/div>\n\t\t\t\t\t\t<\/div>\n\t\t\t\t\t<\/div>\n\t\t<\/div>\n\t\t\t\t\t\t\t\t<\/div>\n\t\t\t\t\t<\/div>\n\t\t<\/section>\n\t\t\t\t<section class=\"elementor-section elementor-top-section elementor-element elementor-element-b3ec3b5 elementor-section-boxed elementor-section-height-default elementor-section-height-default\" data-id=\"b3ec3b5\" data-element_type=\"section\">\n\t\t\t\t\t\t<div class=\"elementor-container elementor-column-gap-default\">\n\t\t\t\t\t\t\t<div class=\"elementor-row\">\n\t\t\t\t\t<div class=\"elementor-column elementor-col-100 elementor-top-column elementor-element elementor-element-b8d5b03\" data-id=\"b8d5b03\" data-element_type=\"column\">\n\t\t\t<div class=\"elementor-column-wrap elementor-element-populated\">\n\t\t\t\t\t\t\t<div class=\"elementor-widget-wrap\">\n\t\t\t\t\t\t<div class=\"elementor-element elementor-element-35b8b48 elementor-widget elementor-widget-image\" data-id=\"35b8b48\" data-element_type=\"widget\" data-widget_type=\"image.default\">\n\t\t\t\t<div class=\"elementor-widget-container\">\n\t\t\t\t\t\t\t\t<div class=\"elementor-image\">\n\t\t\t\t\t\t\t\t\t\t\t\t\t<a href=\"https:\/\/www.zoldagvendegszeretet.hu\/wp-content\/uploads\/2022\/06\/Kodaly-_-Trianon-61-_vagva-1.jpg\" data-elementor-open-lightbox=\"no\">\n\t\t\t\t\t\t\t<img width=\"700\" height=\"847\" src=\"https:\/\/www.zoldagvendegszeretet.hu\/wp-content\/uploads\/2022\/06\/Kodaly-_-Trianon-61-_vagva-1-846x1024.jpg\" class=\"attachment-large size-large\" alt=\"\" loading=\"lazy\" srcset=\"https:\/\/www.zoldagvendegszeretet.hu\/wp-content\/uploads\/2022\/06\/Kodaly-_-Trianon-61-_vagva-1-846x1024.jpg 846w, https:\/\/www.zoldagvendegszeretet.hu\/wp-content\/uploads\/2022\/06\/Kodaly-_-Trianon-61-_vagva-1-248x300.jpg 248w, https:\/\/www.zoldagvendegszeretet.hu\/wp-content\/uploads\/2022\/06\/Kodaly-_-Trianon-61-_vagva-1-768x929.jpg 768w, https:\/\/www.zoldagvendegszeretet.hu\/wp-content\/uploads\/2022\/06\/Kodaly-_-Trianon-61-_vagva-1.jpg 1085w\" sizes=\"(max-width: 700px) 100vw, 700px\" \/>\t\t\t\t\t\t\t\t<\/a>\n\t\t\t\t\t\t\t\t\t\t\t\t\t\t<\/div>\n\t\t\t\t\t\t<\/div>\n\t\t\t\t<\/div>\n\t\t\t\t\t\t<\/div>\n\t\t\t\t\t<\/div>\n\t\t<\/div>\n\t\t\t\t\t\t\t\t<\/div>\n\t\t\t\t\t<\/div>\n\t\t<\/section>\n\t\t\t\t<section class=\"elementor-section elementor-top-section elementor-element elementor-element-243f8f0 elementor-section-boxed elementor-section-height-default elementor-section-height-default\" data-id=\"243f8f0\" data-element_type=\"section\">\n\t\t\t\t\t\t<div class=\"elementor-container elementor-column-gap-default\">\n\t\t\t\t\t\t\t<div class=\"elementor-row\">\n\t\t\t\t\t<div class=\"elementor-column elementor-col-100 elementor-top-column elementor-element elementor-element-4a03da5\" data-id=\"4a03da5\" data-element_type=\"column\">\n\t\t\t<div class=\"elementor-column-wrap elementor-element-populated\">\n\t\t\t\t\t\t\t<div class=\"elementor-widget-wrap\">\n\t\t\t\t\t\t<div class=\"elementor-element elementor-element-4ec75e3 elementor-widget elementor-widget-image\" data-id=\"4ec75e3\" data-element_type=\"widget\" data-widget_type=\"image.default\">\n\t\t\t\t<div class=\"elementor-widget-container\">\n\t\t\t\t\t\t\t\t<div class=\"elementor-image\">\n\t\t\t\t\t\t\t\t\t\t\t\t\t<a href=\"https:\/\/www.zoldagvendegszeretet.hu\/wp-content\/uploads\/2022\/06\/Flap-onellenorzesre-2022-06-04-1-scaled.jpg\" data-elementor-open-lightbox=\"no\">\n\t\t\t\t\t\t\t<img width=\"695\" height=\"1024\" src=\"https:\/\/www.zoldagvendegszeretet.hu\/wp-content\/uploads\/2022\/06\/Flap-onellenorzesre-2022-06-04-1-695x1024.jpg\" class=\"attachment-large size-large\" alt=\"\" loading=\"lazy\" srcset=\"https:\/\/www.zoldagvendegszeretet.hu\/wp-content\/uploads\/2022\/06\/Flap-onellenorzesre-2022-06-04-1-695x1024.jpg 695w, https:\/\/www.zoldagvendegszeretet.hu\/wp-content\/uploads\/2022\/06\/Flap-onellenorzesre-2022-06-04-1-204x300.jpg 204w, https:\/\/www.zoldagvendegszeretet.hu\/wp-content\/uploads\/2022\/06\/Flap-onellenorzesre-2022-06-04-1-768x1132.jpg 768w, https:\/\/www.zoldagvendegszeretet.hu\/wp-content\/uploads\/2022\/06\/Flap-onellenorzesre-2022-06-04-1-1042x1536.jpg 1042w, https:\/\/www.zoldagvendegszeretet.hu\/wp-content\/uploads\/2022\/06\/Flap-onellenorzesre-2022-06-04-1-1389x2048.jpg 1389w, https:\/\/www.zoldagvendegszeretet.hu\/wp-content\/uploads\/2022\/06\/Flap-onellenorzesre-2022-06-04-1-scaled.jpg 1737w\" sizes=\"(max-width: 695px) 100vw, 695px\" \/>\t\t\t\t\t\t\t\t<\/a>\n\t\t\t\t\t\t\t\t\t\t\t\t\t\t<\/div>\n\t\t\t\t\t\t<\/div>\n\t\t\t\t<\/div>\n\t\t\t\t\t\t<\/div>\n\t\t\t\t\t<\/div>\n\t\t<\/div>\n\t\t\t\t\t\t\t\t<\/div>\n\t\t\t\t\t<\/div>\n\t\t<\/section>\n\t\t\t\t<section class=\"elementor-section elementor-top-section elementor-element elementor-element-77a76b5 elementor-section-boxed elementor-section-height-default elementor-section-height-default\" data-id=\"77a76b5\" data-element_type=\"section\">\n\t\t\t\t\t\t<div class=\"elementor-container elementor-column-gap-default\">\n\t\t\t\t\t\t\t<div class=\"elementor-row\">\n\t\t\t\t\t<div class=\"elementor-column elementor-col-100 elementor-top-column elementor-element elementor-element-fa66303\" data-id=\"fa66303\" data-element_type=\"column\">\n\t\t\t<div class=\"elementor-column-wrap elementor-element-populated\">\n\t\t\t\t\t\t\t<div class=\"elementor-widget-wrap\">\n\t\t\t\t\t\t<div class=\"elementor-element elementor-element-629e73d elementor-widget elementor-widget-image\" data-id=\"629e73d\" data-element_type=\"widget\" data-widget_type=\"image.default\">\n\t\t\t\t<div class=\"elementor-widget-container\">\n\t\t\t\t\t\t\t\t<div class=\"elementor-image\">\n\t\t\t\t\t\t\t\t\t\t\t\t\t<a href=\"https:\/\/www.zoldagvendegszeretet.hu\/wp-content\/uploads\/2022\/06\/Flap-onellenorzesre-2022-06-04-2-scaled.jpg\" data-elementor-open-lightbox=\"no\">\n\t\t\t\t\t\t\t<img width=\"695\" height=\"1024\" src=\"https:\/\/www.zoldagvendegszeretet.hu\/wp-content\/uploads\/2022\/06\/Flap-onellenorzesre-2022-06-04-2-695x1024.jpg\" class=\"attachment-large size-large\" alt=\"\" loading=\"lazy\" srcset=\"https:\/\/www.zoldagvendegszeretet.hu\/wp-content\/uploads\/2022\/06\/Flap-onellenorzesre-2022-06-04-2-695x1024.jpg 695w, https:\/\/www.zoldagvendegszeretet.hu\/wp-content\/uploads\/2022\/06\/Flap-onellenorzesre-2022-06-04-2-204x300.jpg 204w, https:\/\/www.zoldagvendegszeretet.hu\/wp-content\/uploads\/2022\/06\/Flap-onellenorzesre-2022-06-04-2-768x1132.jpg 768w, https:\/\/www.zoldagvendegszeretet.hu\/wp-content\/uploads\/2022\/06\/Flap-onellenorzesre-2022-06-04-2-1042x1536.jpg 1042w, https:\/\/www.zoldagvendegszeretet.hu\/wp-content\/uploads\/2022\/06\/Flap-onellenorzesre-2022-06-04-2-1389x2048.jpg 1389w, https:\/\/www.zoldagvendegszeretet.hu\/wp-content\/uploads\/2022\/06\/Flap-onellenorzesre-2022-06-04-2-scaled.jpg 1737w\" sizes=\"(max-width: 695px) 100vw, 695px\" \/>\t\t\t\t\t\t\t\t<\/a>\n\t\t\t\t\t\t\t\t\t\t\t\t\t\t<\/div>\n\t\t\t\t\t\t<\/div>\n\t\t\t\t<\/div>\n\t\t\t\t\t\t<\/div>\n\t\t\t\t\t<\/div>\n\t\t<\/div>\n\t\t\t\t\t\t\t\t<\/div>\n\t\t\t\t\t<\/div>\n\t\t<\/section>\n\t\t\t\t<section class=\"elementor-section elementor-top-section elementor-element elementor-element-7c572de elementor-section-boxed elementor-section-height-default elementor-section-height-default\" data-id=\"7c572de\" data-element_type=\"section\">\n\t\t\t\t\t\t<div class=\"elementor-container elementor-column-gap-default\">\n\t\t\t\t\t\t\t<div class=\"elementor-row\">\n\t\t\t\t\t<div class=\"elementor-column elementor-col-100 elementor-top-column elementor-element elementor-element-a5f246e\" data-id=\"a5f246e\" data-element_type=\"column\">\n\t\t\t<div class=\"elementor-column-wrap elementor-element-populated\">\n\t\t\t\t\t\t\t<div class=\"elementor-widget-wrap\">\n\t\t\t\t\t\t<div class=\"elementor-element elementor-element-304516d elementor-widget elementor-widget-image\" data-id=\"304516d\" data-element_type=\"widget\" data-widget_type=\"image.default\">\n\t\t\t\t<div class=\"elementor-widget-container\">\n\t\t\t\t\t\t\t\t<div class=\"elementor-image\">\n\t\t\t\t\t\t\t\t\t\t\t\t\t<a href=\"https:\/\/hu.wikipedia.org\/wiki\/Kod%C3%A1ly_Zolt%C3%A1n_n%C3%A9pdalfeldolgoz%C3%A1sai\" target=\"_blank\">\n\t\t\t\t\t\t\t<img width=\"700\" height=\"276\" src=\"https:\/\/www.zoldagvendegszeretet.hu\/wp-content\/uploads\/2022\/06\/Flap-onellenorzesre-2022-06-04-3-1024x404.jpg\" class=\"attachment-large size-large\" alt=\"\" loading=\"lazy\" srcset=\"https:\/\/www.zoldagvendegszeretet.hu\/wp-content\/uploads\/2022\/06\/Flap-onellenorzesre-2022-06-04-3-1024x404.jpg 1024w, https:\/\/www.zoldagvendegszeretet.hu\/wp-content\/uploads\/2022\/06\/Flap-onellenorzesre-2022-06-04-3-300x118.jpg 300w, https:\/\/www.zoldagvendegszeretet.hu\/wp-content\/uploads\/2022\/06\/Flap-onellenorzesre-2022-06-04-3-768x303.jpg 768w, https:\/\/www.zoldagvendegszeretet.hu\/wp-content\/uploads\/2022\/06\/Flap-onellenorzesre-2022-06-04-3-1536x606.jpg 1536w, https:\/\/www.zoldagvendegszeretet.hu\/wp-content\/uploads\/2022\/06\/Flap-onellenorzesre-2022-06-04-3.jpg 1780w\" sizes=\"(max-width: 700px) 100vw, 700px\" \/>\t\t\t\t\t\t\t\t<\/a>\n\t\t\t\t\t\t\t\t\t\t\t\t\t\t<\/div>\n\t\t\t\t\t\t<\/div>\n\t\t\t\t<\/div>\n\t\t\t\t\t\t<\/div>\n\t\t\t\t\t<\/div>\n\t\t<\/div>\n\t\t\t\t\t\t\t\t<\/div>\n\t\t\t\t\t<\/div>\n\t\t<\/section>\n\t\t\t\t\t\t<\/div>\n\t\t\t\t\t\t<\/div>\n\t\t\t\t\t<\/div>\n\t\t","protected":false},"excerpt":{"rendered":"<p>c\u00edm\u0171 \u00edr\u00e1sa olvashat\u00f3 \u00a0Dr. T\u00f3thp\u00e1l J\u00f3zsef (CSc, m\u0171vel\u0151d\u00e9sfiloz\u00f3fus, cimzetes f\u0151iskolai tan\u00e1r, a MTA k\u00f6ztest\u00fcleti tagja, a Nemzeti Filharm\u00f3nia ny. igazgat\u00f3ja, Budapest). Forr\u00e1s: VAL\u00d3S\u00c1G \/ 2020. 12. sz\u00e1m, 65-70. old.<\/p>\n","protected":false},"author":1,"featured_media":0,"parent":0,"menu_order":0,"comment_status":"closed","ping_status":"closed","template":"","meta":[],"_links":{"self":[{"href":"https:\/\/www.zoldagvendegszeretet.hu\/index.php?rest_route=\/wp\/v2\/pages\/3685"}],"collection":[{"href":"https:\/\/www.zoldagvendegszeretet.hu\/index.php?rest_route=\/wp\/v2\/pages"}],"about":[{"href":"https:\/\/www.zoldagvendegszeretet.hu\/index.php?rest_route=\/wp\/v2\/types\/page"}],"author":[{"embeddable":true,"href":"https:\/\/www.zoldagvendegszeretet.hu\/index.php?rest_route=\/wp\/v2\/users\/1"}],"replies":[{"embeddable":true,"href":"https:\/\/www.zoldagvendegszeretet.hu\/index.php?rest_route=%2Fwp%2Fv2%2Fcomments&post=3685"}],"version-history":[{"count":19,"href":"https:\/\/www.zoldagvendegszeretet.hu\/index.php?rest_route=\/wp\/v2\/pages\/3685\/revisions"}],"predecessor-version":[{"id":3730,"href":"https:\/\/www.zoldagvendegszeretet.hu\/index.php?rest_route=\/wp\/v2\/pages\/3685\/revisions\/3730"}],"wp:attachment":[{"href":"https:\/\/www.zoldagvendegszeretet.hu\/index.php?rest_route=%2Fwp%2Fv2%2Fmedia&parent=3685"}],"curies":[{"name":"wp","href":"https:\/\/api.w.org\/{rel}","templated":true}]}}