{"id":3142,"date":"2021-12-03T19:33:50","date_gmt":"2021-12-03T19:33:50","guid":{"rendered":"https:\/\/www.zoldagvendegszeretet.hu\/?page_id=3142"},"modified":"2021-12-03T20:10:28","modified_gmt":"2021-12-03T20:10:28","slug":"meselo-tereink","status":"publish","type":"page","link":"https:\/\/www.zoldagvendegszeretet.hu\/?page_id=3142","title":{"rendered":"Mes\u00e9l\u0151 tereink"},"content":{"rendered":"\t\t<div data-elementor-type=\"wp-page\" data-elementor-id=\"3142\" class=\"elementor elementor-3142\" data-elementor-settings=\"[]\">\n\t\t\t\t\t\t<div class=\"elementor-inner\">\n\t\t\t\t\t\t\t<div class=\"elementor-section-wrap\">\n\t\t\t\t\t\t\t<section class=\"elementor-section elementor-top-section elementor-element elementor-element-ffb3b19 elementor-section-boxed elementor-section-height-default elementor-section-height-default\" data-id=\"ffb3b19\" data-element_type=\"section\">\n\t\t\t\t\t\t<div class=\"elementor-container elementor-column-gap-default\">\n\t\t\t\t\t\t\t<div class=\"elementor-row\">\n\t\t\t\t\t<div class=\"elementor-column elementor-col-100 elementor-top-column elementor-element elementor-element-5551601\" data-id=\"5551601\" data-element_type=\"column\">\n\t\t\t<div class=\"elementor-column-wrap elementor-element-populated\">\n\t\t\t\t\t\t\t<div class=\"elementor-widget-wrap\">\n\t\t\t\t\t\t<div class=\"elementor-element elementor-element-c52345f elementor-widget elementor-widget-image\" data-id=\"c52345f\" data-element_type=\"widget\" data-widget_type=\"image.default\">\n\t\t\t\t<div class=\"elementor-widget-container\">\n\t\t\t\t\t\t\t\t<div class=\"elementor-image\">\n\t\t\t\t\t\t\t\t\t\t\t\t\t<a href=\"https:\/\/www.zoldagvendegszeretet.hu\/wp-content\/uploads\/2021\/12\/Nepzeneszek-tere-Szentesen-_2021-12-03.jpg\" data-elementor-open-lightbox=\"yes\" data-elementor-lightbox-title=\"N\u00e9pzen\u00e9szek tere Szentesen _2021 12 03\">\n\t\t\t\t\t\t\t<img width=\"1700\" height=\"2338\" src=\"https:\/\/www.zoldagvendegszeretet.hu\/wp-content\/uploads\/2021\/12\/Nepzeneszek-tere-Szentesen-_2021-12-03.jpg\" class=\"attachment-full size-full\" alt=\"\" loading=\"lazy\" srcset=\"https:\/\/www.zoldagvendegszeretet.hu\/wp-content\/uploads\/2021\/12\/Nepzeneszek-tere-Szentesen-_2021-12-03.jpg 1700w, https:\/\/www.zoldagvendegszeretet.hu\/wp-content\/uploads\/2021\/12\/Nepzeneszek-tere-Szentesen-_2021-12-03-218x300.jpg 218w, https:\/\/www.zoldagvendegszeretet.hu\/wp-content\/uploads\/2021\/12\/Nepzeneszek-tere-Szentesen-_2021-12-03-745x1024.jpg 745w, https:\/\/www.zoldagvendegszeretet.hu\/wp-content\/uploads\/2021\/12\/Nepzeneszek-tere-Szentesen-_2021-12-03-768x1056.jpg 768w, https:\/\/www.zoldagvendegszeretet.hu\/wp-content\/uploads\/2021\/12\/Nepzeneszek-tere-Szentesen-_2021-12-03-1117x1536.jpg 1117w, https:\/\/www.zoldagvendegszeretet.hu\/wp-content\/uploads\/2021\/12\/Nepzeneszek-tere-Szentesen-_2021-12-03-1489x2048.jpg 1489w\" sizes=\"(max-width: 1700px) 100vw, 1700px\" \/>\t\t\t\t\t\t\t\t<\/a>\n\t\t\t\t\t\t\t\t\t\t\t\t\t\t<\/div>\n\t\t\t\t\t\t<\/div>\n\t\t\t\t<\/div>\n\t\t\t\t\t\t<\/div>\n\t\t\t\t\t<\/div>\n\t\t<\/div>\n\t\t\t\t\t\t\t\t<\/div>\n\t\t\t\t\t<\/div>\n\t\t<\/section>\n\t\t\t\t<section class=\"elementor-section elementor-top-section elementor-element elementor-element-f1d6a8b elementor-section-boxed elementor-section-height-default elementor-section-height-default\" data-id=\"f1d6a8b\" data-element_type=\"section\">\n\t\t\t\t\t\t<div class=\"elementor-container elementor-column-gap-default\">\n\t\t\t\t\t\t\t<div class=\"elementor-row\">\n\t\t\t\t\t<div class=\"elementor-column elementor-col-100 elementor-top-column elementor-element elementor-element-a19a90e\" data-id=\"a19a90e\" data-element_type=\"column\">\n\t\t\t<div class=\"elementor-column-wrap elementor-element-populated\">\n\t\t\t\t\t\t\t<div class=\"elementor-widget-wrap\">\n\t\t\t\t\t\t<div class=\"elementor-element elementor-element-19b9e81 elementor-widget elementor-widget-spacer\" data-id=\"19b9e81\" data-element_type=\"widget\" data-widget_type=\"spacer.default\">\n\t\t\t\t<div class=\"elementor-widget-container\">\n\t\t\t\t\t<div class=\"elementor-spacer\">\n\t\t\t<div class=\"elementor-spacer-inner\"><\/div>\n\t\t<\/div>\n\t\t\t\t<\/div>\n\t\t\t\t<\/div>\n\t\t\t\t\t\t<\/div>\n\t\t\t\t\t<\/div>\n\t\t<\/div>\n\t\t\t\t\t\t\t\t<\/div>\n\t\t\t\t\t<\/div>\n\t\t<\/section>\n\t\t\t\t<section class=\"elementor-section elementor-top-section elementor-element elementor-element-ee00452 elementor-section-boxed elementor-section-height-default elementor-section-height-default\" data-id=\"ee00452\" data-element_type=\"section\">\n\t\t\t\t\t\t<div class=\"elementor-container elementor-column-gap-default\">\n\t\t\t\t\t\t\t<div class=\"elementor-row\">\n\t\t\t\t\t<div class=\"elementor-column elementor-col-100 elementor-top-column elementor-element elementor-element-a97f54f\" data-id=\"a97f54f\" data-element_type=\"column\">\n\t\t\t<div class=\"elementor-column-wrap elementor-element-populated\">\n\t\t\t\t\t\t\t<div class=\"elementor-widget-wrap\">\n\t\t\t\t\t\t<div class=\"elementor-element elementor-element-07f3fdb elementor-widget elementor-widget-image\" data-id=\"07f3fdb\" data-element_type=\"widget\" data-widget_type=\"image.default\">\n\t\t\t\t<div class=\"elementor-widget-container\">\n\t\t\t\t\t\t\t\t<div class=\"elementor-image\">\n\t\t\t\t\t\t\t\t\t\t\t\t<img width=\"700\" height=\"465\" src=\"https:\/\/www.zoldagvendegszeretet.hu\/wp-content\/uploads\/2021\/12\/Nepzeneszek-tere-2003-a-1024x680.jpg\" class=\"attachment-large size-large\" alt=\"\" loading=\"lazy\" srcset=\"https:\/\/www.zoldagvendegszeretet.hu\/wp-content\/uploads\/2021\/12\/Nepzeneszek-tere-2003-a-1024x680.jpg 1024w, https:\/\/www.zoldagvendegszeretet.hu\/wp-content\/uploads\/2021\/12\/Nepzeneszek-tere-2003-a-300x199.jpg 300w, https:\/\/www.zoldagvendegszeretet.hu\/wp-content\/uploads\/2021\/12\/Nepzeneszek-tere-2003-a-768x510.jpg 768w, https:\/\/www.zoldagvendegszeretet.hu\/wp-content\/uploads\/2021\/12\/Nepzeneszek-tere-2003-a-1536x1020.jpg 1536w, https:\/\/www.zoldagvendegszeretet.hu\/wp-content\/uploads\/2021\/12\/Nepzeneszek-tere-2003-a-2048x1360.jpg 2048w\" sizes=\"(max-width: 700px) 100vw, 700px\" \/>\t\t\t\t\t\t\t\t\t\t\t\t\t\t<\/div>\n\t\t\t\t\t\t<\/div>\n\t\t\t\t<\/div>\n\t\t\t\t\t\t<\/div>\n\t\t\t\t\t<\/div>\n\t\t<\/div>\n\t\t\t\t\t\t\t\t<\/div>\n\t\t\t\t\t<\/div>\n\t\t<\/section>\n\t\t\t\t<section class=\"elementor-section elementor-top-section elementor-element elementor-element-fe12a9b elementor-section-boxed elementor-section-height-default elementor-section-height-default\" data-id=\"fe12a9b\" data-element_type=\"section\">\n\t\t\t\t\t\t<div class=\"elementor-container elementor-column-gap-default\">\n\t\t\t\t\t\t\t<div class=\"elementor-row\">\n\t\t\t\t\t<div class=\"elementor-column elementor-col-100 elementor-top-column elementor-element elementor-element-23905b4\" data-id=\"23905b4\" data-element_type=\"column\">\n\t\t\t<div class=\"elementor-column-wrap elementor-element-populated\">\n\t\t\t\t\t\t\t<div class=\"elementor-widget-wrap\">\n\t\t\t\t\t\t<div class=\"elementor-element elementor-element-ff46ff2 elementor-widget elementor-widget-spacer\" data-id=\"ff46ff2\" data-element_type=\"widget\" data-widget_type=\"spacer.default\">\n\t\t\t\t<div class=\"elementor-widget-container\">\n\t\t\t\t\t<div class=\"elementor-spacer\">\n\t\t\t<div class=\"elementor-spacer-inner\"><\/div>\n\t\t<\/div>\n\t\t\t\t<\/div>\n\t\t\t\t<\/div>\n\t\t\t\t\t\t<\/div>\n\t\t\t\t\t<\/div>\n\t\t<\/div>\n\t\t\t\t\t\t\t\t<\/div>\n\t\t\t\t\t<\/div>\n\t\t<\/section>\n\t\t\t\t<section class=\"elementor-section elementor-top-section elementor-element elementor-element-37ddb16 elementor-section-boxed elementor-section-height-default elementor-section-height-default\" data-id=\"37ddb16\" data-element_type=\"section\">\n\t\t\t\t\t\t<div class=\"elementor-container elementor-column-gap-default\">\n\t\t\t\t\t\t\t<div class=\"elementor-row\">\n\t\t\t\t\t<div class=\"elementor-column elementor-col-100 elementor-top-column elementor-element elementor-element-0f9257e\" data-id=\"0f9257e\" data-element_type=\"column\">\n\t\t\t<div class=\"elementor-column-wrap elementor-element-populated\">\n\t\t\t\t\t\t\t<div class=\"elementor-widget-wrap\">\n\t\t\t\t\t\t<div class=\"elementor-element elementor-element-1e1f291 elementor-widget elementor-widget-image\" data-id=\"1e1f291\" data-element_type=\"widget\" data-widget_type=\"image.default\">\n\t\t\t\t<div class=\"elementor-widget-container\">\n\t\t\t\t\t\t\t\t<div class=\"elementor-image\">\n\t\t\t\t\t\t\t\t\t\t\t\t<img width=\"700\" height=\"465\" src=\"https:\/\/www.zoldagvendegszeretet.hu\/wp-content\/uploads\/2021\/12\/Nepzeneszek-tere-2003-_3-1024x680.jpg\" class=\"attachment-large size-large\" alt=\"\" loading=\"lazy\" srcset=\"https:\/\/www.zoldagvendegszeretet.hu\/wp-content\/uploads\/2021\/12\/Nepzeneszek-tere-2003-_3-1024x680.jpg 1024w, https:\/\/www.zoldagvendegszeretet.hu\/wp-content\/uploads\/2021\/12\/Nepzeneszek-tere-2003-_3-300x199.jpg 300w, https:\/\/www.zoldagvendegszeretet.hu\/wp-content\/uploads\/2021\/12\/Nepzeneszek-tere-2003-_3-768x510.jpg 768w, https:\/\/www.zoldagvendegszeretet.hu\/wp-content\/uploads\/2021\/12\/Nepzeneszek-tere-2003-_3-1536x1020.jpg 1536w, https:\/\/www.zoldagvendegszeretet.hu\/wp-content\/uploads\/2021\/12\/Nepzeneszek-tere-2003-_3-2048x1360.jpg 2048w\" sizes=\"(max-width: 700px) 100vw, 700px\" \/>\t\t\t\t\t\t\t\t\t\t\t\t\t\t<\/div>\n\t\t\t\t\t\t<\/div>\n\t\t\t\t<\/div>\n\t\t\t\t\t\t<\/div>\n\t\t\t\t\t<\/div>\n\t\t<\/div>\n\t\t\t\t\t\t\t\t<\/div>\n\t\t\t\t\t<\/div>\n\t\t<\/section>\n\t\t\t\t<section class=\"elementor-section elementor-top-section elementor-element elementor-element-efee7ab elementor-section-boxed elementor-section-height-default elementor-section-height-default\" data-id=\"efee7ab\" data-element_type=\"section\">\n\t\t\t\t\t\t<div class=\"elementor-container elementor-column-gap-default\">\n\t\t\t\t\t\t\t<div class=\"elementor-row\">\n\t\t\t\t\t<div class=\"elementor-column elementor-col-100 elementor-top-column elementor-element elementor-element-75f3809\" data-id=\"75f3809\" data-element_type=\"column\">\n\t\t\t<div class=\"elementor-column-wrap elementor-element-populated\">\n\t\t\t\t\t\t\t<div class=\"elementor-widget-wrap\">\n\t\t\t\t\t\t<div class=\"elementor-element elementor-element-0bfc940 elementor-widget elementor-widget-text-editor\" data-id=\"0bfc940\" data-element_type=\"widget\" data-widget_type=\"text-editor.default\">\n\t\t\t\t<div class=\"elementor-widget-container\">\n\t\t\t\t\t\t\t\t<div class=\"elementor-text-editor elementor-clearfix\">\n\t\t\t\t<p>Istv\u00e1nfi Bal\u00e1zs (duda), Balla Tibor (teker\u0151), Szab\u00f3 Csaba (klarin\u00e9t), M\u00e1t\u00f3 M\u00e1ty\u00e1s (t\u00e1rogat\u00f3), Karik\u00f3n\u00e9 Pusk\u00e1s Gabriella (teker\u0151) <br \/>Balla T\u00edmea \u00e9s Balla Zolt\u00e1n (D\u00e9l-alf\u00f6ldi t\u00e1ncok)<br \/>Az V. Szentesi Gyermekn\u00e9pt\u00e1nc Fesztiv\u00e1l t\u00e1ncosai vir\u00e1gokkal.<\/p>\t\t\t\t\t<\/div>\n\t\t\t\t\t\t<\/div>\n\t\t\t\t<\/div>\n\t\t\t\t\t\t<\/div>\n\t\t\t\t\t<\/div>\n\t\t<\/div>\n\t\t\t\t\t\t\t\t<\/div>\n\t\t\t\t\t<\/div>\n\t\t<\/section>\n\t\t\t\t\t\t<\/div>\n\t\t\t\t\t\t<\/div>\n\t\t\t\t\t<\/div>\n\t\t","protected":false},"excerpt":{"rendered":"<p>Istv\u00e1nfi Bal\u00e1zs (duda), Balla Tibor (teker\u0151), Szab\u00f3 Csaba (klarin\u00e9t), M\u00e1t\u00f3 M\u00e1ty\u00e1s (t\u00e1rogat\u00f3), Karik\u00f3n\u00e9 Pusk\u00e1s Gabriella (teker\u0151) Balla T\u00edmea \u00e9s Balla Zolt\u00e1n (D\u00e9l-alf\u00f6ldi t\u00e1ncok)Az V. Szentesi Gyermekn\u00e9pt\u00e1nc Fesztiv\u00e1l t\u00e1ncosai vir\u00e1gokkal.<\/p>\n","protected":false},"author":1,"featured_media":0,"parent":0,"menu_order":0,"comment_status":"closed","ping_status":"closed","template":"","meta":[],"_links":{"self":[{"href":"https:\/\/www.zoldagvendegszeretet.hu\/index.php?rest_route=\/wp\/v2\/pages\/3142"}],"collection":[{"href":"https:\/\/www.zoldagvendegszeretet.hu\/index.php?rest_route=\/wp\/v2\/pages"}],"about":[{"href":"https:\/\/www.zoldagvendegszeretet.hu\/index.php?rest_route=\/wp\/v2\/types\/page"}],"author":[{"embeddable":true,"href":"https:\/\/www.zoldagvendegszeretet.hu\/index.php?rest_route=\/wp\/v2\/users\/1"}],"replies":[{"embeddable":true,"href":"https:\/\/www.zoldagvendegszeretet.hu\/index.php?rest_route=%2Fwp%2Fv2%2Fcomments&post=3142"}],"version-history":[{"count":5,"href":"https:\/\/www.zoldagvendegszeretet.hu\/index.php?rest_route=\/wp\/v2\/pages\/3142\/revisions"}],"predecessor-version":[{"id":3155,"href":"https:\/\/www.zoldagvendegszeretet.hu\/index.php?rest_route=\/wp\/v2\/pages\/3142\/revisions\/3155"}],"wp:attachment":[{"href":"https:\/\/www.zoldagvendegszeretet.hu\/index.php?rest_route=%2Fwp%2Fv2%2Fmedia&parent=3142"}],"curies":[{"name":"wp","href":"https:\/\/api.w.org\/{rel}","templated":true}]}}