{"id":3101,"date":"2021-08-31T12:44:01","date_gmt":"2021-08-31T12:44:01","guid":{"rendered":"https:\/\/www.zoldagvendegszeretet.hu\/?page_id=3101"},"modified":"2021-08-31T12:50:47","modified_gmt":"2021-08-31T12:50:47","slug":"alma-es-faja-rovat","status":"publish","type":"page","link":"https:\/\/www.zoldagvendegszeretet.hu\/?page_id=3101","title":{"rendered":"Alma \u00e9s F\u00e1ja rovat"},"content":{"rendered":"\t\t<div data-elementor-type=\"wp-page\" data-elementor-id=\"3101\" class=\"elementor elementor-3101\" data-elementor-settings=\"[]\">\n\t\t\t\t\t\t<div class=\"elementor-inner\">\n\t\t\t\t\t\t\t<div class=\"elementor-section-wrap\">\n\t\t\t\t\t\t\t<section class=\"elementor-section elementor-top-section elementor-element elementor-element-988711f elementor-section-boxed elementor-section-height-default elementor-section-height-default\" data-id=\"988711f\" data-element_type=\"section\">\n\t\t\t\t\t\t<div class=\"elementor-container elementor-column-gap-default\">\n\t\t\t\t\t\t\t<div class=\"elementor-row\">\n\t\t\t\t\t<div class=\"elementor-column elementor-col-100 elementor-top-column elementor-element elementor-element-34883cc\" data-id=\"34883cc\" data-element_type=\"column\">\n\t\t\t<div class=\"elementor-column-wrap elementor-element-populated\">\n\t\t\t\t\t\t\t<div class=\"elementor-widget-wrap\">\n\t\t\t\t\t\t<div class=\"elementor-element elementor-element-9e2317b elementor-widget elementor-widget-text-editor\" data-id=\"9e2317b\" data-element_type=\"widget\" data-widget_type=\"text-editor.default\">\n\t\t\t\t<div class=\"elementor-widget-container\">\n\t\t\t\t\t\t\t\t<div class=\"elementor-text-editor elementor-clearfix\">\n\t\t\t\t<p><strong>Kov\u00e1cs M\u00e1rton n\u00e9pzen\u00e9sz, aki muzsik\u00e1lt m\u00e1r Londonban, Shanghaiban \u00e9s az USA-ban is<\/strong><br \/><strong>2021.08.27.<\/strong><\/p>\t\t\t\t\t<\/div>\n\t\t\t\t\t\t<\/div>\n\t\t\t\t<\/div>\n\t\t\t\t\t\t<\/div>\n\t\t\t\t\t<\/div>\n\t\t<\/div>\n\t\t\t\t\t\t\t\t<\/div>\n\t\t\t\t\t<\/div>\n\t\t<\/section>\n\t\t\t\t<section class=\"elementor-section elementor-top-section elementor-element elementor-element-492109e elementor-section-boxed elementor-section-height-default elementor-section-height-default\" data-id=\"492109e\" data-element_type=\"section\">\n\t\t\t\t\t\t<div class=\"elementor-container elementor-column-gap-default\">\n\t\t\t\t\t\t\t<div class=\"elementor-row\">\n\t\t\t\t\t<div class=\"elementor-column elementor-col-100 elementor-top-column elementor-element elementor-element-b7e32bb\" data-id=\"b7e32bb\" data-element_type=\"column\">\n\t\t\t<div class=\"elementor-column-wrap elementor-element-populated\">\n\t\t\t\t\t\t\t<div class=\"elementor-widget-wrap\">\n\t\t\t\t\t\t<div class=\"elementor-element elementor-element-a5463e7 elementor-widget elementor-widget-html\" data-id=\"a5463e7\" data-element_type=\"widget\" data-widget_type=\"html.default\">\n\t\t\t\t<div class=\"elementor-widget-container\">\n\t\t\t<iframe loading=\"lazy\" src=\"https:\/\/pestitv.pestisracok.hu\/2021\/08\/27\/kovacs-marton-nepzenesz-aki-muzsikalt-mar-londonban-shanghaiban-es-az-usa-ban-is\/fvp-2779\/#fvp_2821\" allowfullscreen  width=\"923\" height=\"521.633\" frameborder=\"0\" style=\"max-width:100%\"><\/iframe>\t\t<\/div>\n\t\t\t\t<\/div>\n\t\t\t\t\t\t<\/div>\n\t\t\t\t\t<\/div>\n\t\t<\/div>\n\t\t\t\t\t\t\t\t<\/div>\n\t\t\t\t\t<\/div>\n\t\t<\/section>\n\t\t\t\t<section class=\"elementor-section elementor-top-section elementor-element elementor-element-f3ae519 elementor-section-boxed elementor-section-height-default elementor-section-height-default\" data-id=\"f3ae519\" data-element_type=\"section\">\n\t\t\t\t\t\t<div class=\"elementor-container elementor-column-gap-default\">\n\t\t\t\t\t\t\t<div class=\"elementor-row\">\n\t\t\t\t\t<div class=\"elementor-column elementor-col-100 elementor-top-column elementor-element elementor-element-4d74549\" data-id=\"4d74549\" data-element_type=\"column\">\n\t\t\t<div class=\"elementor-column-wrap elementor-element-populated\">\n\t\t\t\t\t\t\t<div class=\"elementor-widget-wrap\">\n\t\t\t\t\t\t<div class=\"elementor-element elementor-element-33d84b5 elementor-widget elementor-widget-text-editor\" data-id=\"33d84b5\" data-element_type=\"widget\" data-widget_type=\"text-editor.default\">\n\t\t\t\t<div class=\"elementor-widget-container\">\n\t\t\t\t\t\t\t\t<div class=\"elementor-text-editor elementor-clearfix\">\n\t\t\t\t<p>Anyja neve: N\u00e9met Erzs\u00e9bet \/ Kov\u00e1cs M\u00e1rton<\/p><p>2020. febr.-ban elhunyt N\u00e9met Erzs\u00e9bet fi\u00e1r\u00f3l sz\u00f3l ez a riport film&#8230;<br><\/p>\t\t\t\t\t<\/div>\n\t\t\t\t\t\t<\/div>\n\t\t\t\t<\/div>\n\t\t\t\t\t\t<\/div>\n\t\t\t\t\t<\/div>\n\t\t<\/div>\n\t\t\t\t\t\t\t\t<\/div>\n\t\t\t\t\t<\/div>\n\t\t<\/section>\n\t\t\t\t\t\t<\/div>\n\t\t\t\t\t\t<\/div>\n\t\t\t\t\t<\/div>\n\t\t","protected":false},"excerpt":{"rendered":"<p>Kov\u00e1cs M\u00e1rton n\u00e9pzen\u00e9sz, aki muzsik\u00e1lt m\u00e1r Londonban, Shanghaiban \u00e9s az USA-ban is2021.08.27. Anyja neve: N\u00e9met Erzs\u00e9bet \/ Kov\u00e1cs M\u00e1rton 2020. febr.-ban elhunyt N\u00e9met Erzs\u00e9bet fi\u00e1r\u00f3l sz\u00f3l ez a riport film&#8230;<\/p>\n","protected":false},"author":1,"featured_media":0,"parent":0,"menu_order":0,"comment_status":"closed","ping_status":"closed","template":"","meta":[],"_links":{"self":[{"href":"https:\/\/www.zoldagvendegszeretet.hu\/index.php?rest_route=\/wp\/v2\/pages\/3101"}],"collection":[{"href":"https:\/\/www.zoldagvendegszeretet.hu\/index.php?rest_route=\/wp\/v2\/pages"}],"about":[{"href":"https:\/\/www.zoldagvendegszeretet.hu\/index.php?rest_route=\/wp\/v2\/types\/page"}],"author":[{"embeddable":true,"href":"https:\/\/www.zoldagvendegszeretet.hu\/index.php?rest_route=\/wp\/v2\/users\/1"}],"replies":[{"embeddable":true,"href":"https:\/\/www.zoldagvendegszeretet.hu\/index.php?rest_route=%2Fwp%2Fv2%2Fcomments&post=3101"}],"version-history":[{"count":4,"href":"https:\/\/www.zoldagvendegszeretet.hu\/index.php?rest_route=\/wp\/v2\/pages\/3101\/revisions"}],"predecessor-version":[{"id":3105,"href":"https:\/\/www.zoldagvendegszeretet.hu\/index.php?rest_route=\/wp\/v2\/pages\/3101\/revisions\/3105"}],"wp:attachment":[{"href":"https:\/\/www.zoldagvendegszeretet.hu\/index.php?rest_route=%2Fwp%2Fv2%2Fmedia&parent=3101"}],"curies":[{"name":"wp","href":"https:\/\/api.w.org\/{rel}","templated":true}]}}