{"id":2989,"date":"2021-05-11T18:09:04","date_gmt":"2021-05-11T18:09:04","guid":{"rendered":"https:\/\/www.zoldagvendegszeretet.hu\/?page_id=2989"},"modified":"2023-01-11T07:59:42","modified_gmt":"2023-01-11T07:59:42","slug":"szentes-tv-ertektar-gyujtemenye-szenyeri-daniel-kubikusra-tekeros-nepzeneszre-a-nepmuveszet-mesterere-emlekezik","status":"publish","type":"page","link":"https:\/\/www.zoldagvendegszeretet.hu\/?page_id=2989","title":{"rendered":"Szentes TV \u00c9rt\u00e9kt\u00e1r gy\u0171jtem\u00e9nye Szeny\u00e9ri D\u00e1niel kubikusra, teker\u0151s n\u00e9pzen\u00e9szre, a N\u00e9pm\u0171v\u00e9szet Mester\u00e9re eml\u00e9kezik"},"content":{"rendered":"\t\t<div data-elementor-type=\"wp-page\" data-elementor-id=\"2989\" class=\"elementor elementor-2989\" data-elementor-settings=\"[]\">\n\t\t\t\t\t\t<div class=\"elementor-inner\">\n\t\t\t\t\t\t\t<div class=\"elementor-section-wrap\">\n\t\t\t\t\t\t\t<section class=\"elementor-section elementor-top-section elementor-element elementor-element-ae5231f elementor-section-boxed elementor-section-height-default elementor-section-height-default\" data-id=\"ae5231f\" data-element_type=\"section\">\n\t\t\t\t\t\t<div class=\"elementor-container elementor-column-gap-default\">\n\t\t\t\t\t\t\t<div class=\"elementor-row\">\n\t\t\t\t\t<div class=\"elementor-column elementor-col-100 elementor-top-column elementor-element elementor-element-0974243\" data-id=\"0974243\" data-element_type=\"column\">\n\t\t\t<div class=\"elementor-column-wrap elementor-element-populated\">\n\t\t\t\t\t\t\t<div class=\"elementor-widget-wrap\">\n\t\t\t\t\t\t<div class=\"elementor-element elementor-element-87fe3e3 elementor-widget elementor-widget-text-editor\" data-id=\"87fe3e3\" data-element_type=\"widget\" data-widget_type=\"text-editor.default\">\n\t\t\t\t<div class=\"elementor-widget-container\">\n\t\t\t\t\t\t\t\t<div class=\"elementor-text-editor elementor-clearfix\">\n\t\t\t\t<p><span dir=\"auto\">Szentes TV \u00c9rt\u00e9kt\u00e1r gy\u0171jtem\u00e9ny\u00fcnk, amely ez\u00fattal Szeny\u00e9ri D\u00e1niel kubikusra, teker\u0151s n\u00e9pzen\u00e9szre, a N\u00e9pm\u0171v\u00e9szet Mester\u00e9re eml\u00e9kezik. Hank\u00f3 Gy\u00f6rgyn\u00e9 \u00e9s Csisz\u00e1r Endre sz\u00edv\u00fcgye a hagyat\u00e9k \u00e1pol\u00e1sa, a teker\u0151 k\u00e9sz\u00edt\u0151 \u00e9s muzsikus munk\u00e1j\u00e1nak \u00e1t\u00f6r\u00f6k\u00edt\u00e9se.<\/span><\/p>\n<p><span dir=\"auto\"><a href=\"https:\/\/www.facebook.com\/szentestelevizio\/posts\/3797007147063102\" target=\"_blank\">Ezen a linken megtekinthet\u0151: https:\/\/www.facebook.com\/szentestelevizio\/posts\/3797007147063102<\/a><br><\/span><\/p><p>A felv\u00e9tel a Szentes H\u00e1zban 2020. 12. 08-\u00e1n k\u00e9sz\u00fclt.<br><span dir=\"auto\"><\/span><\/p>\t\t\t\t\t<\/div>\n\t\t\t\t\t\t<\/div>\n\t\t\t\t<\/div>\n\t\t\t\t\t\t<\/div>\n\t\t\t\t\t<\/div>\n\t\t<\/div>\n\t\t\t\t\t\t\t\t<\/div>\n\t\t\t\t\t<\/div>\n\t\t<\/section>\n\t\t\t\t<section class=\"elementor-section elementor-top-section elementor-element elementor-element-250dee2 elementor-section-boxed elementor-section-height-default elementor-section-height-default\" data-id=\"250dee2\" data-element_type=\"section\">\n\t\t\t\t\t\t<div class=\"elementor-container elementor-column-gap-default\">\n\t\t\t\t\t\t\t<div class=\"elementor-row\">\n\t\t\t\t\t<div class=\"elementor-column elementor-col-100 elementor-top-column elementor-element elementor-element-b73ac3f\" data-id=\"b73ac3f\" data-element_type=\"column\">\n\t\t\t<div class=\"elementor-column-wrap elementor-element-populated\">\n\t\t\t\t\t\t\t<div class=\"elementor-widget-wrap\">\n\t\t\t\t\t\t<div class=\"elementor-element elementor-element-102de50 elementor-widget elementor-widget-text-editor\" data-id=\"102de50\" data-element_type=\"widget\" data-widget_type=\"text-editor.default\">\n\t\t\t\t<div class=\"elementor-widget-container\">\n\t\t\t\t\t\t\t\t<div class=\"elementor-text-editor elementor-clearfix\">\n\t\t\t\t<p>Kieg\u00e9sz\u00edt\u00e9s\u00fcl:<\/p>\t\t\t\t\t<\/div>\n\t\t\t\t\t\t<\/div>\n\t\t\t\t<\/div>\n\t\t\t\t\t\t<\/div>\n\t\t\t\t\t<\/div>\n\t\t<\/div>\n\t\t\t\t\t\t\t\t<\/div>\n\t\t\t\t\t<\/div>\n\t\t<\/section>\n\t\t\t\t<section class=\"elementor-section elementor-top-section elementor-element elementor-element-de45f4a elementor-section-boxed elementor-section-height-default elementor-section-height-default\" data-id=\"de45f4a\" data-element_type=\"section\">\n\t\t\t\t\t\t<div class=\"elementor-container elementor-column-gap-default\">\n\t\t\t\t\t\t\t<div class=\"elementor-row\">\n\t\t\t\t\t<div class=\"elementor-column elementor-col-100 elementor-top-column elementor-element elementor-element-b405b60\" data-id=\"b405b60\" data-element_type=\"column\">\n\t\t\t<div class=\"elementor-column-wrap elementor-element-populated\">\n\t\t\t\t\t\t\t<div class=\"elementor-widget-wrap\">\n\t\t\t\t\t\t<div class=\"elementor-element elementor-element-ac65209 elementor-widget elementor-widget-image\" data-id=\"ac65209\" data-element_type=\"widget\" data-widget_type=\"image.default\">\n\t\t\t\t<div class=\"elementor-widget-container\">\n\t\t\t\t\t\t\t\t<div class=\"elementor-image\">\n\t\t\t\t\t\t\t\t\t\t\t\t<img width=\"480\" height=\"680\" src=\"https:\/\/www.zoldagvendegszeretet.hu\/wp-content\/uploads\/2021\/05\/Balla-Istvan-1939.jpg\" class=\"attachment-large size-large\" alt=\"\" loading=\"lazy\" srcset=\"https:\/\/www.zoldagvendegszeretet.hu\/wp-content\/uploads\/2021\/05\/Balla-Istvan-1939.jpg 480w, https:\/\/www.zoldagvendegszeretet.hu\/wp-content\/uploads\/2021\/05\/Balla-Istvan-1939-212x300.jpg 212w\" sizes=\"(max-width: 480px) 100vw, 480px\" \/>\t\t\t\t\t\t\t\t\t\t\t\t\t\t<\/div>\n\t\t\t\t\t\t<\/div>\n\t\t\t\t<\/div>\n\t\t\t\t\t\t<\/div>\n\t\t\t\t\t<\/div>\n\t\t<\/div>\n\t\t\t\t\t\t\t\t<\/div>\n\t\t\t\t\t<\/div>\n\t\t<\/section>\n\t\t\t\t<section class=\"elementor-section elementor-top-section elementor-element elementor-element-4567a4b elementor-section-boxed elementor-section-height-default elementor-section-height-default\" data-id=\"4567a4b\" data-element_type=\"section\">\n\t\t\t\t\t\t<div class=\"elementor-container elementor-column-gap-default\">\n\t\t\t\t\t\t\t<div class=\"elementor-row\">\n\t\t\t\t\t<div class=\"elementor-column elementor-col-100 elementor-top-column elementor-element elementor-element-e77460a\" data-id=\"e77460a\" data-element_type=\"column\">\n\t\t\t<div class=\"elementor-column-wrap elementor-element-populated\">\n\t\t\t\t\t\t\t<div class=\"elementor-widget-wrap\">\n\t\t\t\t\t\t<div class=\"elementor-element elementor-element-07bb874 elementor-widget elementor-widget-text-editor\" data-id=\"07bb874\" data-element_type=\"widget\" data-widget_type=\"text-editor.default\">\n\t\t\t\t<div class=\"elementor-widget-container\">\n\t\t\t\t\t\t\t\t<div class=\"elementor-text-editor elementor-clearfix\">\n\t\t\t\t<p>Balla Istv\u00e1n (Szentes, 1876 &#8211; 1945) <br \/>teker\u0151s, kubikos, f\u00f6ldm\u0171ves, az 1939. \u00e9vi un. P\u00e1tria felv\u00e9telek egyik\u00a0 adatk\u00f6zl\u0151je.<\/p>\t\t\t\t\t<\/div>\n\t\t\t\t\t\t<\/div>\n\t\t\t\t<\/div>\n\t\t\t\t\t\t<\/div>\n\t\t\t\t\t<\/div>\n\t\t<\/div>\n\t\t\t\t\t\t\t\t<\/div>\n\t\t\t\t\t<\/div>\n\t\t<\/section>\n\t\t\t\t<section class=\"elementor-section elementor-top-section elementor-element elementor-element-6efdd9e elementor-section-boxed elementor-section-height-default elementor-section-height-default\" data-id=\"6efdd9e\" data-element_type=\"section\">\n\t\t\t\t\t\t<div class=\"elementor-container elementor-column-gap-default\">\n\t\t\t\t\t\t\t<div class=\"elementor-row\">\n\t\t\t\t\t<div class=\"elementor-column elementor-col-100 elementor-top-column elementor-element elementor-element-5621f68\" data-id=\"5621f68\" data-element_type=\"column\">\n\t\t\t<div class=\"elementor-column-wrap elementor-element-populated\">\n\t\t\t\t\t\t\t<div class=\"elementor-widget-wrap\">\n\t\t\t\t\t\t<div class=\"elementor-element elementor-element-c001a2f elementor-widget elementor-widget-text-editor\" data-id=\"c001a2f\" data-element_type=\"widget\" data-widget_type=\"text-editor.default\">\n\t\t\t\t<div class=\"elementor-widget-container\">\n\t\t\t\t\t\t\t\t<div class=\"elementor-text-editor elementor-clearfix\">\n\t\t\t\t<p><a href=\"http:\/\/www.szenteskincsei.gportal.hu\/gindex.php?pg=35321197&amp;nid=6362842\" target=\"_blank\" rel=\"noopener\">http:\/\/www.szenteskincsei.gportal.hu\/gindex.php?pg=35321197&amp;nid=6362842 <\/a><\/p>\t\t\t\t\t<\/div>\n\t\t\t\t\t\t<\/div>\n\t\t\t\t<\/div>\n\t\t\t\t\t\t<\/div>\n\t\t\t\t\t<\/div>\n\t\t<\/div>\n\t\t\t\t\t\t\t\t<\/div>\n\t\t\t\t\t<\/div>\n\t\t<\/section>\n\t\t\t\t<section class=\"elementor-section elementor-top-section elementor-element elementor-element-284608f elementor-section-boxed elementor-section-height-default elementor-section-height-default\" data-id=\"284608f\" data-element_type=\"section\">\n\t\t\t\t\t\t<div class=\"elementor-container elementor-column-gap-default\">\n\t\t\t\t\t\t\t<div class=\"elementor-row\">\n\t\t\t\t\t<div class=\"elementor-column elementor-col-100 elementor-top-column elementor-element elementor-element-0859f29\" data-id=\"0859f29\" data-element_type=\"column\">\n\t\t\t<div class=\"elementor-column-wrap elementor-element-populated\">\n\t\t\t\t\t\t\t<div class=\"elementor-widget-wrap\">\n\t\t\t\t\t\t<div class=\"elementor-element elementor-element-66147aa elementor-aspect-ratio-169 elementor-widget elementor-widget-video\" data-id=\"66147aa\" data-element_type=\"widget\" data-settings=\"{&quot;youtube_url&quot;:&quot;https:\\\/\\\/www.youtube.com\\\/watch?v=FA9OjCRx1mw&quot;,&quot;video_type&quot;:&quot;youtube&quot;,&quot;controls&quot;:&quot;yes&quot;,&quot;aspect_ratio&quot;:&quot;169&quot;}\" data-widget_type=\"video.default\">\n\t\t\t\t<div class=\"elementor-widget-container\">\n\t\t\t\t\t<div class=\"elementor-wrapper elementor-fit-aspect-ratio elementor-open-inline\">\n\t\t\t<div class=\"elementor-video\"><\/div>\t\t<\/div>\n\t\t\t\t<\/div>\n\t\t\t\t<\/div>\n\t\t\t\t\t\t<\/div>\n\t\t\t\t\t<\/div>\n\t\t<\/div>\n\t\t\t\t\t\t\t\t<\/div>\n\t\t\t\t\t<\/div>\n\t\t<\/section>\n\t\t\t\t\t\t<\/div>\n\t\t\t\t\t\t<\/div>\n\t\t\t\t\t<\/div>\n\t\t","protected":false},"excerpt":{"rendered":"<p>Szentes TV \u00c9rt\u00e9kt\u00e1r gy\u0171jtem\u00e9ny\u00fcnk, amely ez\u00fattal Szeny\u00e9ri D\u00e1niel kubikusra, teker\u0151s n\u00e9pzen\u00e9szre, a N\u00e9pm\u0171v\u00e9szet Mester\u00e9re eml\u00e9kezik. Hank\u00f3 Gy\u00f6rgyn\u00e9 \u00e9s Csisz\u00e1r Endre sz\u00edv\u00fcgye a hagyat\u00e9k \u00e1pol\u00e1sa, a teker\u0151 k\u00e9sz\u00edt\u0151 \u00e9s muzsikus munk\u00e1j\u00e1nak \u00e1t\u00f6r\u00f6k\u00edt\u00e9se. Ezen a linken megtekinthet\u0151: https:\/\/www.facebook.com\/szentestelevizio\/posts\/3797007147063102 A felv\u00e9tel a Szentes&hellip; <\/p>\n","protected":false},"author":1,"featured_media":0,"parent":0,"menu_order":0,"comment_status":"closed","ping_status":"closed","template":"","meta":[],"_links":{"self":[{"href":"https:\/\/www.zoldagvendegszeretet.hu\/index.php?rest_route=\/wp\/v2\/pages\/2989"}],"collection":[{"href":"https:\/\/www.zoldagvendegszeretet.hu\/index.php?rest_route=\/wp\/v2\/pages"}],"about":[{"href":"https:\/\/www.zoldagvendegszeretet.hu\/index.php?rest_route=\/wp\/v2\/types\/page"}],"author":[{"embeddable":true,"href":"https:\/\/www.zoldagvendegszeretet.hu\/index.php?rest_route=\/wp\/v2\/users\/1"}],"replies":[{"embeddable":true,"href":"https:\/\/www.zoldagvendegszeretet.hu\/index.php?rest_route=%2Fwp%2Fv2%2Fcomments&post=2989"}],"version-history":[{"count":15,"href":"https:\/\/www.zoldagvendegszeretet.hu\/index.php?rest_route=\/wp\/v2\/pages\/2989\/revisions"}],"predecessor-version":[{"id":4156,"href":"https:\/\/www.zoldagvendegszeretet.hu\/index.php?rest_route=\/wp\/v2\/pages\/2989\/revisions\/4156"}],"wp:attachment":[{"href":"https:\/\/www.zoldagvendegszeretet.hu\/index.php?rest_route=%2Fwp%2Fv2%2Fmedia&parent=2989"}],"curies":[{"name":"wp","href":"https:\/\/api.w.org\/{rel}","templated":true}]}}