{"id":2542,"date":"2021-02-17T11:42:32","date_gmt":"2021-02-17T11:42:32","guid":{"rendered":"https:\/\/www.zoldagvendegszeretet.hu\/?page_id=2542"},"modified":"2021-02-17T11:44:25","modified_gmt":"2021-02-17T11:44:25","slug":"a-mai-magyar-nyelvi-humor","status":"publish","type":"page","link":"https:\/\/www.zoldagvendegszeretet.hu\/?page_id=2542","title":{"rendered":"A mai magyar nyelvi humor"},"content":{"rendered":"\t\t<div data-elementor-type=\"wp-page\" data-elementor-id=\"2542\" class=\"elementor elementor-2542\" data-elementor-settings=\"[]\">\n\t\t\t\t\t\t<div class=\"elementor-inner\">\n\t\t\t\t\t\t\t<div class=\"elementor-section-wrap\">\n\t\t\t\t\t\t\t<section class=\"elementor-section elementor-top-section elementor-element elementor-element-cdcd5fe elementor-section-boxed elementor-section-height-default elementor-section-height-default\" data-id=\"cdcd5fe\" data-element_type=\"section\">\n\t\t\t\t\t\t<div class=\"elementor-container elementor-column-gap-default\">\n\t\t\t\t\t\t\t<div class=\"elementor-row\">\n\t\t\t\t\t<div class=\"elementor-column elementor-col-100 elementor-top-column elementor-element elementor-element-03ad9cc\" data-id=\"03ad9cc\" data-element_type=\"column\">\n\t\t\t<div class=\"elementor-column-wrap elementor-element-populated\">\n\t\t\t\t\t\t\t<div class=\"elementor-widget-wrap\">\n\t\t\t\t\t\t<div class=\"elementor-element elementor-element-4ac28b9 elementor-widget elementor-widget-text-editor\" data-id=\"4ac28b9\" data-element_type=\"widget\" data-widget_type=\"text-editor.default\">\n\t\t\t\t<div class=\"elementor-widget-container\">\n\t\t\t\t\t\t\t\t<div class=\"elementor-text-editor elementor-clearfix\">\n\t\t\t\t<p>12 \u00e9ven fel\u00fclieknek<\/p>\n<p>Forr\u00e1s: Internet 2021. febru\u00e1r 15<br><\/p>\n<p><br><\/p>\n<p>Csod\u00e1latos, sz\u00f3rakoztat\u00f3, eml\u00e9keztet\u0151 \u00f6ssze\u00e1ll\u00edt\u00e1s.<br>Szerintem Karinthy \u00e9s Kosztol\u00e1nyi kezdhette \u2026 <\/p>\n<p>A magyarok szinte sportot \u0171znek abb\u00f3l, hogy mit lehet tenni a magyar nyelvvel. <br>Ki ind\u00edtotta el azt az &#8222;elm\u00e9tlen&#8221; j\u00e1t\u00e9kot, hogy mindent megford\u00edtunk, <br>s akkor igen \u00e9rdekes \u00faj jelent\u00e9sek sz\u00fcletnek? <br>Szinte m\u00e1r less\u00fck, hogy hogyan is l\u00e1ssuk a dolgok fon\u00e1kj\u00e1t! <br>Az egyik feljegyz\u00e9s szerint Vadas P\u00e1l, de \u0151 sem dolgozhatott &#8222;el\u0151k\u00e9pek&#8221;, <br>nyelvi hagyom\u00e1ny n\u00e9lk\u00fcl.<\/p>\n<p>\u00d6ssze ne t\u00e9vessze!<br>a boka t\u00e1j\u00e1t a toka b\u00e1j\u00e1val,<br>a borztany\u00e1t a torz bany\u00e1val,<br>a cs\u00e1rda zaj\u00e1t a z\u00e1rda csaj\u00e1val,<br>a sz\u00e1radt f\u00fczet a f\u00e1radt sz\u0171zzel,<br>a fart\u0151t a tar f\u0151vel,<br>a harcsa m\u00e1j\u00e1t a Marcsa h\u00e1j\u00e1val,<br>a j\u00f3 bor kulcs\u00e1t a k\u00f3bor Julcs\u00e1val,<br>a csokorban adott b\u00f3kot a bokorban adott cs\u00f3kkal,<br>a foltos b\u00f6l\u00e9nyt a boltos-f\u00f6l\u00e9nnyel,<br>a h\u0151s ember nev\u00e9t a n\u0151s ember hev\u00e9vel,<br>a r\u00e9ti pipacsot a p\u00e9ti ripaccsal&#8230;<br>Nem mindegy&#8230;<br>hogy egy\u00f6ntet\u0171 vagy \u00f6n egy tet\u0171,<br>hogy v\u00edzibusz vagy buzi visz,<br>hogy m\u00f6g\u00f6ttem vagy nem \u00f6ttem m\u00f6g,<br>hogy teniszp\u00e1lya vagy p\u00e9nisz t\u00e1ja,<br>hogy rovarszervet ivartalan\u00edtani vagy ivarszervet rovartalan\u00edtani,<br>hogy mire fekszel: nedves k\u0151re vagy kedves n\u0151re,<br>hogy helyet cser\u00e9lni vagy csehet her\u00e9lni,<br>hogy v\u00f6r\u00f6s szalag vagy sz\u0151r\u00f6s valag,<br>hogy v\u00e9res p\u00e1rbaj vagy p\u00e1ros v\u00e9rbaj,<br>hogy k\u00f6h\u00f6gve r\u00f6p\u00fclsz vagy r\u00f6h\u00f6gve k\u00f6p\u00fclsz.<\/p>\n<p>M\u00e9g k\u00e9t &#8222;mesteri&#8221; p\u00e9lda, egy irodalmi \u00e9s egy n\u00e9pi .<br>Nem mindegy, hogy G\u00f6d\u00f6n van szobrod, vagy Szobon van g\u00f6dr\u00f6d.<br>No de J\u00f3zsi b\u00e1csi, nem sz\u00e9kletb\u0151l sormint\u00e1t v\u00e9gig az ajt\u00f3ra, <br>hanem sz\u00e9kletmint\u00e1val a sor v\u00e9g\u00e9re az ajt\u00f3hoz!<\/p>\n<p>b\u00e9rl\u0151t\u00e1rs &#8211; t\u00e1rsb\u00e9rl\u0151<br>\u00e1llamp\u00e1rt &#8211; p\u00e1rt\u00e1llam<br>cs\u00f3nakmotor &#8211; motorcs\u00f3nak<br>padl\u00f3sz\u0151nyeg &#8211; sz\u0151nyegpadl\u00f3<br>lisztcukor &#8211; cukorliszt<br>r\u00e1di\u00f3magn\u00f3 &#8211; magn\u00f3r\u00e1di\u00f3<\/p>\n<p>A vicctechnika is el\u0151szeretettel megford\u00edt szerkezeteket:<br>&#8211; Te, ha \u00e9n k\u00e1v\u00e9t iszom, nem tudok elaludni!<br>&#8211; N\u00e1lam ez pont ford\u00edtva van!<br>&#8211; Hogyhogy?<br>&#8211; Ha alszom, nem tudok k\u00e1v\u00e9t inni!<\/p>\n<p>&#8211; Mi a k\u00fcl\u00f6nbs\u00e9g a k\u00e9s \u00e9s a vonat k\u00f6z\u00f6tt?<br>&#8211; A vonat tud k\u00e9sni, de a k\u00e9s nem tud vonatni.<\/p>\n<p>Miel\u0151tt belet\u00f6rne a nyelv\u00fcnk, l\u00e1ssunk n\u00e9h\u00e1ny nyelvt\u00f6r\u0151t az igen gazdag term\u00e9sb\u0151l! Kevesebb is volt a besz\u00e9dhib\u00e1s (legal\u00e1bbis a logop\u00e9dusok szerint),<br>&nbsp;amikor ilyenekkel torn\u00e1ztatt\u00e1k a gyerekeket:<br>L\u00e1ttam sz\u0151r\u00f6s h\u00f6rcs\u00f6g\u00f6t. \u00c9ppen sz\u00f6rp\u00f6t sz\u00f6rcs\u00f6g\u00f6tt.<br>Ha a h\u00f6rcs\u00f6g sz\u00f6rp\u00f6t sz\u00f6rcs\u00f6g, r\u00e1t\u00f6rnek a h\u00f6rcs\u00f6gg\u00f6rcs\u00f6k.<br>Meggymag. Szel\u00edd meggymag vagy, vagy vad meggymag vagy?<br>Piros cs\u00edkos cinkcs\u00e9sz\u00e9ben cukros csirkecomb.<br>Agosty\u00e1nban agg aty\u00e1k a gaty\u00e1ikat aggatj\u00e1k!<br>A Moszkvics-slusszkulcs luxussz\u00fcks\u00e9glet.<\/p>\n<p>A k\u00e9pis\u00e9g \u00e9s k\u00f6lt\u0151is\u00e9g \u00f6sszekapcsol\u00e1s\u00e1b\u00f3l fakad a Ki hogyan hal meg? sorozat.<br>A kert\u00e9sz a paradicsomba jut.<br>A haj\u00f3skapit\u00e1ny r\u00e9vbe \u00e9r.<br>A suszter feldobja a bakancs\u00e1t.<br>A h\u00e1zmester beadja a kulcsot.<br>Az arat\u00f3t lekasz\u00e1lja a hal\u00e1l.<\/p>\n<p>A nyelvtani form\u00e1kn\u00e1l maradva eg\u00e9szen egyedi magyar nyelvi lehet\u0151s\u00e9g a szavak, <br>nevek &#8222;ragoz\u00e1sa&#8221; &#8211; ism\u00e9t egy le nem \u00edrt, nem elemzett magyar nyelvi &#8222;lehet\u0151s\u00e9g&#8221;! <br>Rendk\u00edv\u00fcli lelem\u00e9ny a kiindul\u00f3 p\u00e9ld\u00e1nk, amely szem\u00e9lyes n\u00e9vm\u00e1sokkal &#8222;kezd\u0151d\u0151&#8221; ig\u00e9ket tartalmaz &#8211; a humort egy\u00e9bk\u00e9nt a szerkezet szokatlan \u00e9s szab\u00e1lytalan sz\u00e9ttagol\u00e1sa okozza.<\/p>\n<p>\u00c9n ekelek, Te keregsz, \u0150 gyeleg<br>Mi nistr\u00e1lunk, Ti vorny\u00e1ztok, \u0150k lendeznek<\/p>\n<p>Vagy egy m\u00e9g bonyolultabb ragoz\u00f3s mond\u00f3ka, amelynek l\u00e9nyege, <br>hogy egy kiindul\u00f3 szerkezethez &#8222;paradigm\u00e1t&#8221; (ragoz\u00e1si sort) tal\u00e1l ki alkot\u00f3ja:<br>\u00c9n sike te fuszos, \u0150 sike mi fuszos, Misike t\u00edfuszos.<\/p>\n<p>M\u00e1sfajta paradigma is meg\u00e9l sz\u00f3vicc form\u00e1j\u00e1ban: a mell\u00e9kn\u00e9vfokoz\u00e1s.<br>&#8211; \u00d6n inka?<br>&#8211; Igen, \u00e9s \u00f6n?<br>&#8211; \u00c9n m\u00e9g ink\u00e1bb.<\/p>\n<p>A leghosszabb magyar mondat, amely visszafel\u00e9 is ugyanaz:<br>Kis erek ment\u00e9n, l\u00e1p, s\u00edk \u00f6l\u00e9n, oda van a b\u00e1nya rabja,<br>jaj Barany\u00e1ban a vadon \u00e9l\u0151 Kis P\u00e1ln\u00e9t nem keresik.<\/p>\n<p>Erre az el\u0151 mint\u00e1ra alkotta meg elm\u00e9s magyar ezt a versezetet:<br>Az utc\u00e1n hideg sz\u00e9l s\u00f6p\u00f6r,<br>zsebemben egy mar\u00e9k t\u00f6p\u00f6r-<br>ty\u0171, de hideg van!<\/p>\n<p>A sz\u00e9ttagol\u00e1s vicc form\u00e1j\u00e1ban:<br>&#8211; Mi\u00e9rt nem tal\u00e1lj\u00e1k Palik\u00e1t az erd\u0151ben?<br>&#8211; Mert P\u00e1l ma fa!<\/p>\n<p>&#8211; Mi az, f\u00e9mb\u0151l van \u00e9s utazik?<br>&#8211; Vas utas.<\/p>\n<p>Illetve a szab\u00e1lyok alapj\u00e1n t\u00f6rt\u00e9n\u0151, de m\u00e9gis szokatlan (helytelen) sz\u00f3alkot\u00e1sm\u00f3d:<br>&#8211; Mi az aperitif ellent\u00e9te?<br>&#8211; Az ut\u00f3-pia.<\/p>\n<p>Hogy a magyar vicc egyed\u00fcl\u00e1ll\u00f3, minden magyar tudja. Els\u0151sorban csak a magyar, <br>mert a sz\u00f3vicc, a nyelvi vicc nem ford\u00edthat\u00f3 le. <br>A vicc tov\u00e1bbra is a t\u00e1rsadalmi-politikai dolgokra leggyorsabban reag\u00e1l\u00f3 m\u0171faj: energiaital, pitbull, web aligha szerepelt n\u00e9h\u00e1ny \u00e9vtizeddel ezel\u0151tt a folkl\u00f3rban.<\/p>\n<p>&#8211; Milyen a falusi energiaital?<br>&#8211; Kutbul.<\/p>\n<p>&#8211; Milyen a falusi harci kutya?<br>&#8211; \u00d3lbul!<\/p>\n<p>&#8211; Mit \u00e9nekelnek a molyok a szekr\u00e9nyben?<br>&#8211; Edda bl\u00fazt!<\/p>\n<p>&#8211; Mir\u0151l lehet felismerni a sz\u00e1m\u00edt\u00f3g\u00e9pes (internetes) kal\u00f3zokat?<br>&#8211; Webhely van az arcukon.<br>A sz\u00f3viccek eg\u00e9szen egyedi form\u00e1ja a sz\u00f3vegy\u00fcl\u00e9ses alakokat l\u00e9trehoz\u00f3 vicc.<\/p>\n<p>&#8211; Mi lesz a mack\u00f3 \u00e9s a narancs keresztez\u00e9s\u00e9b\u0151l?<br>&#8211; Pandarin.<\/p>\n<p>&#8211; Mi lesz a paripa \u00e9s a gr\u00e9pfr\u00fat keresztez\u00e9s\u00e9b\u0151l?<br>&#8211; L\u00f3citrom.<\/p>\n<p>&#8211; Mi lesz a teh\u00e9n \u00e9s a macska keresztez\u00e9s\u00e9b\u0151l?<br>&#8211; M\u00fa-mia.<\/p>\n<p>Ebben az \u00edr\u00e1sban kicsit nyelvtanoztam. <br>A viccek is tudnak a nyelvtanr\u00f3l, a nyelvtantan\u00edt\u00e1sr\u00f3l is:<\/p>\n<p>&#8211; Az iskol\u00e1ban megk\u00e9rdezi a tan\u00e1r, hogy ki mit kapott kar\u00e1csonyra.<br>&#8211; Pistike, te mit kapt\u00e1l?<br>&#8211; H\u00e1tit\u00e1sk\u00e1t!<br>&#8211; Fiam! H\u00e1ttal nem kezd\u00fcnk mondatot!<\/p>\n<p>&#8211; Kisfiam, ett\u00e9&#8217;?<br>&#8211; Nem egy t\u00e9, hanem k\u00e9t t\u00e9!<\/p>\n<p>&#8211; Pistike, mondj k\u00e9t n\u00e9vm\u00e1st!<br>&#8211; Ki? \u00c9n?<\/p>\t\t\t\t\t<\/div>\n\t\t\t\t\t\t<\/div>\n\t\t\t\t<\/div>\n\t\t\t\t\t\t<\/div>\n\t\t\t\t\t<\/div>\n\t\t<\/div>\n\t\t\t\t\t\t\t\t<\/div>\n\t\t\t\t\t<\/div>\n\t\t<\/section>\n\t\t\t\t\t\t<\/div>\n\t\t\t\t\t\t<\/div>\n\t\t\t\t\t<\/div>\n\t\t","protected":false},"excerpt":{"rendered":"<p>12 \u00e9ven fel\u00fclieknek Forr\u00e1s: Internet 2021. febru\u00e1r 15 Csod\u00e1latos, sz\u00f3rakoztat\u00f3, eml\u00e9keztet\u0151 \u00f6ssze\u00e1ll\u00edt\u00e1s.Szerintem Karinthy \u00e9s Kosztol\u00e1nyi kezdhette \u2026 A magyarok szinte sportot \u0171znek abb\u00f3l, hogy mit lehet tenni a magyar nyelvvel. Ki ind\u00edtotta el azt az &#8222;elm\u00e9tlen&#8221; j\u00e1t\u00e9kot, hogy mindent megford\u00edtunk,&hellip; <\/p>\n","protected":false},"author":1,"featured_media":0,"parent":0,"menu_order":0,"comment_status":"closed","ping_status":"closed","template":"","meta":[],"_links":{"self":[{"href":"https:\/\/www.zoldagvendegszeretet.hu\/index.php?rest_route=\/wp\/v2\/pages\/2542"}],"collection":[{"href":"https:\/\/www.zoldagvendegszeretet.hu\/index.php?rest_route=\/wp\/v2\/pages"}],"about":[{"href":"https:\/\/www.zoldagvendegszeretet.hu\/index.php?rest_route=\/wp\/v2\/types\/page"}],"author":[{"embeddable":true,"href":"https:\/\/www.zoldagvendegszeretet.hu\/index.php?rest_route=\/wp\/v2\/users\/1"}],"replies":[{"embeddable":true,"href":"https:\/\/www.zoldagvendegszeretet.hu\/index.php?rest_route=%2Fwp%2Fv2%2Fcomments&post=2542"}],"version-history":[{"count":3,"href":"https:\/\/www.zoldagvendegszeretet.hu\/index.php?rest_route=\/wp\/v2\/pages\/2542\/revisions"}],"predecessor-version":[{"id":2545,"href":"https:\/\/www.zoldagvendegszeretet.hu\/index.php?rest_route=\/wp\/v2\/pages\/2542\/revisions\/2545"}],"wp:attachment":[{"href":"https:\/\/www.zoldagvendegszeretet.hu\/index.php?rest_route=%2Fwp%2Fv2%2Fmedia&parent=2542"}],"curies":[{"name":"wp","href":"https:\/\/api.w.org\/{rel}","templated":true}]}}