{"id":2147,"date":"2021-01-14T11:18:03","date_gmt":"2021-01-14T11:18:03","guid":{"rendered":"https:\/\/www.zoldagvendegszeretet.hu\/?page_id=2147"},"modified":"2021-01-14T11:27:28","modified_gmt":"2021-01-14T11:27:28","slug":"szoveges-osszefoglalo-a-zoldag-hagyomanyorzo-szakkor-zhsz-2020-evi-szakmai-munkajarol-es-tamogatoirol","status":"publish","type":"page","link":"https:\/\/www.zoldagvendegszeretet.hu\/?page_id=2147","title":{"rendered":"Sz\u00f6veges \u00f6sszefoglal\u00f3 a Z\u00f6ld\u00e1g Hagyom\u00e1ny\u0151rz\u0151 Szakk\u00f6r (ZHSZ) 2020. \u00e9vi szakmai munk\u00e1j\u00e1r\u00f3l \u00e9s t\u00e1mogat\u00f3ir\u00f3l"},"content":{"rendered":"\t\t<div data-elementor-type=\"wp-page\" data-elementor-id=\"2147\" class=\"elementor elementor-2147\" data-elementor-settings=\"[]\">\n\t\t\t\t\t\t<div class=\"elementor-inner\">\n\t\t\t\t\t\t\t<div class=\"elementor-section-wrap\">\n\t\t\t\t\t\t\t<section class=\"elementor-section elementor-top-section elementor-element elementor-element-69ce134 elementor-section-boxed elementor-section-height-default elementor-section-height-default\" data-id=\"69ce134\" data-element_type=\"section\">\n\t\t\t\t\t\t<div class=\"elementor-container elementor-column-gap-default\">\n\t\t\t\t\t\t\t<div class=\"elementor-row\">\n\t\t\t\t\t<div class=\"elementor-column elementor-col-100 elementor-top-column elementor-element elementor-element-b795214\" data-id=\"b795214\" data-element_type=\"column\">\n\t\t\t<div class=\"elementor-column-wrap elementor-element-populated\">\n\t\t\t\t\t\t\t<div class=\"elementor-widget-wrap\">\n\t\t\t\t\t\t<div class=\"elementor-element elementor-element-c2f7d63 elementor-widget elementor-widget-image\" data-id=\"c2f7d63\" data-element_type=\"widget\" data-widget_type=\"image.default\">\n\t\t\t\t<div class=\"elementor-widget-container\">\n\t\t\t\t\t\t\t\t<div class=\"elementor-image\">\n\t\t\t\t\t\t\t\t\t\t\t\t<img width=\"700\" height=\"990\" src=\"https:\/\/www.zoldagvendegszeretet.hu\/wp-content\/uploads\/2021\/01\/2020besz01-724x1024.jpg\" class=\"attachment-large size-large\" alt=\"\" loading=\"lazy\" srcset=\"https:\/\/www.zoldagvendegszeretet.hu\/wp-content\/uploads\/2021\/01\/2020besz01-724x1024.jpg 724w, https:\/\/www.zoldagvendegszeretet.hu\/wp-content\/uploads\/2021\/01\/2020besz01-212x300.jpg 212w, https:\/\/www.zoldagvendegszeretet.hu\/wp-content\/uploads\/2021\/01\/2020besz01-768x1086.jpg 768w, https:\/\/www.zoldagvendegszeretet.hu\/wp-content\/uploads\/2021\/01\/2020besz01-1086x1536.jpg 1086w, https:\/\/www.zoldagvendegszeretet.hu\/wp-content\/uploads\/2021\/01\/2020besz01-1448x2048.jpg 1448w, https:\/\/www.zoldagvendegszeretet.hu\/wp-content\/uploads\/2021\/01\/2020besz01.jpg 1654w\" sizes=\"(max-width: 700px) 100vw, 700px\" \/>\t\t\t\t\t\t\t\t\t\t\t\t\t\t<\/div>\n\t\t\t\t\t\t<\/div>\n\t\t\t\t<\/div>\n\t\t\t\t\t\t<\/div>\n\t\t\t\t\t<\/div>\n\t\t<\/div>\n\t\t\t\t\t\t\t\t<\/div>\n\t\t\t\t\t<\/div>\n\t\t<\/section>\n\t\t\t\t<section class=\"elementor-section elementor-top-section elementor-element elementor-element-0eb9faf elementor-section-boxed elementor-section-height-default elementor-section-height-default\" data-id=\"0eb9faf\" data-element_type=\"section\">\n\t\t\t\t\t\t<div class=\"elementor-container elementor-column-gap-default\">\n\t\t\t\t\t\t\t<div class=\"elementor-row\">\n\t\t\t\t\t<div class=\"elementor-column elementor-col-100 elementor-top-column elementor-element elementor-element-9fe5a69\" data-id=\"9fe5a69\" data-element_type=\"column\">\n\t\t\t<div class=\"elementor-column-wrap elementor-element-populated\">\n\t\t\t\t\t\t\t<div class=\"elementor-widget-wrap\">\n\t\t\t\t\t\t<div class=\"elementor-element elementor-element-1e525d1 elementor-widget elementor-widget-image\" data-id=\"1e525d1\" data-element_type=\"widget\" data-widget_type=\"image.default\">\n\t\t\t\t<div class=\"elementor-widget-container\">\n\t\t\t\t\t\t\t\t<div class=\"elementor-image\">\n\t\t\t\t\t\t\t\t\t\t\t\t<img width=\"700\" height=\"990\" src=\"https:\/\/www.zoldagvendegszeretet.hu\/wp-content\/uploads\/2021\/01\/2020besz02-724x1024.jpg\" class=\"attachment-large size-large\" alt=\"\" loading=\"lazy\" srcset=\"https:\/\/www.zoldagvendegszeretet.hu\/wp-content\/uploads\/2021\/01\/2020besz02-724x1024.jpg 724w, https:\/\/www.zoldagvendegszeretet.hu\/wp-content\/uploads\/2021\/01\/2020besz02-212x300.jpg 212w, https:\/\/www.zoldagvendegszeretet.hu\/wp-content\/uploads\/2021\/01\/2020besz02-768x1086.jpg 768w, https:\/\/www.zoldagvendegszeretet.hu\/wp-content\/uploads\/2021\/01\/2020besz02-1086x1536.jpg 1086w, https:\/\/www.zoldagvendegszeretet.hu\/wp-content\/uploads\/2021\/01\/2020besz02-1448x2048.jpg 1448w, https:\/\/www.zoldagvendegszeretet.hu\/wp-content\/uploads\/2021\/01\/2020besz02.jpg 1654w\" sizes=\"(max-width: 700px) 100vw, 700px\" \/>\t\t\t\t\t\t\t\t\t\t\t\t\t\t<\/div>\n\t\t\t\t\t\t<\/div>\n\t\t\t\t<\/div>\n\t\t\t\t\t\t<\/div>\n\t\t\t\t\t<\/div>\n\t\t<\/div>\n\t\t\t\t\t\t\t\t<\/div>\n\t\t\t\t\t<\/div>\n\t\t<\/section>\n\t\t\t\t<section class=\"elementor-section elementor-top-section elementor-element elementor-element-6d2b826 elementor-section-boxed elementor-section-height-default elementor-section-height-default\" data-id=\"6d2b826\" data-element_type=\"section\">\n\t\t\t\t\t\t<div class=\"elementor-container elementor-column-gap-default\">\n\t\t\t\t\t\t\t<div class=\"elementor-row\">\n\t\t\t\t\t<div class=\"elementor-column elementor-col-100 elementor-top-column elementor-element elementor-element-cd22baf\" data-id=\"cd22baf\" data-element_type=\"column\">\n\t\t\t<div class=\"elementor-column-wrap elementor-element-populated\">\n\t\t\t\t\t\t\t<div class=\"elementor-widget-wrap\">\n\t\t\t\t\t\t<div class=\"elementor-element elementor-element-e2b7b48 elementor-widget elementor-widget-image\" data-id=\"e2b7b48\" data-element_type=\"widget\" data-widget_type=\"image.default\">\n\t\t\t\t<div class=\"elementor-widget-container\">\n\t\t\t\t\t\t\t\t<div class=\"elementor-image\">\n\t\t\t\t\t\t\t\t\t\t\t\t<img width=\"700\" height=\"990\" src=\"https:\/\/www.zoldagvendegszeretet.hu\/wp-content\/uploads\/2021\/01\/2020besz03-724x1024.jpg\" class=\"attachment-large size-large\" alt=\"\" loading=\"lazy\" srcset=\"https:\/\/www.zoldagvendegszeretet.hu\/wp-content\/uploads\/2021\/01\/2020besz03-724x1024.jpg 724w, https:\/\/www.zoldagvendegszeretet.hu\/wp-content\/uploads\/2021\/01\/2020besz03-212x300.jpg 212w, https:\/\/www.zoldagvendegszeretet.hu\/wp-content\/uploads\/2021\/01\/2020besz03-768x1086.jpg 768w, https:\/\/www.zoldagvendegszeretet.hu\/wp-content\/uploads\/2021\/01\/2020besz03-1086x1536.jpg 1086w, https:\/\/www.zoldagvendegszeretet.hu\/wp-content\/uploads\/2021\/01\/2020besz03-1448x2048.jpg 1448w, https:\/\/www.zoldagvendegszeretet.hu\/wp-content\/uploads\/2021\/01\/2020besz03.jpg 1654w\" sizes=\"(max-width: 700px) 100vw, 700px\" \/>\t\t\t\t\t\t\t\t\t\t\t\t\t\t<\/div>\n\t\t\t\t\t\t<\/div>\n\t\t\t\t<\/div>\n\t\t\t\t\t\t<\/div>\n\t\t\t\t\t<\/div>\n\t\t<\/div>\n\t\t\t\t\t\t\t\t<\/div>\n\t\t\t\t\t<\/div>\n\t\t<\/section>\n\t\t\t\t<section class=\"elementor-section elementor-top-section elementor-element elementor-element-79f1645 elementor-section-boxed elementor-section-height-default elementor-section-height-default\" data-id=\"79f1645\" data-element_type=\"section\">\n\t\t\t\t\t\t<div class=\"elementor-container elementor-column-gap-default\">\n\t\t\t\t\t\t\t<div class=\"elementor-row\">\n\t\t\t\t\t<div class=\"elementor-column elementor-col-100 elementor-top-column elementor-element elementor-element-57fd155\" data-id=\"57fd155\" data-element_type=\"column\">\n\t\t\t<div class=\"elementor-column-wrap elementor-element-populated\">\n\t\t\t\t\t\t\t<div class=\"elementor-widget-wrap\">\n\t\t\t\t\t\t<div class=\"elementor-element elementor-element-f530fdb elementor-widget elementor-widget-image\" data-id=\"f530fdb\" data-element_type=\"widget\" data-widget_type=\"image.default\">\n\t\t\t\t<div class=\"elementor-widget-container\">\n\t\t\t\t\t\t\t\t<div class=\"elementor-image\">\n\t\t\t\t\t\t\t\t\t\t\t\t<img width=\"700\" height=\"990\" src=\"https:\/\/www.zoldagvendegszeretet.hu\/wp-content\/uploads\/2021\/01\/2020besz04-724x1024.jpg\" class=\"attachment-large size-large\" alt=\"\" loading=\"lazy\" srcset=\"https:\/\/www.zoldagvendegszeretet.hu\/wp-content\/uploads\/2021\/01\/2020besz04-724x1024.jpg 724w, https:\/\/www.zoldagvendegszeretet.hu\/wp-content\/uploads\/2021\/01\/2020besz04-212x300.jpg 212w, https:\/\/www.zoldagvendegszeretet.hu\/wp-content\/uploads\/2021\/01\/2020besz04-768x1086.jpg 768w, https:\/\/www.zoldagvendegszeretet.hu\/wp-content\/uploads\/2021\/01\/2020besz04-1086x1536.jpg 1086w, https:\/\/www.zoldagvendegszeretet.hu\/wp-content\/uploads\/2021\/01\/2020besz04-1448x2048.jpg 1448w, https:\/\/www.zoldagvendegszeretet.hu\/wp-content\/uploads\/2021\/01\/2020besz04.jpg 1654w\" sizes=\"(max-width: 700px) 100vw, 700px\" \/>\t\t\t\t\t\t\t\t\t\t\t\t\t\t<\/div>\n\t\t\t\t\t\t<\/div>\n\t\t\t\t<\/div>\n\t\t\t\t\t\t<\/div>\n\t\t\t\t\t<\/div>\n\t\t<\/div>\n\t\t\t\t\t\t\t\t<\/div>\n\t\t\t\t\t<\/div>\n\t\t<\/section>\n\t\t\t\t<section class=\"elementor-section elementor-top-section elementor-element elementor-element-6402a6e elementor-section-boxed elementor-section-height-default elementor-section-height-default\" data-id=\"6402a6e\" data-element_type=\"section\">\n\t\t\t\t\t\t<div class=\"elementor-container elementor-column-gap-default\">\n\t\t\t\t\t\t\t<div class=\"elementor-row\">\n\t\t\t\t\t<div class=\"elementor-column elementor-col-100 elementor-top-column elementor-element elementor-element-3f827e0\" data-id=\"3f827e0\" data-element_type=\"column\">\n\t\t\t<div class=\"elementor-column-wrap elementor-element-populated\">\n\t\t\t\t\t\t\t<div class=\"elementor-widget-wrap\">\n\t\t\t\t\t\t<div class=\"elementor-element elementor-element-25f82af elementor-widget elementor-widget-image\" data-id=\"25f82af\" data-element_type=\"widget\" data-widget_type=\"image.default\">\n\t\t\t\t<div class=\"elementor-widget-container\">\n\t\t\t\t\t\t\t\t<div class=\"elementor-image\">\n\t\t\t\t\t\t\t\t\t\t\t\t<img width=\"700\" height=\"990\" src=\"https:\/\/www.zoldagvendegszeretet.hu\/wp-content\/uploads\/2021\/01\/2020besz05-724x1024.jpg\" class=\"attachment-large size-large\" alt=\"\" loading=\"lazy\" srcset=\"https:\/\/www.zoldagvendegszeretet.hu\/wp-content\/uploads\/2021\/01\/2020besz05-724x1024.jpg 724w, https:\/\/www.zoldagvendegszeretet.hu\/wp-content\/uploads\/2021\/01\/2020besz05-212x300.jpg 212w, https:\/\/www.zoldagvendegszeretet.hu\/wp-content\/uploads\/2021\/01\/2020besz05-768x1086.jpg 768w, https:\/\/www.zoldagvendegszeretet.hu\/wp-content\/uploads\/2021\/01\/2020besz05-1086x1536.jpg 1086w, https:\/\/www.zoldagvendegszeretet.hu\/wp-content\/uploads\/2021\/01\/2020besz05-1448x2048.jpg 1448w, https:\/\/www.zoldagvendegszeretet.hu\/wp-content\/uploads\/2021\/01\/2020besz05.jpg 1654w\" sizes=\"(max-width: 700px) 100vw, 700px\" \/>\t\t\t\t\t\t\t\t\t\t\t\t\t\t<\/div>\n\t\t\t\t\t\t<\/div>\n\t\t\t\t<\/div>\n\t\t\t\t\t\t<\/div>\n\t\t\t\t\t<\/div>\n\t\t<\/div>\n\t\t\t\t\t\t\t\t<\/div>\n\t\t\t\t\t<\/div>\n\t\t<\/section>\n\t\t\t\t<section class=\"elementor-section elementor-top-section elementor-element elementor-element-ccc48e3 elementor-section-boxed elementor-section-height-default elementor-section-height-default\" data-id=\"ccc48e3\" data-element_type=\"section\">\n\t\t\t\t\t\t<div class=\"elementor-container elementor-column-gap-default\">\n\t\t\t\t\t\t\t<div class=\"elementor-row\">\n\t\t\t\t\t<div class=\"elementor-column elementor-col-100 elementor-top-column elementor-element elementor-element-29438ba\" data-id=\"29438ba\" data-element_type=\"column\">\n\t\t\t<div class=\"elementor-column-wrap elementor-element-populated\">\n\t\t\t\t\t\t\t<div class=\"elementor-widget-wrap\">\n\t\t\t\t\t\t<div class=\"elementor-element elementor-element-dcfcf67 elementor-widget elementor-widget-image\" data-id=\"dcfcf67\" data-element_type=\"widget\" data-widget_type=\"image.default\">\n\t\t\t\t<div class=\"elementor-widget-container\">\n\t\t\t\t\t\t\t\t<div class=\"elementor-image\">\n\t\t\t\t\t\t\t\t\t\t\t\t<img width=\"700\" height=\"990\" src=\"https:\/\/www.zoldagvendegszeretet.hu\/wp-content\/uploads\/2021\/01\/2020besz06-724x1024.jpg\" class=\"attachment-large size-large\" alt=\"\" loading=\"lazy\" srcset=\"https:\/\/www.zoldagvendegszeretet.hu\/wp-content\/uploads\/2021\/01\/2020besz06-724x1024.jpg 724w, https:\/\/www.zoldagvendegszeretet.hu\/wp-content\/uploads\/2021\/01\/2020besz06-212x300.jpg 212w, https:\/\/www.zoldagvendegszeretet.hu\/wp-content\/uploads\/2021\/01\/2020besz06-768x1086.jpg 768w, https:\/\/www.zoldagvendegszeretet.hu\/wp-content\/uploads\/2021\/01\/2020besz06-1086x1536.jpg 1086w, https:\/\/www.zoldagvendegszeretet.hu\/wp-content\/uploads\/2021\/01\/2020besz06-1448x2048.jpg 1448w, https:\/\/www.zoldagvendegszeretet.hu\/wp-content\/uploads\/2021\/01\/2020besz06.jpg 1654w\" sizes=\"(max-width: 700px) 100vw, 700px\" \/>\t\t\t\t\t\t\t\t\t\t\t\t\t\t<\/div>\n\t\t\t\t\t\t<\/div>\n\t\t\t\t<\/div>\n\t\t\t\t\t\t<\/div>\n\t\t\t\t\t<\/div>\n\t\t<\/div>\n\t\t\t\t\t\t\t\t<\/div>\n\t\t\t\t\t<\/div>\n\t\t<\/section>\n\t\t\t\t<section class=\"elementor-section elementor-top-section elementor-element elementor-element-b4156b9 elementor-section-boxed elementor-section-height-default elementor-section-height-default\" data-id=\"b4156b9\" data-element_type=\"section\">\n\t\t\t\t\t\t<div class=\"elementor-container elementor-column-gap-default\">\n\t\t\t\t\t\t\t<div class=\"elementor-row\">\n\t\t\t\t\t<div class=\"elementor-column elementor-col-100 elementor-top-column elementor-element elementor-element-275b12e\" data-id=\"275b12e\" data-element_type=\"column\">\n\t\t\t<div class=\"elementor-column-wrap elementor-element-populated\">\n\t\t\t\t\t\t\t<div class=\"elementor-widget-wrap\">\n\t\t\t\t\t\t<div class=\"elementor-element elementor-element-ed7758f elementor-widget elementor-widget-image\" data-id=\"ed7758f\" data-element_type=\"widget\" data-widget_type=\"image.default\">\n\t\t\t\t<div class=\"elementor-widget-container\">\n\t\t\t\t\t\t\t\t<div class=\"elementor-image\">\n\t\t\t\t\t\t\t\t\t\t\t\t<img width=\"700\" height=\"990\" src=\"https:\/\/www.zoldagvendegszeretet.hu\/wp-content\/uploads\/2021\/01\/2020besz07-724x1024.jpg\" class=\"attachment-large size-large\" alt=\"\" loading=\"lazy\" srcset=\"https:\/\/www.zoldagvendegszeretet.hu\/wp-content\/uploads\/2021\/01\/2020besz07-724x1024.jpg 724w, https:\/\/www.zoldagvendegszeretet.hu\/wp-content\/uploads\/2021\/01\/2020besz07-212x300.jpg 212w, https:\/\/www.zoldagvendegszeretet.hu\/wp-content\/uploads\/2021\/01\/2020besz07-768x1086.jpg 768w, https:\/\/www.zoldagvendegszeretet.hu\/wp-content\/uploads\/2021\/01\/2020besz07-1086x1536.jpg 1086w, https:\/\/www.zoldagvendegszeretet.hu\/wp-content\/uploads\/2021\/01\/2020besz07-1448x2048.jpg 1448w, https:\/\/www.zoldagvendegszeretet.hu\/wp-content\/uploads\/2021\/01\/2020besz07.jpg 1654w\" sizes=\"(max-width: 700px) 100vw, 700px\" \/>\t\t\t\t\t\t\t\t\t\t\t\t\t\t<\/div>\n\t\t\t\t\t\t<\/div>\n\t\t\t\t<\/div>\n\t\t\t\t\t\t<\/div>\n\t\t\t\t\t<\/div>\n\t\t<\/div>\n\t\t\t\t\t\t\t\t<\/div>\n\t\t\t\t\t<\/div>\n\t\t<\/section>\n\t\t\t\t<section class=\"elementor-section elementor-top-section elementor-element elementor-element-b647460 elementor-section-boxed elementor-section-height-default elementor-section-height-default\" data-id=\"b647460\" data-element_type=\"section\">\n\t\t\t\t\t\t<div class=\"elementor-container elementor-column-gap-default\">\n\t\t\t\t\t\t\t<div class=\"elementor-row\">\n\t\t\t\t\t<div class=\"elementor-column elementor-col-100 elementor-top-column elementor-element elementor-element-5fbfbaf\" data-id=\"5fbfbaf\" data-element_type=\"column\">\n\t\t\t<div class=\"elementor-column-wrap elementor-element-populated\">\n\t\t\t\t\t\t\t<div class=\"elementor-widget-wrap\">\n\t\t\t\t\t\t<div class=\"elementor-element elementor-element-c106ec5 elementor-widget elementor-widget-image\" data-id=\"c106ec5\" data-element_type=\"widget\" data-widget_type=\"image.default\">\n\t\t\t\t<div class=\"elementor-widget-container\">\n\t\t\t\t\t\t\t\t<div class=\"elementor-image\">\n\t\t\t\t\t\t\t\t\t\t\t\t<img width=\"700\" height=\"990\" src=\"https:\/\/www.zoldagvendegszeretet.hu\/wp-content\/uploads\/2021\/01\/2020besz08-724x1024.jpg\" class=\"attachment-large size-large\" alt=\"\" loading=\"lazy\" srcset=\"https:\/\/www.zoldagvendegszeretet.hu\/wp-content\/uploads\/2021\/01\/2020besz08-724x1024.jpg 724w, https:\/\/www.zoldagvendegszeretet.hu\/wp-content\/uploads\/2021\/01\/2020besz08-212x300.jpg 212w, https:\/\/www.zoldagvendegszeretet.hu\/wp-content\/uploads\/2021\/01\/2020besz08-768x1086.jpg 768w, https:\/\/www.zoldagvendegszeretet.hu\/wp-content\/uploads\/2021\/01\/2020besz08-1086x1536.jpg 1086w, https:\/\/www.zoldagvendegszeretet.hu\/wp-content\/uploads\/2021\/01\/2020besz08-1448x2048.jpg 1448w, https:\/\/www.zoldagvendegszeretet.hu\/wp-content\/uploads\/2021\/01\/2020besz08.jpg 1654w\" sizes=\"(max-width: 700px) 100vw, 700px\" \/>\t\t\t\t\t\t\t\t\t\t\t\t\t\t<\/div>\n\t\t\t\t\t\t<\/div>\n\t\t\t\t<\/div>\n\t\t\t\t\t\t<\/div>\n\t\t\t\t\t<\/div>\n\t\t<\/div>\n\t\t\t\t\t\t\t\t<\/div>\n\t\t\t\t\t<\/div>\n\t\t<\/section>\n\t\t\t\t<section class=\"elementor-section elementor-top-section elementor-element elementor-element-1652455 elementor-section-boxed elementor-section-height-default elementor-section-height-default\" data-id=\"1652455\" data-element_type=\"section\">\n\t\t\t\t\t\t<div class=\"elementor-container elementor-column-gap-default\">\n\t\t\t\t\t\t\t<div class=\"elementor-row\">\n\t\t\t\t\t<div class=\"elementor-column elementor-col-100 elementor-top-column elementor-element elementor-element-421e5b8\" data-id=\"421e5b8\" data-element_type=\"column\">\n\t\t\t<div class=\"elementor-column-wrap elementor-element-populated\">\n\t\t\t\t\t\t\t<div class=\"elementor-widget-wrap\">\n\t\t\t\t\t\t<div class=\"elementor-element elementor-element-441c942 elementor-widget elementor-widget-image\" data-id=\"441c942\" data-element_type=\"widget\" data-widget_type=\"image.default\">\n\t\t\t\t<div class=\"elementor-widget-container\">\n\t\t\t\t\t\t\t\t<div class=\"elementor-image\">\n\t\t\t\t\t\t\t\t\t\t\t\t<img width=\"700\" height=\"990\" src=\"https:\/\/www.zoldagvendegszeretet.hu\/wp-content\/uploads\/2021\/01\/2020besz09-724x1024.jpg\" class=\"attachment-large size-large\" alt=\"\" loading=\"lazy\" srcset=\"https:\/\/www.zoldagvendegszeretet.hu\/wp-content\/uploads\/2021\/01\/2020besz09-724x1024.jpg 724w, https:\/\/www.zoldagvendegszeretet.hu\/wp-content\/uploads\/2021\/01\/2020besz09-212x300.jpg 212w, https:\/\/www.zoldagvendegszeretet.hu\/wp-content\/uploads\/2021\/01\/2020besz09-768x1086.jpg 768w, https:\/\/www.zoldagvendegszeretet.hu\/wp-content\/uploads\/2021\/01\/2020besz09-1086x1536.jpg 1086w, https:\/\/www.zoldagvendegszeretet.hu\/wp-content\/uploads\/2021\/01\/2020besz09-1448x2048.jpg 1448w, https:\/\/www.zoldagvendegszeretet.hu\/wp-content\/uploads\/2021\/01\/2020besz09.jpg 1654w\" sizes=\"(max-width: 700px) 100vw, 700px\" \/>\t\t\t\t\t\t\t\t\t\t\t\t\t\t<\/div>\n\t\t\t\t\t\t<\/div>\n\t\t\t\t<\/div>\n\t\t\t\t\t\t<\/div>\n\t\t\t\t\t<\/div>\n\t\t<\/div>\n\t\t\t\t\t\t\t\t<\/div>\n\t\t\t\t\t<\/div>\n\t\t<\/section>\n\t\t\t\t<section class=\"elementor-section elementor-top-section elementor-element elementor-element-9a4df3f elementor-section-boxed elementor-section-height-default elementor-section-height-default\" data-id=\"9a4df3f\" data-element_type=\"section\">\n\t\t\t\t\t\t<div class=\"elementor-container elementor-column-gap-default\">\n\t\t\t\t\t\t\t<div class=\"elementor-row\">\n\t\t\t\t\t<div class=\"elementor-column elementor-col-100 elementor-top-column elementor-element elementor-element-498092f\" data-id=\"498092f\" data-element_type=\"column\">\n\t\t\t<div class=\"elementor-column-wrap elementor-element-populated\">\n\t\t\t\t\t\t\t<div class=\"elementor-widget-wrap\">\n\t\t\t\t\t\t<div class=\"elementor-element elementor-element-b76714c elementor-widget elementor-widget-image\" data-id=\"b76714c\" data-element_type=\"widget\" data-widget_type=\"image.default\">\n\t\t\t\t<div class=\"elementor-widget-container\">\n\t\t\t\t\t\t\t\t<div class=\"elementor-image\">\n\t\t\t\t\t\t\t\t\t\t\t\t<img width=\"700\" height=\"990\" src=\"https:\/\/www.zoldagvendegszeretet.hu\/wp-content\/uploads\/2021\/01\/2020besz10-724x1024.jpg\" class=\"attachment-large size-large\" alt=\"\" loading=\"lazy\" srcset=\"https:\/\/www.zoldagvendegszeretet.hu\/wp-content\/uploads\/2021\/01\/2020besz10-724x1024.jpg 724w, https:\/\/www.zoldagvendegszeretet.hu\/wp-content\/uploads\/2021\/01\/2020besz10-212x300.jpg 212w, https:\/\/www.zoldagvendegszeretet.hu\/wp-content\/uploads\/2021\/01\/2020besz10-768x1086.jpg 768w, https:\/\/www.zoldagvendegszeretet.hu\/wp-content\/uploads\/2021\/01\/2020besz10-1086x1536.jpg 1086w, https:\/\/www.zoldagvendegszeretet.hu\/wp-content\/uploads\/2021\/01\/2020besz10-1448x2048.jpg 1448w, https:\/\/www.zoldagvendegszeretet.hu\/wp-content\/uploads\/2021\/01\/2020besz10.jpg 1654w\" sizes=\"(max-width: 700px) 100vw, 700px\" \/>\t\t\t\t\t\t\t\t\t\t\t\t\t\t<\/div>\n\t\t\t\t\t\t<\/div>\n\t\t\t\t<\/div>\n\t\t\t\t\t\t<\/div>\n\t\t\t\t\t<\/div>\n\t\t<\/div>\n\t\t\t\t\t\t\t\t<\/div>\n\t\t\t\t\t<\/div>\n\t\t<\/section>\n\t\t\t\t<section class=\"elementor-section elementor-top-section elementor-element elementor-element-d8ffe03 elementor-section-boxed elementor-section-height-default elementor-section-height-default\" data-id=\"d8ffe03\" data-element_type=\"section\">\n\t\t\t\t\t\t<div class=\"elementor-container elementor-column-gap-default\">\n\t\t\t\t\t\t\t<div class=\"elementor-row\">\n\t\t\t\t\t<div class=\"elementor-column elementor-col-100 elementor-top-column elementor-element elementor-element-950acb9\" data-id=\"950acb9\" data-element_type=\"column\">\n\t\t\t<div class=\"elementor-column-wrap elementor-element-populated\">\n\t\t\t\t\t\t\t<div class=\"elementor-widget-wrap\">\n\t\t\t\t\t\t<div class=\"elementor-element elementor-element-f7e0bf7 elementor-widget elementor-widget-image\" data-id=\"f7e0bf7\" data-element_type=\"widget\" data-widget_type=\"image.default\">\n\t\t\t\t<div class=\"elementor-widget-container\">\n\t\t\t\t\t\t\t\t<div class=\"elementor-image\">\n\t\t\t\t\t\t\t\t\t\t\t\t<img width=\"700\" height=\"990\" src=\"https:\/\/www.zoldagvendegszeretet.hu\/wp-content\/uploads\/2021\/01\/2020besz11-724x1024.jpg\" class=\"attachment-large size-large\" alt=\"\" loading=\"lazy\" srcset=\"https:\/\/www.zoldagvendegszeretet.hu\/wp-content\/uploads\/2021\/01\/2020besz11-724x1024.jpg 724w, https:\/\/www.zoldagvendegszeretet.hu\/wp-content\/uploads\/2021\/01\/2020besz11-212x300.jpg 212w, https:\/\/www.zoldagvendegszeretet.hu\/wp-content\/uploads\/2021\/01\/2020besz11-768x1086.jpg 768w, https:\/\/www.zoldagvendegszeretet.hu\/wp-content\/uploads\/2021\/01\/2020besz11-1086x1536.jpg 1086w, https:\/\/www.zoldagvendegszeretet.hu\/wp-content\/uploads\/2021\/01\/2020besz11-1448x2048.jpg 1448w, https:\/\/www.zoldagvendegszeretet.hu\/wp-content\/uploads\/2021\/01\/2020besz11.jpg 1654w\" sizes=\"(max-width: 700px) 100vw, 700px\" \/>\t\t\t\t\t\t\t\t\t\t\t\t\t\t<\/div>\n\t\t\t\t\t\t<\/div>\n\t\t\t\t<\/div>\n\t\t\t\t\t\t<\/div>\n\t\t\t\t\t<\/div>\n\t\t<\/div>\n\t\t\t\t\t\t\t\t<\/div>\n\t\t\t\t\t<\/div>\n\t\t<\/section>\n\t\t\t\t<section class=\"elementor-section elementor-top-section elementor-element elementor-element-972af5b elementor-section-boxed elementor-section-height-default elementor-section-height-default\" data-id=\"972af5b\" data-element_type=\"section\">\n\t\t\t\t\t\t<div class=\"elementor-container elementor-column-gap-default\">\n\t\t\t\t\t\t\t<div class=\"elementor-row\">\n\t\t\t\t\t<div class=\"elementor-column elementor-col-100 elementor-top-column elementor-element elementor-element-d89abc6\" data-id=\"d89abc6\" data-element_type=\"column\">\n\t\t\t<div class=\"elementor-column-wrap elementor-element-populated\">\n\t\t\t\t\t\t\t<div class=\"elementor-widget-wrap\">\n\t\t\t\t\t\t<div class=\"elementor-element elementor-element-4406061 elementor-widget elementor-widget-image\" data-id=\"4406061\" data-element_type=\"widget\" data-widget_type=\"image.default\">\n\t\t\t\t<div class=\"elementor-widget-container\">\n\t\t\t\t\t\t\t\t<div class=\"elementor-image\">\n\t\t\t\t\t\t\t\t\t\t\t\t<img width=\"700\" height=\"990\" src=\"https:\/\/www.zoldagvendegszeretet.hu\/wp-content\/uploads\/2021\/01\/2020besz12-724x1024.jpg\" class=\"attachment-large size-large\" alt=\"\" loading=\"lazy\" srcset=\"https:\/\/www.zoldagvendegszeretet.hu\/wp-content\/uploads\/2021\/01\/2020besz12-724x1024.jpg 724w, https:\/\/www.zoldagvendegszeretet.hu\/wp-content\/uploads\/2021\/01\/2020besz12-212x300.jpg 212w, https:\/\/www.zoldagvendegszeretet.hu\/wp-content\/uploads\/2021\/01\/2020besz12-768x1086.jpg 768w, https:\/\/www.zoldagvendegszeretet.hu\/wp-content\/uploads\/2021\/01\/2020besz12-1086x1536.jpg 1086w, https:\/\/www.zoldagvendegszeretet.hu\/wp-content\/uploads\/2021\/01\/2020besz12-1448x2048.jpg 1448w, https:\/\/www.zoldagvendegszeretet.hu\/wp-content\/uploads\/2021\/01\/2020besz12.jpg 1654w\" sizes=\"(max-width: 700px) 100vw, 700px\" \/>\t\t\t\t\t\t\t\t\t\t\t\t\t\t<\/div>\n\t\t\t\t\t\t<\/div>\n\t\t\t\t<\/div>\n\t\t\t\t\t\t<\/div>\n\t\t\t\t\t<\/div>\n\t\t<\/div>\n\t\t\t\t\t\t\t\t<\/div>\n\t\t\t\t\t<\/div>\n\t\t<\/section>\n\t\t\t\t\t\t<\/div>\n\t\t\t\t\t\t<\/div>\n\t\t\t\t\t<\/div>\n\t\t","protected":false},"excerpt":{"rendered":"","protected":false},"author":1,"featured_media":0,"parent":0,"menu_order":0,"comment_status":"closed","ping_status":"closed","template":"","meta":[],"_links":{"self":[{"href":"https:\/\/www.zoldagvendegszeretet.hu\/index.php?rest_route=\/wp\/v2\/pages\/2147"}],"collection":[{"href":"https:\/\/www.zoldagvendegszeretet.hu\/index.php?rest_route=\/wp\/v2\/pages"}],"about":[{"href":"https:\/\/www.zoldagvendegszeretet.hu\/index.php?rest_route=\/wp\/v2\/types\/page"}],"author":[{"embeddable":true,"href":"https:\/\/www.zoldagvendegszeretet.hu\/index.php?rest_route=\/wp\/v2\/users\/1"}],"replies":[{"embeddable":true,"href":"https:\/\/www.zoldagvendegszeretet.hu\/index.php?rest_route=%2Fwp%2Fv2%2Fcomments&post=2147"}],"version-history":[{"count":7,"href":"https:\/\/www.zoldagvendegszeretet.hu\/index.php?rest_route=\/wp\/v2\/pages\/2147\/revisions"}],"predecessor-version":[{"id":2168,"href":"https:\/\/www.zoldagvendegszeretet.hu\/index.php?rest_route=\/wp\/v2\/pages\/2147\/revisions\/2168"}],"wp:attachment":[{"href":"https:\/\/www.zoldagvendegszeretet.hu\/index.php?rest_route=%2Fwp%2Fv2%2Fmedia&parent=2147"}],"curies":[{"name":"wp","href":"https:\/\/api.w.org\/{rel}","templated":true}]}}