{"id":1704,"date":"2020-12-02T17:48:27","date_gmt":"2020-12-02T17:48:27","guid":{"rendered":"http:\/\/localhost\/wordpress\/?page_id=1704"},"modified":"2020-12-05T10:22:08","modified_gmt":"2020-12-05T10:22:08","slug":"augusztus-20-a-magyarorszag-nemzeti-unnepe-az-allamalapitas-es-az-allamalapito-szent-istvan-kiraly-emlekere","status":"publish","type":"page","link":"https:\/\/www.zoldagvendegszeretet.hu\/?page_id=1704","title":{"rendered":"Augusztus 20-a Magyarorsz\u00e1g nemzeti \u00fcnnepe az \u00e1llamalap\u00edt\u00e1s \u00e9s az \u00e1llamalap\u00edt\u00f3 Szent Istv\u00e1n kir\u00e1ly eml\u00e9k\u00e9re"},"content":{"rendered":"\t\t<div data-elementor-type=\"wp-page\" data-elementor-id=\"1704\" class=\"elementor elementor-1704\" data-elementor-settings=\"[]\">\n\t\t\t\t\t\t<div class=\"elementor-inner\">\n\t\t\t\t\t\t\t<div class=\"elementor-section-wrap\">\n\t\t\t\t\t\t\t<section class=\"elementor-section elementor-top-section elementor-element elementor-element-11bebf3 elementor-section-boxed elementor-section-height-default elementor-section-height-default\" data-id=\"11bebf3\" data-element_type=\"section\">\n\t\t\t\t\t\t<div class=\"elementor-container elementor-column-gap-default\">\n\t\t\t\t\t\t\t<div class=\"elementor-row\">\n\t\t\t\t\t<div class=\"elementor-column elementor-col-100 elementor-top-column elementor-element elementor-element-eda57ec\" data-id=\"eda57ec\" data-element_type=\"column\">\n\t\t\t<div class=\"elementor-column-wrap elementor-element-populated\">\n\t\t\t\t\t\t\t<div class=\"elementor-widget-wrap\">\n\t\t\t\t\t\t<div class=\"elementor-element elementor-element-35f0980 elementor-widget elementor-widget-text-editor\" data-id=\"35f0980\" data-element_type=\"widget\" data-widget_type=\"text-editor.default\">\n\t\t\t\t<div class=\"elementor-widget-container\">\n\t\t\t\t\t\t\t\t<div class=\"elementor-text-editor elementor-clearfix\">\n\t\t\t\t<p>Ez a nap egyben a magyar katolikus egyh\u00e1z egyik, Magyarorsz\u00e1g f\u0151v\u00e9d\u0151szentj\u00e9nek tisztelet\u00e9re tartott f\u0151\u00fcnnepe. Magyar t\u00f6rt\u00e9nelm\u00fcnkben \u00e1llamalap\u00edt\u00f3 kir\u00e1lyunk 1083. augusztus 20-i szentt\u00e9 avat\u00e1s\u00e1t\u00f3l v\u00e1lt jelent\u0151s szem\u00e9lyk\u00e9nt.<br \/><br \/>1686-ban XI. Ince p\u00e1pa Buda visszafoglal\u00e1sa alkalm\u00e1b\u00f3l rendelte el, hogy a katolikus vil\u00e1g \u00e9vente eml\u00e9kezzen meg Szent Istv\u00e1nr\u00f3l (i. sz. 975. Esztergom &#8211; 1038. augusztus 15. Sz\u00e9kesfeh\u00e9rv\u00e1r).<br \/><br \/>1771-ben M\u00e1ria Ter\u00e9zia orsz\u00e1gos \u00fcnnepp\u00e9 min\u0151s\u00edtette Szent Istv\u00e1n napj\u00e1t, \u00e9s Bud\u00e1ra hozatta a Szent Jobbot, ezzel fejezve ki, hogy a Habsburgok legitim magyar uralkod\u00f3k.<br \/><br \/>Az 1848\u201349-es forradalom \u00e9s szabads\u00e1gharc lever\u00e9se ut\u00e1n azonban nem enged\u00e9lyezt\u00e9k a f\u00fcggetlen magyar \u00e1llamot jelk\u00e9pez\u0151 els\u0151 kir\u00e1ly \u00fcnnepl\u00e9s\u00e9t.<br \/><br \/>1891-ben tette augusztus 20-\u00e1t Ferenc J\u00f3zsef munkasz\u00fcneti napp\u00e1. 1938-ban Szent Istv\u00e1nr\u00f3l a sz\u00e9kesfeh\u00e9rv\u00e1ri orsz\u00e1ggy\u0171l\u00e9s a nemzeti \u00fcnnepet t\u00f6rv\u00e9nybe iktatta. 1950-t\u0151l a n\u00e9pk\u00f6zt\u00e1rsas\u00e1g \u00e9s az alkotm\u00e1ny \u00fcnnepe volt aug. 20.<br \/><br \/>Az Orsz\u00e1ggy\u0171l\u00e9s 1991-ben nyilv\u00e1n\u00edtotta \u00e1llami \u00fcnnepp\u00e9.<br \/>\u00a0<br \/>Bencz\u00far Gyula:<br \/>\u00a0(1844. janu\u00e1r 28. Ny\u00edregyh\u00e1za &#8211; 1920. j\u00falius 16. Sz\u00e9cs\u00e9ny)<br \/>Szent Istv\u00e1n felaj\u00e1nlja Magyarorsz\u00e1got Sz\u0171z M\u00e1ri\u00e1nak<\/p>\t\t\t\t\t<\/div>\n\t\t\t\t\t\t<\/div>\n\t\t\t\t<\/div>\n\t\t\t\t\t\t<\/div>\n\t\t\t\t\t<\/div>\n\t\t<\/div>\n\t\t\t\t\t\t\t\t<\/div>\n\t\t\t\t\t<\/div>\n\t\t<\/section>\n\t\t\t\t<section class=\"elementor-section elementor-top-section elementor-element elementor-element-06fc77c elementor-section-boxed elementor-section-height-default elementor-section-height-default\" data-id=\"06fc77c\" data-element_type=\"section\">\n\t\t\t\t\t\t<div class=\"elementor-container elementor-column-gap-default\">\n\t\t\t\t\t\t\t<div class=\"elementor-row\">\n\t\t\t\t\t<div class=\"elementor-column elementor-col-100 elementor-top-column elementor-element elementor-element-4a40d2e\" data-id=\"4a40d2e\" data-element_type=\"column\">\n\t\t\t<div class=\"elementor-column-wrap elementor-element-populated\">\n\t\t\t\t\t\t\t<div class=\"elementor-widget-wrap\">\n\t\t\t\t\t\t<div class=\"elementor-element elementor-element-6bf8dc6 elementor-widget elementor-widget-image\" data-id=\"6bf8dc6\" data-element_type=\"widget\" data-widget_type=\"image.default\">\n\t\t\t\t<div class=\"elementor-widget-container\">\n\t\t\t\t\t\t\t\t<div class=\"elementor-image\">\n\t\t\t\t\t\t\t\t\t\t\t\t<img width=\"700\" height=\"1007\" src=\"https:\/\/www.zoldagvendegszeretet.hu\/wp-content\/uploads\/2020\/12\/Benczur_-_Painting_of_St_Stephen_in_the_Basilica_of_Budapest-712x1024.jpg\" class=\"attachment-large size-large\" alt=\"\" loading=\"lazy\" srcset=\"https:\/\/www.zoldagvendegszeretet.hu\/wp-content\/uploads\/2020\/12\/Benczur_-_Painting_of_St_Stephen_in_the_Basilica_of_Budapest-712x1024.jpg 712w, https:\/\/www.zoldagvendegszeretet.hu\/wp-content\/uploads\/2020\/12\/Benczur_-_Painting_of_St_Stephen_in_the_Basilica_of_Budapest-209x300.jpg 209w, https:\/\/www.zoldagvendegszeretet.hu\/wp-content\/uploads\/2020\/12\/Benczur_-_Painting_of_St_Stephen_in_the_Basilica_of_Budapest-768x1105.jpg 768w, https:\/\/www.zoldagvendegszeretet.hu\/wp-content\/uploads\/2020\/12\/Benczur_-_Painting_of_St_Stephen_in_the_Basilica_of_Budapest-1068x1536.jpg 1068w, https:\/\/www.zoldagvendegszeretet.hu\/wp-content\/uploads\/2020\/12\/Benczur_-_Painting_of_St_Stephen_in_the_Basilica_of_Budapest.jpg 1112w\" sizes=\"(max-width: 700px) 100vw, 700px\" \/>\t\t\t\t\t\t\t\t\t\t\t\t\t\t<\/div>\n\t\t\t\t\t\t<\/div>\n\t\t\t\t<\/div>\n\t\t\t\t\t\t<\/div>\n\t\t\t\t\t<\/div>\n\t\t<\/div>\n\t\t\t\t\t\t\t\t<\/div>\n\t\t\t\t\t<\/div>\n\t\t<\/section>\n\t\t\t\t<section class=\"elementor-section elementor-top-section elementor-element elementor-element-8cb50b1 elementor-section-boxed elementor-section-height-default elementor-section-height-default\" data-id=\"8cb50b1\" data-element_type=\"section\">\n\t\t\t\t\t\t<div class=\"elementor-container elementor-column-gap-default\">\n\t\t\t\t\t\t\t<div class=\"elementor-row\">\n\t\t\t\t\t<div class=\"elementor-column elementor-col-100 elementor-top-column elementor-element elementor-element-256e79d\" data-id=\"256e79d\" data-element_type=\"column\">\n\t\t\t<div class=\"elementor-column-wrap elementor-element-populated\">\n\t\t\t\t\t\t\t<div class=\"elementor-widget-wrap\">\n\t\t\t\t\t\t<div class=\"elementor-element elementor-element-145167f elementor-widget elementor-widget-text-editor\" data-id=\"145167f\" data-element_type=\"widget\" data-widget_type=\"text-editor.default\">\n\t\t\t\t<div class=\"elementor-widget-container\">\n\t\t\t\t\t\t\t\t<div class=\"elementor-text-editor elementor-clearfix\">\n\t\t\t\t<p><b>Himnusz Szent Istv\u00e1n kir\u00e1lyr\u00f3l (13. sz\u00e1zad)<\/b><\/p>\n<p>\u00d6rvendj, magyar hon, j\u00f3 anya,<br>fiad dics\u00e9ret\u00e9t dalold,<br>zengjen dics\u00e9neked szava<br>ahhoz, ki mindig p\u00e1rtfogolt.<\/p>\n<p>\u0150 n\u00e9ked igaz f\u00e9nyt hozott,<br>hit f\u00e9ny\u00e9t adta \u00e1t neked,<br>hozz\u00e1 t\u00f6rv\u00e9nyt is alkotott,<br>\u00fcdv\u00f6ss\u00e9g \u00fatj\u00e1n vezetett.<\/p>\n<p>\u0150t G\u00e9za \u00e9lte alkony\u00e1n<br>Istv\u00e1n m\u00e1rt\u00edr nevezte el<br>az \u00e9gi k\u00fcldet\u00e9s nyom\u00e1n<br>Istv\u00e1nnak, anyja m\u00e9hiben.<\/p>\n<p>&nbsp; \u00c9g h\u00edrn\u00f6ke jelezte meg<br>atyj\u00e1nak, hogy sz\u00fcletni fog:<br>a v\u00e9rtan\u00fa elk\u00fcldetett<br>anyj\u00e1hoz sz\u00f3lni j\u00f3slatot.<br>&nbsp; \u00d6r\u00fclt is a magyar haza,<br>led\u0151lt a b\u00e1lv\u00e1nyok hada,<br>zengjen h\u00e1t \u00e9gi gl\u00f3ria,<br>boldogs\u00e1g r\u00f3la sz\u00f3lni ma.<\/p>\n<p>Mint libanoni c\u00e9drusok,<br>a gyermek \u00fagy n\u00f6vekedett,<br>s mik\u00e9nt el\u0151re mondatott,<br>Szent Istv\u00e1nt\u00f3l kapott nevet.<\/p>\n<p>Oktatt\u00e1k \u0151t h\u00edres doktorok,<br>\u00f6nt\u00f6zt\u00e9k b\u00f6lcsess\u00e9ggel \u0151t,<br>s j\u00e1mbor erk\u00f6lcse ragyogott<br>m\u00e1r zseng\u00e9n, f\u00e9rfikor el\u0151tt.<\/p>\n<p>S m\u00e1r \u00e9let\u00e9nek hajnal\u00e1n<br>osztotta \u00fcdvnek \u00e9let\u00e9t,<br>s a magyar nemzet, a pog\u00e1ny<br>hamar kereszt\u00e9ny hitre t\u00e9rt.<\/p>\n<p>Felt\u0171nt az \u00e9gi f\u00e9nyess\u00e9g,<br>s a n\u00e9p, mely t\u00e9velyg\u00e9sben \u00e9lt,<br>elhagyva s\u0171r\u0171 \u00e9jjel\u00e9t,<br>Krisztus szent ig\u00e1j\u00e1ba t\u00e9rt.<\/p>\n<p>Im\u00e1d\u00e1s legyen, tisztelet<br>n\u00e9ked H\u00e1rmas &#8211; Egy Isten\u00fcnk,<br>seg\u00edts el\u00e9rn\u00fcnk mennyeket,<br>mit szent kir\u00e1lyunk k\u00e9r nek\u00fcnk. Amen.<br>&nbsp;&nbsp; FORD\u00cdTOTTA CSAN\u00c1D B\u00c9LA<\/p>\t\t\t\t\t<\/div>\n\t\t\t\t\t\t<\/div>\n\t\t\t\t<\/div>\n\t\t\t\t\t\t<\/div>\n\t\t\t\t\t<\/div>\n\t\t<\/div>\n\t\t\t\t\t\t\t\t<\/div>\n\t\t\t\t\t<\/div>\n\t\t<\/section>\n\t\t\t\t<section class=\"elementor-section elementor-top-section elementor-element elementor-element-d7ed983 elementor-section-boxed elementor-section-height-default elementor-section-height-default\" data-id=\"d7ed983\" data-element_type=\"section\">\n\t\t\t\t\t\t<div class=\"elementor-container elementor-column-gap-default\">\n\t\t\t\t\t\t\t<div class=\"elementor-row\">\n\t\t\t\t\t<div class=\"elementor-column elementor-col-100 elementor-top-column elementor-element elementor-element-a6f9b90\" data-id=\"a6f9b90\" data-element_type=\"column\">\n\t\t\t<div class=\"elementor-column-wrap elementor-element-populated\">\n\t\t\t\t\t\t\t<div class=\"elementor-widget-wrap\">\n\t\t\t\t\t\t<div class=\"elementor-element elementor-element-c5fba87 elementor-widget elementor-widget-text-editor\" data-id=\"c5fba87\" data-element_type=\"widget\" data-widget_type=\"text-editor.default\">\n\t\t\t\t<div class=\"elementor-widget-container\">\n\t\t\t\t\t\t\t\t<div class=\"elementor-text-editor elementor-clearfix\">\n\t\t\t\t<p>P\u00e1pay Zolt\u00e1n: Egym\u00e1s\u00e9rt (r\u00e9szletek 70-78. old., Nagyv\u00e1rad, 2013)<br \/>\u201eH\u00e1la nemzet\u00fcnkh\u00f6z ragaszkod\u00f3 tud\u00f3saink munk\u00e1j\u00e1nak \u2013 itt mindenekel\u0151tt Moln\u00e1r V. J\u00f3zsefre, Pap G\u00e1borra meg Sz\u00e1ntai Lajosra gondolunk -, tudhat\u00f3, hogy Szent Istv\u00e1n megtal\u00e1lta a legjobb v\u00e1laszt a magyars\u00e1g hatalmas sorsk\u00e9rd\u00e9s\u00e9re. Egyes\u00edtette \u0151si Babba M\u00e1ri\u00e1nkat Sz\u0171z M\u00e1ri\u00e1val. Ez tette lehet\u0151v\u00e9 \u0151si kereszt\u00e9ny hit\u00fcnk megtart\u00e1s\u00e1t, \u00e9s a R\u00f3mai Katolikus Egyh\u00e1z elv\u00e1r\u00e1sainak is a megfelel\u00e9s\u00fcnket.\u201d<br \/><br \/>Szent Istv\u00e1n intelmei fi\u00e1hoz, Imre herceghez:<br \/>1.\/ \u201eAz isteni b\u00f6lcsess\u00e9g (a HIT) mellett hallgass Aty\u00e1d tan\u00edt\u00e1s\u00e1ra.\u201d<br \/>2.\/ \u201eAki a Szentegyh\u00e1z test\u00e9t b\u00e1ntja, az Krisztus test\u00e9t b\u00e1ntja. \u2026 Fels\u00e9ges a kir\u00e1ly, mert gyarap\u00edtja Egyh\u00e1z\u00e1t. Te is ezt tedd!\u201d<br \/>3.\/ \u201eAz id\u0151s f\u0151papok b\u00edrj\u00e1k a harmadik helyet. \u0150k az isteni szents\u00e9g helytart\u00f3i. Az \u0151 kez\u00fckbe adatott a fenti hatalom, a b\u0171nb\u0151l val\u00f3 feloldoz\u00e1s hatalma. \u0150k az isteni kegyelem hordoz\u00f3i.\u201d<br \/>4.\/ \u201eA hercegek, b\u00e1r\u00f3k, katon\u00e1k. Senkit k\u00f6z\u00fcl\u00fck szolgas\u00e1gra ne vess, hisz \u0151k a kir\u00e1lys\u00e1g v\u00e9delmez\u0151i. A vil\u00e1g dolgaiban r\u00e1juk t\u00e1maszkodhatsz.\u201d<br \/>5.\/ Szeresd a t\u00f6rv\u00e9nykez\u00e9st \u00e9s l\u00e9gy t\u00fcrelmes. Ne feledd: a t\u00fcrelmes kir\u00e1lyok uralkodnak, a t\u00fcrelmetlenek zsarnokoskodnak. Az apr\u00f3 \u00fcgyeket b\u00edzd a b\u00edr\u00e1kra, a hozz\u00e1d m\u00e9lt\u00f3akban l\u00e9gy t\u00fcrelmes, kegyes, megbocs\u00e1t\u00f3.\u201d<br \/>6.\/\u201dA telepesek, a j\u00f6vev\u00e9nyek k\u00fcl\u00f6nb\u00f6z\u0151 orsz\u00e1gokb\u00f3l j\u00f6nnek, k\u00fcl\u00f6nb\u00f6z\u0151 nyelveken besz\u00e9lnek. N\u00f6velik kir\u00e1lys\u00e1god f\u00e9ny\u00e9t. Az egynyelv\u0171, egyszok\u00e1s\u00fa orsz\u00e1g gyenge.\u201d<br \/>7.\/ A TAN\u00c1CS \u00e1ll\u00edt kir\u00e1lyokat. A nagyokat, a j\u00f3kat, a v\u00e9neket k\u00e9rd fel tan\u00e1csosnak. Ne feledd, aki b\u00f6lcsekkel j\u00e1r, az b\u00f6lcs lesz maga is, aki balg\u00e1kkal, az balg\u00e1v\u00e1 v\u00e1lik. Az ifj\u00fa \u00e9len j\u00e1r a kardforgat\u00e1sban, az \u00f6reg pedig a tan\u00e1csad\u00e1sban.<br \/>8.\/ K\u00f6vesd az \u0151s\u00f6k \u2013 Aty\u00e1d, s az el\u0151tted j\u00e1r\u00f3 uralkod\u00f3k \u00fatj\u00e1t. Aki Apj\u00e1nak ellenszeg\u00fcl, az Istennek szeg\u00fcl ellen. Saj\u00e1t felmen\u0151id szok\u00e1sai hat\u00e1rozz\u00e1k meg cselekedeteid. Gondolj arra, hogy a g\u00f6r\u00f6g a g\u00f6r\u00f6g\u00f6t, a r\u00f3mai a r\u00f3mait k\u00f6veti \u00e9s nem ford\u00edtva.\u201d<br \/>9.\/ \u201eAz odaad\u00f3 k\u00f6ny\u00f6rg\u00e9s, ima fontoss\u00e1ga: Im\u00e1dkozz a henyes\u00e9g ellen. K\u00fcldj, Uram b\u00f6lcsess\u00e9get! Ne hagyj gonosz gondolatokkal!\u201d<br \/>10.\/ \u201eAz er\u00e9nyeid d\u00edsz\u00edtik koron\u00e1dat. L\u00e9gy kegyes, irgalmas, m\u00e9rs\u00e9kletes, szel\u00edd, tisztess\u00e9ges, szem\u00e9rmes, al\u00e1zatos. J\u00f3l v\u00e9sd az eszedbe: minden ember azonos \u00e1llapotban sz\u00fcletik. Semmi sem emel fel, csak az al\u00e1zat, semmi sem s\u00fcllyeszt le, csak a g\u0151g. A magyars\u00e1g vezet\u0151 erej\u00e9nek \u00e9rt\u00e9krendje a szeretet, a megbocs\u00e1t\u00e1s, egym\u00e1s seg\u00edt\u00e9se, tisztelete. mind &#8211; mind mag\u00e1t\u00f3l \u00e9rtet\u0151d\u0151 magatart\u00e1si forma. A 6. intelem kieg\u00e9sz\u00edt\u00e9sek\u00e9nt (ma is \u00e9l\u0151 isteni intelem): &#8211; Magyar, vigy\u00e1zz az idegensz\u00edv\u0171ekkel!\u201d \u00d6ssze\u00e1ll\u00edtotta: Hank\u00f3 Gy\u00f6rgyn\u00e9<\/p>\t\t\t\t\t<\/div>\n\t\t\t\t\t\t<\/div>\n\t\t\t\t<\/div>\n\t\t\t\t\t\t<\/div>\n\t\t\t\t\t<\/div>\n\t\t<\/div>\n\t\t\t\t\t\t\t\t<\/div>\n\t\t\t\t\t<\/div>\n\t\t<\/section>\n\t\t\t\t\t\t<\/div>\n\t\t\t\t\t\t<\/div>\n\t\t\t\t\t<\/div>\n\t\t","protected":false},"excerpt":{"rendered":"<p>Ez a nap egyben a magyar katolikus egyh\u00e1z egyik, Magyarorsz\u00e1g f\u0151v\u00e9d\u0151szentj\u00e9nek tisztelet\u00e9re tartott f\u0151\u00fcnnepe. Magyar t\u00f6rt\u00e9nelm\u00fcnkben \u00e1llamalap\u00edt\u00f3 kir\u00e1lyunk 1083. augusztus 20-i szentt\u00e9 avat\u00e1s\u00e1t\u00f3l v\u00e1lt jelent\u0151s szem\u00e9lyk\u00e9nt. 1686-ban XI. Ince p\u00e1pa Buda visszafoglal\u00e1sa alkalm\u00e1b\u00f3l rendelte el, hogy a katolikus vil\u00e1g \u00e9vente&hellip; <\/p>\n","protected":false},"author":1,"featured_media":0,"parent":0,"menu_order":0,"comment_status":"closed","ping_status":"closed","template":"","meta":[],"_links":{"self":[{"href":"https:\/\/www.zoldagvendegszeretet.hu\/index.php?rest_route=\/wp\/v2\/pages\/1704"}],"collection":[{"href":"https:\/\/www.zoldagvendegszeretet.hu\/index.php?rest_route=\/wp\/v2\/pages"}],"about":[{"href":"https:\/\/www.zoldagvendegszeretet.hu\/index.php?rest_route=\/wp\/v2\/types\/page"}],"author":[{"embeddable":true,"href":"https:\/\/www.zoldagvendegszeretet.hu\/index.php?rest_route=\/wp\/v2\/users\/1"}],"replies":[{"embeddable":true,"href":"https:\/\/www.zoldagvendegszeretet.hu\/index.php?rest_route=%2Fwp%2Fv2%2Fcomments&post=1704"}],"version-history":[{"count":7,"href":"https:\/\/www.zoldagvendegszeretet.hu\/index.php?rest_route=\/wp\/v2\/pages\/1704\/revisions"}],"predecessor-version":[{"id":2065,"href":"https:\/\/www.zoldagvendegszeretet.hu\/index.php?rest_route=\/wp\/v2\/pages\/1704\/revisions\/2065"}],"wp:attachment":[{"href":"https:\/\/www.zoldagvendegszeretet.hu\/index.php?rest_route=%2Fwp%2Fv2%2Fmedia&parent=1704"}],"curies":[{"name":"wp","href":"https:\/\/api.w.org\/{rel}","templated":true}]}}