{"id":1698,"date":"2020-12-02T17:46:15","date_gmt":"2020-12-02T17:46:15","guid":{"rendered":"http:\/\/localhost\/wordpress\/?page_id=1698"},"modified":"2020-12-05T10:39:48","modified_gmt":"2020-12-05T10:39:48","slug":"nogrady-andor-emlekere-2","status":"publish","type":"page","link":"https:\/\/www.zoldagvendegszeretet.hu\/?page_id=1698","title":{"rendered":"N\u00f3gr\u00e1dy Andor eml\u00e9k\u00e9re"},"content":{"rendered":"\t\t<div data-elementor-type=\"wp-page\" data-elementor-id=\"1698\" class=\"elementor elementor-1698\" data-elementor-settings=\"[]\">\n\t\t\t\t\t\t<div class=\"elementor-inner\">\n\t\t\t\t\t\t\t<div class=\"elementor-section-wrap\">\n\t\t\t\t\t\t\t<section class=\"elementor-section elementor-top-section elementor-element elementor-element-d683aeb elementor-section-boxed elementor-section-height-default elementor-section-height-default\" data-id=\"d683aeb\" data-element_type=\"section\">\n\t\t\t\t\t\t<div class=\"elementor-container elementor-column-gap-default\">\n\t\t\t\t\t\t\t<div class=\"elementor-row\">\n\t\t\t\t\t<div class=\"elementor-column elementor-col-100 elementor-top-column elementor-element elementor-element-a06777c\" data-id=\"a06777c\" data-element_type=\"column\">\n\t\t\t<div class=\"elementor-column-wrap elementor-element-populated\">\n\t\t\t\t\t\t\t<div class=\"elementor-widget-wrap\">\n\t\t\t\t\t\t<div class=\"elementor-element elementor-element-f34cfd9 elementor-widget elementor-widget-image\" data-id=\"f34cfd9\" data-element_type=\"widget\" data-widget_type=\"image.default\">\n\t\t\t\t<div class=\"elementor-widget-container\">\n\t\t\t\t\t\t\t\t<div class=\"elementor-image\">\n\t\t\t\t\t\t\t\t\t\t\t\t<img width=\"700\" height=\"990\" src=\"https:\/\/www.zoldagvendegszeretet.hu\/wp-content\/uploads\/2020\/12\/Nogrady-Andor-emlekere-724x1024.jpg\" class=\"attachment-large size-large\" alt=\"\" loading=\"lazy\" srcset=\"https:\/\/www.zoldagvendegszeretet.hu\/wp-content\/uploads\/2020\/12\/Nogrady-Andor-emlekere-724x1024.jpg 724w, https:\/\/www.zoldagvendegszeretet.hu\/wp-content\/uploads\/2020\/12\/Nogrady-Andor-emlekere-212x300.jpg 212w, https:\/\/www.zoldagvendegszeretet.hu\/wp-content\/uploads\/2020\/12\/Nogrady-Andor-emlekere-768x1086.jpg 768w, https:\/\/www.zoldagvendegszeretet.hu\/wp-content\/uploads\/2020\/12\/Nogrady-Andor-emlekere-1087x1536.jpg 1087w, https:\/\/www.zoldagvendegszeretet.hu\/wp-content\/uploads\/2020\/12\/Nogrady-Andor-emlekere.jpg 1132w\" sizes=\"(max-width: 700px) 100vw, 700px\" \/>\t\t\t\t\t\t\t\t\t\t\t\t\t\t<\/div>\n\t\t\t\t\t\t<\/div>\n\t\t\t\t<\/div>\n\t\t\t\t\t\t<\/div>\n\t\t\t\t\t<\/div>\n\t\t<\/div>\n\t\t\t\t\t\t\t\t<\/div>\n\t\t\t\t\t<\/div>\n\t\t<\/section>\n\t\t\t\t\t\t<\/div>\n\t\t\t\t\t\t<\/div>\n\t\t\t\t\t<\/div>\n\t\t","protected":false},"excerpt":{"rendered":"","protected":false},"author":1,"featured_media":0,"parent":0,"menu_order":0,"comment_status":"closed","ping_status":"closed","template":"","meta":[],"_links":{"self":[{"href":"https:\/\/www.zoldagvendegszeretet.hu\/index.php?rest_route=\/wp\/v2\/pages\/1698"}],"collection":[{"href":"https:\/\/www.zoldagvendegszeretet.hu\/index.php?rest_route=\/wp\/v2\/pages"}],"about":[{"href":"https:\/\/www.zoldagvendegszeretet.hu\/index.php?rest_route=\/wp\/v2\/types\/page"}],"author":[{"embeddable":true,"href":"https:\/\/www.zoldagvendegszeretet.hu\/index.php?rest_route=\/wp\/v2\/users\/1"}],"replies":[{"embeddable":true,"href":"https:\/\/www.zoldagvendegszeretet.hu\/index.php?rest_route=%2Fwp%2Fv2%2Fcomments&post=1698"}],"version-history":[{"count":4,"href":"https:\/\/www.zoldagvendegszeretet.hu\/index.php?rest_route=\/wp\/v2\/pages\/1698\/revisions"}],"predecessor-version":[{"id":2098,"href":"https:\/\/www.zoldagvendegszeretet.hu\/index.php?rest_route=\/wp\/v2\/pages\/1698\/revisions\/2098"}],"wp:attachment":[{"href":"https:\/\/www.zoldagvendegszeretet.hu\/index.php?rest_route=%2Fwp%2Fv2%2Fmedia&parent=1698"}],"curies":[{"name":"wp","href":"https:\/\/api.w.org\/{rel}","templated":true}]}}