{"id":1667,"date":"2020-12-02T17:37:41","date_gmt":"2020-12-02T17:37:41","guid":{"rendered":"http:\/\/localhost\/wordpress\/?page_id=1667"},"modified":"2020-12-05T10:37:45","modified_gmt":"2020-12-05T10:37:45","slug":"melleklet-g-a-szerkeszteseben-3-daloskonyv","status":"publish","type":"page","link":"https:\/\/www.zoldagvendegszeretet.hu\/?page_id=1667","title":{"rendered":"Mell\u00e9klet G. A. szerkeszt\u00e9s\u00e9ben 3 dalosk\u00f6nyv"},"content":{"rendered":"\t\t<div data-elementor-type=\"wp-page\" data-elementor-id=\"1667\" class=\"elementor elementor-1667\" data-elementor-settings=\"[]\">\n\t\t\t\t\t\t<div class=\"elementor-inner\">\n\t\t\t\t\t\t\t<div class=\"elementor-section-wrap\">\n\t\t\t\t\t\t\t<section class=\"elementor-section elementor-top-section elementor-element elementor-element-6b18635 elementor-section-boxed elementor-section-height-default elementor-section-height-default\" data-id=\"6b18635\" data-element_type=\"section\">\n\t\t\t\t\t\t<div class=\"elementor-container elementor-column-gap-default\">\n\t\t\t\t\t\t\t<div class=\"elementor-row\">\n\t\t\t\t\t<div class=\"elementor-column elementor-col-100 elementor-top-column elementor-element elementor-element-30ee895\" data-id=\"30ee895\" data-element_type=\"column\">\n\t\t\t<div class=\"elementor-column-wrap elementor-element-populated\">\n\t\t\t\t\t\t\t<div class=\"elementor-widget-wrap\">\n\t\t\t\t\t\t<div class=\"elementor-element elementor-element-7a0a684 elementor-widget elementor-widget-image\" data-id=\"7a0a684\" data-element_type=\"widget\" data-widget_type=\"image.default\">\n\t\t\t\t<div class=\"elementor-widget-container\">\n\t\t\t\t\t\t\t\t<div class=\"elementor-image\">\n\t\t\t\t\t\t\t\t\t\t\t\t<img src=\"http:\/\/localhost\/wordpress\/wp-content\/uploads\/2020\/12\/Amerre-en-jarok_daloskonyv.jpg\" title=\"\" alt=\"\" \/>\t\t\t\t\t\t\t\t\t\t\t\t\t\t<\/div>\n\t\t\t\t\t\t<\/div>\n\t\t\t\t<\/div>\n\t\t\t\t\t\t<\/div>\n\t\t\t\t\t<\/div>\n\t\t<\/div>\n\t\t\t\t\t\t\t\t<\/div>\n\t\t\t\t\t<\/div>\n\t\t<\/section>\n\t\t\t\t<section class=\"elementor-section elementor-top-section elementor-element elementor-element-31011ff elementor-section-boxed elementor-section-height-default elementor-section-height-default\" data-id=\"31011ff\" data-element_type=\"section\">\n\t\t\t\t\t\t<div class=\"elementor-container elementor-column-gap-default\">\n\t\t\t\t\t\t\t<div class=\"elementor-row\">\n\t\t\t\t\t<div class=\"elementor-column elementor-col-100 elementor-top-column elementor-element elementor-element-6ea3cf2\" data-id=\"6ea3cf2\" data-element_type=\"column\">\n\t\t\t<div class=\"elementor-column-wrap elementor-element-populated\">\n\t\t\t\t\t\t\t<div class=\"elementor-widget-wrap\">\n\t\t\t\t\t\t<div class=\"elementor-element elementor-element-282c54a elementor-widget elementor-widget-image\" data-id=\"282c54a\" data-element_type=\"widget\" data-widget_type=\"image.default\">\n\t\t\t\t<div class=\"elementor-widget-container\">\n\t\t\t\t\t\t\t\t<div class=\"elementor-image\">\n\t\t\t\t\t\t\t\t\t\t\t\t<img width=\"700\" height=\"495\" src=\"https:\/\/www.zoldagvendegszeretet.hu\/wp-content\/uploads\/2020\/12\/Gaspar-Attila_2-daloskonyve-1024x724.jpg\" class=\"attachment-large size-large\" alt=\"\" loading=\"lazy\" srcset=\"https:\/\/www.zoldagvendegszeretet.hu\/wp-content\/uploads\/2020\/12\/Gaspar-Attila_2-daloskonyve-1024x724.jpg 1024w, https:\/\/www.zoldagvendegszeretet.hu\/wp-content\/uploads\/2020\/12\/Gaspar-Attila_2-daloskonyve-300x212.jpg 300w, https:\/\/www.zoldagvendegszeretet.hu\/wp-content\/uploads\/2020\/12\/Gaspar-Attila_2-daloskonyve-768x543.jpg 768w, https:\/\/www.zoldagvendegszeretet.hu\/wp-content\/uploads\/2020\/12\/Gaspar-Attila_2-daloskonyve-1536x1087.jpg 1536w, https:\/\/www.zoldagvendegszeretet.hu\/wp-content\/uploads\/2020\/12\/Gaspar-Attila_2-daloskonyve.jpg 1600w\" sizes=\"(max-width: 700px) 100vw, 700px\" \/>\t\t\t\t\t\t\t\t\t\t\t\t\t\t<\/div>\n\t\t\t\t\t\t<\/div>\n\t\t\t\t<\/div>\n\t\t\t\t\t\t<\/div>\n\t\t\t\t\t<\/div>\n\t\t<\/div>\n\t\t\t\t\t\t\t\t<\/div>\n\t\t\t\t\t<\/div>\n\t\t<\/section>\n\t\t\t\t\t\t<\/div>\n\t\t\t\t\t\t<\/div>\n\t\t\t\t\t<\/div>\n\t\t","protected":false},"excerpt":{"rendered":"","protected":false},"author":1,"featured_media":0,"parent":0,"menu_order":0,"comment_status":"closed","ping_status":"closed","template":"","meta":[],"_links":{"self":[{"href":"https:\/\/www.zoldagvendegszeretet.hu\/index.php?rest_route=\/wp\/v2\/pages\/1667"}],"collection":[{"href":"https:\/\/www.zoldagvendegszeretet.hu\/index.php?rest_route=\/wp\/v2\/pages"}],"about":[{"href":"https:\/\/www.zoldagvendegszeretet.hu\/index.php?rest_route=\/wp\/v2\/types\/page"}],"author":[{"embeddable":true,"href":"https:\/\/www.zoldagvendegszeretet.hu\/index.php?rest_route=\/wp\/v2\/users\/1"}],"replies":[{"embeddable":true,"href":"https:\/\/www.zoldagvendegszeretet.hu\/index.php?rest_route=%2Fwp%2Fv2%2Fcomments&post=1667"}],"version-history":[{"count":4,"href":"https:\/\/www.zoldagvendegszeretet.hu\/index.php?rest_route=\/wp\/v2\/pages\/1667\/revisions"}],"predecessor-version":[{"id":2094,"href":"https:\/\/www.zoldagvendegszeretet.hu\/index.php?rest_route=\/wp\/v2\/pages\/1667\/revisions\/2094"}],"wp:attachment":[{"href":"https:\/\/www.zoldagvendegszeretet.hu\/index.php?rest_route=%2Fwp%2Fv2%2Fmedia&parent=1667"}],"curies":[{"name":"wp","href":"https:\/\/api.w.org\/{rel}","templated":true}]}}