{"id":1661,"date":"2020-12-02T17:34:43","date_gmt":"2020-12-02T17:34:43","guid":{"rendered":"http:\/\/localhost\/wordpress\/?page_id=1661"},"modified":"2020-12-05T10:44:11","modified_gmt":"2020-12-05T10:44:11","slug":"savanya-istvan-interju-2017-majus-11-en","status":"publish","type":"page","link":"https:\/\/www.zoldagvendegszeretet.hu\/?page_id=1661","title":{"rendered":"Savanya Istv\u00e1n interj\u00fa 2017.m\u00e1jus. 11.-\u00e9n"},"content":{"rendered":"\t\t<div data-elementor-type=\"wp-page\" data-elementor-id=\"1661\" class=\"elementor elementor-1661\" data-elementor-settings=\"[]\">\n\t\t\t\t\t\t<div class=\"elementor-inner\">\n\t\t\t\t\t\t\t<div class=\"elementor-section-wrap\">\n\t\t\t\t\t\t\t<section class=\"elementor-section elementor-top-section elementor-element elementor-element-995423b elementor-section-boxed elementor-section-height-default elementor-section-height-default\" data-id=\"995423b\" data-element_type=\"section\">\n\t\t\t\t\t\t<div class=\"elementor-container elementor-column-gap-default\">\n\t\t\t\t\t\t\t<div class=\"elementor-row\">\n\t\t\t\t\t<div class=\"elementor-column elementor-col-100 elementor-top-column elementor-element elementor-element-92f61cc\" data-id=\"92f61cc\" data-element_type=\"column\">\n\t\t\t<div class=\"elementor-column-wrap elementor-element-populated\">\n\t\t\t\t\t\t\t<div class=\"elementor-widget-wrap\">\n\t\t\t\t\t\t<div class=\"elementor-element elementor-element-56c7ee6 elementor-widget elementor-widget-text-editor\" data-id=\"56c7ee6\" data-element_type=\"widget\" data-widget_type=\"text-editor.default\">\n\t\t\t\t<div class=\"elementor-widget-container\">\n\t\t\t\t\t\t\t\t<div class=\"elementor-text-editor elementor-clearfix\">\n\t\t\t\t<p>Mozaikk\u00e9p c\u00edmmel Savanya Istv\u00e1n bens\u0151s\u00e9ges el\u0151ad\u00f3estj\u00e9re ker\u00fclt sor Szentesen a V\u00e1rosi K\u00f6nyvt\u00e1rban 2017. m\u00e1jus 11-\u00e9n.<br \/>A Szegedr\u0151l sz\u00e1rmaz\u00f3 egykori fiatal country zen\u00e9sz a feles\u00e9g\u00e9vel \u00e9s gyermekeikkel a b\u0151 negyedsz\u00e1zada \u00e9lnek Kanad\u00e1ban, Calgaryban.<br \/>A legut\u00f3bb 2011-ben muzsik\u00e1lt Szentesen. Az\u00f3ta mik\u00e9nt v\u00e1ltozott az \u00e9lete?<\/p><p>* 2014-ben nyugd\u00edjba vonultam. A katedr\u00e1r\u00f3l 30 \u00e9v tan\u00e1ri munka ut\u00e1n v\u00e1ltam meg. Jelenleg versekkel, dalszerz\u00e9ssel, el\u0151ad\u00f3 m\u0171v\u00e9szettel, sz\u00ednpadi m\u0171vek \u00edr\u00e1s\u00e1val foglalkozom.<\/p><p>&#8211; Melyek voltak m\u0171sora \u00f6ssze\u00e1ll\u00edt\u00e1s\u00e1nak a szempontjai?<\/p><p>* Minden el\u0151ad\u00e1som c\u00e9lja, hogy l\u00e1ttassak valamit az emberekkel, seg\u00edtsek kapcsolatot teremteni \u00f6nmagukkal. Ezt \u00e9nekelt versekkel, mint kommunik\u00e1ci\u00f3s eszk\u00f6z\u00f6kkel igyekszem el\u00e9rni.<\/p><p>Hasonl\u00f3an, mint ahogyan Tin\u00f3di Lantos Sebesty\u00e9n, Bakfart B\u00e1lint is tette az 1550-es \u00e9vek idej\u00e9n a hist\u00f3ri\u00e1s \u00e9nekekkel.<br \/>Akik az \u00e9rdekfesz\u00edt\u0151 h\u00edranyagot olyan k\u00eds\u00e9r\u0151 dallamokkal adt\u00e1k el\u0151, hogy a hallgat\u00f3s\u00e1g k\u00f6zben megtanulhatta, s vele d\u00fadolhatta.<\/p><p>* \u00d6n\u00e1ll\u00f3 estjeim hossz\u00fas\u00e1ga a helyi lehet\u0151s\u00e9gek szerint rendelkez\u00e9sre \u00e1ll\u00f3 id\u0151beni kereteihez igazodik. Ennek megfelel\u0151en ak\u00e1r t\u00f6bb, ak\u00e1r kevesebb dal kap helyet a m\u0171sorban. A c\u00e9l v\u00e1ltozatlan. Adni szeretn\u00e9k a hallgat\u00f3imnak abb\u00f3l, amit \u00e9n is b\u0151s\u00e9ggel kaptam: sz\u00e9ps\u00e9get, \u00e9rt\u00e9ket, szeretetet, a sz\u00f3 \u00e9s a zene egy\u00fcttes var\u00e1zs\u00e1t.<\/p><p>&#8211; Az \u00e9nekelt versek m\u0171faja mi\u00e9rt \u00e9letk\u00e9pes jelenleg is? Kiknek aj\u00e1nlja?<\/p><p>* Mindenkinek aj\u00e1nlom. A vers a l\u00e9lek rezd\u00fcl\u00e9seinek l\u00fcktet\u00e9se, az emberi \u201e\u00e9let\u00e9lm\u00e9ny\u201d szavakban megnyilatkoz\u00f3 esszenci\u00e1ja. Ez elidegen\u00edthetetlen az emberi min\u0151s\u00e9gt\u0151l.<\/p><p>&#8211; Hogyan sz\u00fcletnek ezek a versek s hozz\u00e1juk a zen\u00e9k? Ez ut\u00f3bbiak\u00a0 pl. autentikus &#8222;forr\u00e1sai&#8221; honnan sz\u00e1rmaznak?<\/p><p>* A versek tollbamond\u00e1sok. \u00d6nmagukat mondj\u00e1k a k\u00f6lt\u0151 toll\u00e1ba. \u0150 pedig \u00e9pp csak \u201ea k\u00e9zn\u00e9l l\u00e9v\u0151\u201d szerencs\u00e9s \u00edr\u00f3de\u00e1k.<br \/>A zene \u00fagy vonz\u00f3dik a vershez, mint egy szenved\u00e9lyes h\u0151sszerelmes az im\u00e1dott l\u00e9nyhez. Term\u00e9szetes, \u00f6szt\u00f6n\u00f6s sz\u00e9ps\u00e9ggel sz\u00fcletnek, mint a n\u00e9pdalok.<\/p><p>&#8211;\u00a0\u00a0\u00a0\u00a0 Mely hangszereken sz\u00f3laltatja meg szerzem\u00e9nyeit?<\/p><p>* B\u00e1rmilyenen, amit a vers \u00fczenet\u00e9hez, hangulat\u00e1hoz a legmegfelel\u0151bbnek \u00e9rzek. Pl. k\u00fcl\u00f6nb\u00f6z\u0151 hangol\u00e1s\u00fa git\u00e1rokon, kobzon, lanton, bendzs\u00f3n, sz\u00e1jharmonik\u00e1n \u00e9s term\u00e9szetesen a d\u00e9l-alf\u00f6ldi hangszerek k\u00f6z\u00fcl a teker\u0151n \u00e9s a citer\u00e1n. N\u00e9h\u00e1ny h\u00f3napos az \u00faj hangszerem a CIKER\u0150, amelyet Szer\u00e9nyi B\u00e9la k\u00e9sz\u00edtett el az \u00e9n \u00e1lmom \/ \u00f6tletem alapj\u00e1n. A teker\u0151 \u00e9s a citera \u00f6ssze\u00e9p\u00edt\u00e9s\u00e9n alapszik, j\u00f3l illeszkedik a versekben el\u0151fordul\u00f3 k\u00fcl\u00f6nb\u00f6z\u0151 hangulatokhoz.<\/p><p>&#8211; Mik\u00e9nt siker\u00fcl b\u0151 30 \u00e9vi kanadai tart\u00f3zkod\u00e1s, angol nyelvtan\u00e1ri f\u0151\u00e1ll\u00e1s mellett a magyar sz\u00f3kincs \u00e9s nyelvhaszn\u00e1lat ilyen p\u00e9ld\u00e1tlanul t\u00f6k\u00e9letes meg\u0151rz\u00e9se \u00e9s kiejt\u00e9se?<\/p><p>* Erre nem tudok egyszer\u0171en v\u00e1laszolni. Mint ahogy az sem idegen\u00edthet\u0151 el t\u0151lem,\u00a0 aki vagyok, \u00edgy a magyars\u00e1gom is a l\u00e9nyem, ami l\u00e9nyegem fontos r\u00e9sze.<\/p><p>&#8211; Hol (helysz\u00ednek \/ v\u00e1rosok, orsz\u00e1gok) v\u00e1rhat\u00f3 m\u00e9g, hogy koncertezik itt tart\u00f3zkod\u00e1sa kb. 3 h\u00f3napja alatt?<\/p><p>* T\u00f6bbsz\u00f6r Budapesten \u00e9s k\u00f6rny\u00e9k\u00e9n, de sz\u00edvesen megyek b\u00e1rhov\u00e1, ahova szeretettel h\u00edvnak.<\/p><p>&#8211; Tov\u00e1bbi tervei Magyarorsz\u00e1gon \u00e9s Kanad\u00e1ban _ ahol szint\u00e9n misszi\u00f3s tev\u00e9kenys\u00e9get t\u00f6lt be feles\u00e9g\u00e9vel egy\u00fctt a magyar kult\u00fara \u00e1pol\u00e1sa, n\u00e9pszer\u0171s\u00edt\u00e9se ter\u00e9n.._?<\/p><p>* Tov\u00e1bb szeretn\u00e9m folytatni az eddig v\u00e9gzett kultur\u00e1lis munk\u00e1t \u00e9s m\u00e9g sok k\u00f6z\u00f6ss\u00e9gbe szeretn\u00e9k eljutni nem csak itthon, de otthon is.<\/p><p>&#8211; Mit \u00fczen a szentesieknek?<\/p><p>* Szentesnek \u00f3ri\u00e1si kincse az elm\u00falt 2 \u00e9vsz\u00e1zad n\u00e9pzenei hagyom\u00e1nya. Itt emelem ki a vil\u00e1gh\u00edr\u0171v\u00e9 v\u00e1lt egykori szentesi teker\u0151 muzsika kult\u00far\u00e1t, amit pl. Szeny\u00e9ri J\u00e1nos, Balla Istv\u00e1n, Szeny\u00e9ri D\u00e1niel, Vir\u00e1gos S\u00e1ndor, B\u00edr\u00f3 S\u00e1ndor \u00e9s m\u00e9g sokan m\u00e1sok m\u0171veltek a k\u00f6rnyez\u0151 tanyavil\u00e1gban \u00e9pp\u00fagy, mint a v\u00e1ros kocsm\u00e1iban, lakodalmakban, n\u00e9vest\u00e9ken.<br \/>Szentes vonatkoz\u00e1s\u00e1ban ez egy szunnyad\u00f3 \u201eAladdin csodal\u00e1mpa\u201d, amit ki kellene f\u00e9nyes\u00edteni, hogy \u00fajra vil\u00e1g\u00edtson a mai \u00e9s a k\u00f6vetkez\u0151 nemzed\u00e9keknek egyar\u00e1nt.<\/p><p>&#8211;\u00a0\u00a0\u00a0 Ma \u00d6n ism\u00e9t tett n\u00e9h\u00e1ny \u201ef\u00e9nyes\u00edt\u0151\u201d mozdulatot Szentes nagy n\u00e9pzenei kincs\u00e9nek miel\u0151bbi f\u00e9nyess\u00e9g\u00e9\u00e9rt. K\u00f6sz\u00f6n\u00f6m az estet \u00e9s az interj\u00fat!<\/p><p>Szentes, 2017. m\u00e1jus 15.\u00a0\u00a0\u00a0\u00a0\u00a0\u00a0\u00a0\u00a0\u00a0\u00a0\u00a0\u00a0\u00a0\u00a0\u00a0\u00a0 Hank\u00f3 Gy\u00f6rgyn\u00e9<\/p><p>\u00a0<\/p>\t\t\t\t\t<\/div>\n\t\t\t\t\t\t<\/div>\n\t\t\t\t<\/div>\n\t\t\t\t\t\t<\/div>\n\t\t\t\t\t<\/div>\n\t\t<\/div>\n\t\t\t\t\t\t\t\t<\/div>\n\t\t\t\t\t<\/div>\n\t\t<\/section>\n\t\t\t\t\t\t<\/div>\n\t\t\t\t\t\t<\/div>\n\t\t\t\t\t<\/div>\n\t\t","protected":false},"excerpt":{"rendered":"<p>Mozaikk\u00e9p c\u00edmmel Savanya Istv\u00e1n bens\u0151s\u00e9ges el\u0151ad\u00f3estj\u00e9re ker\u00fclt sor Szentesen a V\u00e1rosi K\u00f6nyvt\u00e1rban 2017. m\u00e1jus 11-\u00e9n. A Szegedr\u0151l sz\u00e1rmaz\u00f3 egykori fiatal country zen\u00e9sz a feles\u00e9g\u00e9vel \u00e9s gyermekeikkel a b\u0151 negyedsz\u00e1zada \u00e9lnek Kanad\u00e1ban, Calgaryban. A legut\u00f3bb 2011-ben muzsik\u00e1lt Szentesen. Az\u00f3ta mik\u00e9nt v\u00e1ltozott&hellip; <\/p>\n","protected":false},"author":1,"featured_media":0,"parent":0,"menu_order":0,"comment_status":"closed","ping_status":"closed","template":"","meta":[],"_links":{"self":[{"href":"https:\/\/www.zoldagvendegszeretet.hu\/index.php?rest_route=\/wp\/v2\/pages\/1661"}],"collection":[{"href":"https:\/\/www.zoldagvendegszeretet.hu\/index.php?rest_route=\/wp\/v2\/pages"}],"about":[{"href":"https:\/\/www.zoldagvendegszeretet.hu\/index.php?rest_route=\/wp\/v2\/types\/page"}],"author":[{"embeddable":true,"href":"https:\/\/www.zoldagvendegszeretet.hu\/index.php?rest_route=\/wp\/v2\/users\/1"}],"replies":[{"embeddable":true,"href":"https:\/\/www.zoldagvendegszeretet.hu\/index.php?rest_route=%2Fwp%2Fv2%2Fcomments&post=1661"}],"version-history":[{"count":4,"href":"https:\/\/www.zoldagvendegszeretet.hu\/index.php?rest_route=\/wp\/v2\/pages\/1661\/revisions"}],"predecessor-version":[{"id":2116,"href":"https:\/\/www.zoldagvendegszeretet.hu\/index.php?rest_route=\/wp\/v2\/pages\/1661\/revisions\/2116"}],"wp:attachment":[{"href":"https:\/\/www.zoldagvendegszeretet.hu\/index.php?rest_route=%2Fwp%2Fv2%2Fmedia&parent=1661"}],"curies":[{"name":"wp","href":"https:\/\/api.w.org\/{rel}","templated":true}]}}