{"id":1650,"date":"2020-12-02T17:30:08","date_gmt":"2020-12-02T17:30:08","guid":{"rendered":"http:\/\/localhost\/wordpress\/?page_id=1650"},"modified":"2020-12-05T10:45:19","modified_gmt":"2020-12-05T10:45:19","slug":"szentesi-kepeslapok","status":"publish","type":"page","link":"https:\/\/www.zoldagvendegszeretet.hu\/?page_id=1650","title":{"rendered":"Szentesi k\u00e9peslapok"},"content":{"rendered":"\t\t<div data-elementor-type=\"wp-page\" data-elementor-id=\"1650\" class=\"elementor elementor-1650\" data-elementor-settings=\"[]\">\n\t\t\t\t\t\t<div class=\"elementor-inner\">\n\t\t\t\t\t\t\t<div class=\"elementor-section-wrap\">\n\t\t\t\t\t\t\t<section class=\"elementor-section elementor-top-section elementor-element elementor-element-2602c3a elementor-section-boxed elementor-section-height-default elementor-section-height-default\" data-id=\"2602c3a\" data-element_type=\"section\">\n\t\t\t\t\t\t<div class=\"elementor-container elementor-column-gap-default\">\n\t\t\t\t\t\t\t<div class=\"elementor-row\">\n\t\t\t\t\t<div class=\"elementor-column elementor-col-100 elementor-top-column elementor-element elementor-element-a976c9d\" data-id=\"a976c9d\" data-element_type=\"column\">\n\t\t\t<div class=\"elementor-column-wrap elementor-element-populated\">\n\t\t\t\t\t\t\t<div class=\"elementor-widget-wrap\">\n\t\t\t\t\t\t<div class=\"elementor-element elementor-element-d2c07e5 elementor-widget elementor-widget-text-editor\" data-id=\"d2c07e5\" data-element_type=\"widget\" data-widget_type=\"text-editor.default\">\n\t\t\t\t<div class=\"elementor-widget-container\">\n\t\t\t\t\t\t\t\t<div class=\"elementor-text-editor elementor-clearfix\">\n\t\t\t\t<p>Szentesi muzsikusok (teker\u0151s, pikul\u00e1s, dud\u00e1s) 1898-ban<\/p>\t\t\t\t\t<\/div>\n\t\t\t\t\t\t<\/div>\n\t\t\t\t<\/div>\n\t\t\t\t\t\t<\/div>\n\t\t\t\t\t<\/div>\n\t\t<\/div>\n\t\t\t\t\t\t\t\t<\/div>\n\t\t\t\t\t<\/div>\n\t\t<\/section>\n\t\t\t\t<section class=\"elementor-section elementor-top-section elementor-element elementor-element-c576e30 elementor-section-boxed elementor-section-height-default elementor-section-height-default\" data-id=\"c576e30\" data-element_type=\"section\">\n\t\t\t\t\t\t<div class=\"elementor-container elementor-column-gap-default\">\n\t\t\t\t\t\t\t<div class=\"elementor-row\">\n\t\t\t\t\t<div class=\"elementor-column elementor-col-100 elementor-top-column elementor-element elementor-element-34f637d\" data-id=\"34f637d\" data-element_type=\"column\">\n\t\t\t<div class=\"elementor-column-wrap elementor-element-populated\">\n\t\t\t\t\t\t\t<div class=\"elementor-widget-wrap\">\n\t\t\t\t\t\t<div class=\"elementor-element elementor-element-f385b91 elementor-widget elementor-widget-image\" data-id=\"f385b91\" data-element_type=\"widget\" data-widget_type=\"image.default\">\n\t\t\t\t<div class=\"elementor-widget-container\">\n\t\t\t\t\t\t\t\t<div class=\"elementor-image\">\n\t\t\t\t\t\t\t\t\t\t\t\t<img width=\"700\" height=\"1010\" src=\"https:\/\/www.zoldagvendegszeretet.hu\/wp-content\/uploads\/2020\/12\/Szentesi-kepeslap-1898_dec_19-710x1024.jpg\" class=\"attachment-large size-large\" alt=\"\" loading=\"lazy\" srcset=\"https:\/\/www.zoldagvendegszeretet.hu\/wp-content\/uploads\/2020\/12\/Szentesi-kepeslap-1898_dec_19-710x1024.jpg 710w, https:\/\/www.zoldagvendegszeretet.hu\/wp-content\/uploads\/2020\/12\/Szentesi-kepeslap-1898_dec_19-208x300.jpg 208w, https:\/\/www.zoldagvendegszeretet.hu\/wp-content\/uploads\/2020\/12\/Szentesi-kepeslap-1898_dec_19-768x1107.jpg 768w, https:\/\/www.zoldagvendegszeretet.hu\/wp-content\/uploads\/2020\/12\/Szentesi-kepeslap-1898_dec_19-1066x1536.jpg 1066w, https:\/\/www.zoldagvendegszeretet.hu\/wp-content\/uploads\/2020\/12\/Szentesi-kepeslap-1898_dec_19.jpg 1110w\" sizes=\"(max-width: 700px) 100vw, 700px\" \/>\t\t\t\t\t\t\t\t\t\t\t\t\t\t<\/div>\n\t\t\t\t\t\t<\/div>\n\t\t\t\t<\/div>\n\t\t\t\t\t\t<\/div>\n\t\t\t\t\t<\/div>\n\t\t<\/div>\n\t\t\t\t\t\t\t\t<\/div>\n\t\t\t\t\t<\/div>\n\t\t<\/section>\n\t\t\t\t<section class=\"elementor-section elementor-top-section elementor-element elementor-element-be116e4 elementor-section-boxed elementor-section-height-default elementor-section-height-default\" data-id=\"be116e4\" data-element_type=\"section\">\n\t\t\t\t\t\t<div class=\"elementor-container elementor-column-gap-default\">\n\t\t\t\t\t\t\t<div class=\"elementor-row\">\n\t\t\t\t\t<div class=\"elementor-column elementor-col-100 elementor-top-column elementor-element elementor-element-a099b42\" data-id=\"a099b42\" data-element_type=\"column\">\n\t\t\t<div class=\"elementor-column-wrap elementor-element-populated\">\n\t\t\t\t\t\t\t<div class=\"elementor-widget-wrap\">\n\t\t\t\t\t\t<div class=\"elementor-element elementor-element-7e40777 elementor-widget elementor-widget-spacer\" data-id=\"7e40777\" data-element_type=\"widget\" data-widget_type=\"spacer.default\">\n\t\t\t\t<div class=\"elementor-widget-container\">\n\t\t\t\t\t<div class=\"elementor-spacer\">\n\t\t\t<div class=\"elementor-spacer-inner\"><\/div>\n\t\t<\/div>\n\t\t\t\t<\/div>\n\t\t\t\t<\/div>\n\t\t\t\t\t\t<\/div>\n\t\t\t\t\t<\/div>\n\t\t<\/div>\n\t\t\t\t\t\t\t\t<\/div>\n\t\t\t\t\t<\/div>\n\t\t<\/section>\n\t\t\t\t<section class=\"elementor-section elementor-top-section elementor-element elementor-element-4e24126 elementor-section-boxed elementor-section-height-default elementor-section-height-default\" data-id=\"4e24126\" data-element_type=\"section\">\n\t\t\t\t\t\t<div class=\"elementor-container elementor-column-gap-default\">\n\t\t\t\t\t\t\t<div class=\"elementor-row\">\n\t\t\t\t\t<div class=\"elementor-column elementor-col-100 elementor-top-column elementor-element elementor-element-00193df\" data-id=\"00193df\" data-element_type=\"column\">\n\t\t\t<div class=\"elementor-column-wrap elementor-element-populated\">\n\t\t\t\t\t\t\t<div class=\"elementor-widget-wrap\">\n\t\t\t\t\t\t<div class=\"elementor-element elementor-element-79c276c elementor-widget elementor-widget-text-editor\" data-id=\"79c276c\" data-element_type=\"widget\" data-widget_type=\"text-editor.default\">\n\t\t\t\t<div class=\"elementor-widget-container\">\n\t\t\t\t\t\t\t\t<div class=\"elementor-text-editor elementor-clearfix\">\n\t\t\t\t<p>Szentesi \u00e9s Szentes k\u00f6rny\u00e9ki teker\u0151s\u00f6k egy csoportja 1939-ben<\/p>\t\t\t\t\t<\/div>\n\t\t\t\t\t\t<\/div>\n\t\t\t\t<\/div>\n\t\t\t\t\t\t<\/div>\n\t\t\t\t\t<\/div>\n\t\t<\/div>\n\t\t\t\t\t\t\t\t<\/div>\n\t\t\t\t\t<\/div>\n\t\t<\/section>\n\t\t\t\t<section class=\"elementor-section elementor-top-section elementor-element elementor-element-78f115f elementor-section-boxed elementor-section-height-default elementor-section-height-default\" data-id=\"78f115f\" data-element_type=\"section\">\n\t\t\t\t\t\t<div class=\"elementor-container elementor-column-gap-default\">\n\t\t\t\t\t\t\t<div class=\"elementor-row\">\n\t\t\t\t\t<div class=\"elementor-column elementor-col-100 elementor-top-column elementor-element elementor-element-91023d4\" data-id=\"91023d4\" data-element_type=\"column\">\n\t\t\t<div class=\"elementor-column-wrap elementor-element-populated\">\n\t\t\t\t\t\t\t<div class=\"elementor-widget-wrap\">\n\t\t\t\t\t\t<div class=\"elementor-element elementor-element-12985b7 elementor-widget elementor-widget-image\" data-id=\"12985b7\" data-element_type=\"widget\" data-widget_type=\"image.default\">\n\t\t\t\t<div class=\"elementor-widget-container\">\n\t\t\t\t\t\t\t\t<div class=\"elementor-image\">\n\t\t\t\t\t\t\t\t\t<figure class=\"wp-caption\">\n\t\t\t\t\t\t\t\t\t\t<img width=\"700\" height=\"539\" src=\"https:\/\/www.zoldagvendegszeretet.hu\/wp-content\/uploads\/2020\/12\/DSCN1266-1024x788.jpg\" class=\"attachment-large size-large\" alt=\"\" loading=\"lazy\" srcset=\"https:\/\/www.zoldagvendegszeretet.hu\/wp-content\/uploads\/2020\/12\/DSCN1266-1024x788.jpg 1024w, https:\/\/www.zoldagvendegszeretet.hu\/wp-content\/uploads\/2020\/12\/DSCN1266-300x231.jpg 300w, https:\/\/www.zoldagvendegszeretet.hu\/wp-content\/uploads\/2020\/12\/DSCN1266-768x591.jpg 768w, https:\/\/www.zoldagvendegszeretet.hu\/wp-content\/uploads\/2020\/12\/DSCN1266.jpg 1267w\" sizes=\"(max-width: 700px) 100vw, 700px\" \/>\t\t\t\t\t\t\t\t\t\t\t<figcaption class=\"widget-image-caption wp-caption-text\"> 1 sor balr\u00f3l jobbra \u00fclnek: Sz\u0171cs S\u00e1ndor teker\u0151s (Derekegyh\u00e1z), Szeny\u00e9ri D\u00e1niel kubikos (Szentes), Maszlag J\u00f3zsefn\u00e9 Mecs - Balogh M\u00e1ria szat\u00f3cs (Szentes), Balla Istv\u00e1n f\u00f6ldm\u0171ves (Szentes, Derekegyh\u00e1z), S\u00edpos J\u00f3zsef kubikos (F\u00e1bi\u00e1nsebesty\u00e9n). 2. sor balr\u00f3l jobbra \u00e1llnak:  Sz\u00e9kely J\u00f3zsef \u00e9nekes (Szentes), Ors\u00f3s L\u00e1szl\u00f3 (Szentes), Maczik S\u00e1ndor kl\u00e1rn\u00e9tos \/ pikul\u00e1s (Szentes), Szegi J\u00e1nos f\u00f6ldm\u0171ves (Szentes), J\u00f3zsa Imre f\u00f6ldm\u0171ves (Derekegyh\u00e1z) <\/figcaption>\n\t\t\t\t\t\t\t\t\t\t<\/figure>\n\t\t\t\t\t\t\t\t<\/div>\n\t\t\t\t\t\t<\/div>\n\t\t\t\t<\/div>\n\t\t\t\t\t\t<\/div>\n\t\t\t\t\t<\/div>\n\t\t<\/div>\n\t\t\t\t\t\t\t\t<\/div>\n\t\t\t\t\t<\/div>\n\t\t<\/section>\n\t\t\t\t\t\t<\/div>\n\t\t\t\t\t\t<\/div>\n\t\t\t\t\t<\/div>\n\t\t","protected":false},"excerpt":{"rendered":"<p>Szentesi muzsikusok (teker\u0151s, pikul\u00e1s, dud\u00e1s) 1898-ban Szentesi \u00e9s Szentes k\u00f6rny\u00e9ki teker\u0151s\u00f6k egy csoportja 1939-ben 1 sor balr\u00f3l jobbra \u00fclnek: Sz\u0171cs S\u00e1ndor teker\u0151s (Derekegyh\u00e1z), Szeny\u00e9ri D\u00e1niel kubikos (Szentes), Maszlag J\u00f3zsefn\u00e9 Mecs &#8211; Balogh M\u00e1ria szat\u00f3cs (Szentes), Balla Istv\u00e1n f\u00f6ldm\u0171ves (Szentes, Derekegyh\u00e1z),&hellip; <\/p>\n","protected":false},"author":1,"featured_media":0,"parent":0,"menu_order":0,"comment_status":"closed","ping_status":"closed","template":"","meta":[],"_links":{"self":[{"href":"https:\/\/www.zoldagvendegszeretet.hu\/index.php?rest_route=\/wp\/v2\/pages\/1650"}],"collection":[{"href":"https:\/\/www.zoldagvendegszeretet.hu\/index.php?rest_route=\/wp\/v2\/pages"}],"about":[{"href":"https:\/\/www.zoldagvendegszeretet.hu\/index.php?rest_route=\/wp\/v2\/types\/page"}],"author":[{"embeddable":true,"href":"https:\/\/www.zoldagvendegszeretet.hu\/index.php?rest_route=\/wp\/v2\/users\/1"}],"replies":[{"embeddable":true,"href":"https:\/\/www.zoldagvendegszeretet.hu\/index.php?rest_route=%2Fwp%2Fv2%2Fcomments&post=1650"}],"version-history":[{"count":8,"href":"https:\/\/www.zoldagvendegszeretet.hu\/index.php?rest_route=\/wp\/v2\/pages\/1650\/revisions"}],"predecessor-version":[{"id":2119,"href":"https:\/\/www.zoldagvendegszeretet.hu\/index.php?rest_route=\/wp\/v2\/pages\/1650\/revisions\/2119"}],"wp:attachment":[{"href":"https:\/\/www.zoldagvendegszeretet.hu\/index.php?rest_route=%2Fwp%2Fv2%2Fmedia&parent=1650"}],"curies":[{"name":"wp","href":"https:\/\/api.w.org\/{rel}","templated":true}]}}