{"id":1645,"date":"2020-12-02T17:27:34","date_gmt":"2020-12-02T17:27:34","guid":{"rendered":"http:\/\/localhost\/wordpress\/?page_id=1645"},"modified":"2020-12-05T10:21:35","modified_gmt":"2020-12-05T10:21:35","slug":"a-szentesi-tekeros-nepzenei-mult-es-jelen","status":"publish","type":"page","link":"https:\/\/www.zoldagvendegszeretet.hu\/?page_id=1645","title":{"rendered":"A szentesi teker\u0151s n\u00e9pzenei m\u00falt \u00e9s jelen"},"content":{"rendered":"\t\t<div data-elementor-type=\"wp-page\" data-elementor-id=\"1645\" class=\"elementor elementor-1645\" data-elementor-settings=\"[]\">\n\t\t\t\t\t\t<div class=\"elementor-inner\">\n\t\t\t\t\t\t\t<div class=\"elementor-section-wrap\">\n\t\t\t\t\t\t\t<section class=\"elementor-section elementor-top-section elementor-element elementor-element-a303fd1 elementor-section-boxed elementor-section-height-default elementor-section-height-default\" data-id=\"a303fd1\" data-element_type=\"section\">\n\t\t\t\t\t\t<div class=\"elementor-container elementor-column-gap-default\">\n\t\t\t\t\t\t\t<div class=\"elementor-row\">\n\t\t\t\t\t<div class=\"elementor-column elementor-col-100 elementor-top-column elementor-element elementor-element-076550d\" data-id=\"076550d\" data-element_type=\"column\">\n\t\t\t<div class=\"elementor-column-wrap elementor-element-populated\">\n\t\t\t\t\t\t\t<div class=\"elementor-widget-wrap\">\n\t\t\t\t\t\t<div class=\"elementor-element elementor-element-eefa897 elementor-widget elementor-widget-text-editor\" data-id=\"eefa897\" data-element_type=\"widget\" data-widget_type=\"text-editor.default\">\n\t\t\t\t<div class=\"elementor-widget-container\">\n\t\t\t\t\t\t\t\t<div class=\"elementor-text-editor elementor-clearfix\">\n\t\t\t\t<p><br \/>Szentesen tal\u00e1n legt\u00f6bben Szeny\u00e9ri D\u00e1niel (Szentes, 1885.12.05.\u20131969.02.22.) kubikusra, teker\u0151s n\u00e9pzen\u00e9szre, a N\u00e9pm\u0171v\u00e9szet Mester\u00e9re (1957. aug. 20.) eml\u00e9keznek, aki a Monarchia ter\u00fclet\u00e9t kubikus munkavezet\u0151k\u00e9nt j\u00e1rta be. \u00datj\u00e1ra a szersz\u00e1mai mellett a teker\u0151j\u00e9t is mag\u00e1val vitte. Ez\u00e1ltal is b\u0151v\u00edtve n\u00e9pzenei reperto\u00e1rj\u00e1t \u00e9s k\u00f6nny\u00edtve a neh\u00e9z fizikai munka \u00e9s az otthont\u00f3l val\u00f3 t\u00e1voll\u00e9t okozta neh\u00e9zs\u00e9geket.<br \/><br \/>Az 1906-os \u00e9s az 1908-as \u00e9vekben Bart\u00f3k B\u00e9la szentesi \u00e9s szegv\u00e1ri teker\u0151s fonogr\u00e1fos n\u00e9pzenei gy\u0171jt\u00e9seit k\u00f6vet\u0151en 1939-ben Dincs\u00e9r Oszk\u00e1r, Derzsi Kov\u00e1cs Jen\u0151 gy\u0171jt\u00e9sei k\u00f6vetkeztek. Ezek a P\u00e1tria felv\u00e9telek k\u00f6z\u00e9 ker\u00fcltek, melyek k\u00e9sz\u00edt\u00e9se Bart\u00f3k B\u00e9la, Kod\u00e1ly Zolt\u00e1n \u00e9s Lajtha L\u00e1szl\u00f3 fel\u00fcgyelet\u00e9vel t\u00f6rt\u00e9nt.<br \/><br \/>A II. vil\u00e1gh\u00e1bor\u00fat k\u00f6vet\u0151en az 1950-es, \u00e9s az 1960-as \u00e9vekben Kod\u00e1ly Zolt\u00e1n, S\u00e1rosi B\u00e1lint, Bal\u00e1zs \u00c1rp\u00e1d, Zs\u00edros Katalin, Dr. Hank\u00f3czi Gyula \u00e9s Horv\u00e1th J\u00e1nos mellett m\u00e9g sokan felkerest\u00e9k Dani b\u00e1csit, hogy az ut\u00f3kor sz\u00e1m\u00e1ra r\u00f6gz\u00edts\u00e9k, dokument\u00e1lj\u00e1k a XIX. sz\u00e1zadt\u00f3l kb. a XX. sz\u00e1zad k\u00f6zep\u00e9ig a Szentes \u00e9s Szentes k\u00f6rny\u00e9ki paraszts\u00e1g \u00e9s kubikoss\u00e1g \u00e1ltal kedvelt \u00e9s haszn\u00e1lt teker\u0151 (1.) \u2013 esz klarin\u00e9t(2.) vagy egy\u00e9b (2. hangszerek: heged\u0171, citera, t\u00e1rogat\u00f3) p\u00e1rokon megsz\u00f3laltatott muzsik\u00e1kat.<br \/><br \/>A szentesi \u00e9s Szentes k\u00f6rny\u00e9ki teker\u0151 k\u00e9sz\u00edt\u0151k \u00e9s \/vagy teker\u0151 j\u00e1t\u00e9kosok (az 1840-es \u00e9vekben sz\u00fcletettekt\u0151l napjainkig, megk\u00f6zel\u00edt\u0151en id\u0151rendben a teljess\u00e9g ig\u00e9nye n\u00e9lk\u00fcl):<br \/>&#8211;\u00a0\u00a0\u00a0 Szeny\u00e9ri J\u00e1nos (1840), Balla Istv\u00e1n (1876), R\u00e9pa B\u00e1lint, J\u00f3zsa Imre, Kiss J\u00f3zsef (1878), Szeny\u00e9ri D\u00e1niel (1885), Maszlag J\u00f3zsefn\u00e9 Mecs Balogh M\u00e1ria (1889), S\u00edpos J\u00f3zsef (1900), Ors\u00f3s L\u00e1szl\u00f3, Szegi J\u00e1nos, Dud\u00e1s S\u00e1ndor, Ecseri M\u00e1ty\u00e1s (1894), Vir\u00e1gos S\u00e1ndor (1899), Sink\u00f3 J\u00e1nos (1902), id. L\u00e1szl\u00f3 Istv\u00e1n (1879), ifj. L\u00e1szl\u00f3 Istv\u00e1n (1909), Konkoly J\u00f3zsef (1906),) Hal\u00e1sz Szab\u00f3 Zsigmond, B\u00e1rsony Mih\u00e1ly (1915), B\u00edr\u00f3 S\u00e1ndor (kb.1908), Z\u00f6ldi L\u00e1szl\u00f3n\u00e9, Remzs\u0151 J\u00f3zsef (1948), Balla Tibor (1962), Ber\u00e9nyi T\u00fcnde, Harmat Levente, Karik\u00f3n\u00e9 Pusk\u00e1s Gabriella, Pataki Erika, Varga P\u00e9ter.<br \/><br \/>Munk\u00e1ss\u00e1guk nyom\u00e1n nem vitatott, hogy Szentes a teker\u0151 \u00e9s teker\u0151z\u00e9s haz\u00e1ja volt kb. m\u00e1sf\u00e9l \u00e9vsz\u00e1zadig. Az itt \u00e9s a k\u00f6rnyez\u0151 telep\u00fcl\u00e9seken felgy\u0171jt\u00f6tt \u00e9rt\u00e9kek a magyar n\u00e9pzenetudom\u00e1ny r\u00e9sz\u00e9t k\u00e9pezik, ez\u00e9rt tov\u00e1bbhagyom\u00e1nyoz\u00f3d\u00e1suk biztos\u00edtott.<br \/>Az elm\u00falt kb. 15 -20 \u00e9vben Szentesen teker\u0151muzsik\u00e1l\u00e1st oktattak:<br \/>&#8211;\u00a0\u00a0\u00a0 Balla Tibor (Kunszentm\u00e1rton) a Z\u00f6ld\u00e1g Hagyom\u00e1ny\u0151rz\u0151 Szakk\u00f6r keret\u00e9ben \/ 06 30 649 7202),<br \/>&#8211;\u00a0\u00a0\u00a0 Bartha Z. \u00c1goston, Havasr\u00e9ti P\u00e1l \u00e9s Szer\u00e9nyi B\u00e9la a Magyar Teker\u0151zenekar tagjaik\u00e9nt a ny\u00e1ri teker\u0151s t\u00e1borok keret\u00e9ben a Szentesi \u00dcd\u00fcl\u0151k\u00f6zpontban.<br \/><br \/>A nagy tiszteletet \u00e9rdeml\u0151 \u00e9s magas szakmai sz\u00ednvonalat k\u00e9pvisel\u0151 vil\u00e1gh\u00edr\u0171 szentesi teker\u0151muzsika oktat\u00e1s\u00e1nak m\u0171v\u00e9szeti iskolai keretek k\u00f6z\u00f6tt t\u00f6rt\u00e9n\u0151 ind\u00edt\u00e1s\u00e1t \u00e9vek \u00f3ta szorgalmazta a Z\u00f6ld\u00e1g Mozg\u00e1skult\u00fara \u00e9s Sport Egyes\u00fclet (1996-2012). A megval\u00f3sul\u00e1s hi\u00e1nya miatt ezt a kezdem\u00e9nyez\u00e9st tov\u00e1bbra is elengedhetetlen\u00fcl fontosnak tartja 2013-t\u00f3l Z\u00f6ld\u00e1g Hagyom\u00e1ny\u0151rz\u0151 Szakk\u00f6r\u00fcnk. C\u00e9lunk, hogy v\u00e1rosunkban \u00e9s k\u00f6rny\u00e9k\u00e9n kisiskol\u00e1s kort\u00f3l f\u00fcggetlen\u00fcl minden \u00e9rdekl\u0151d\u0151 sz\u00e1m\u00e1ra lehet\u0151s\u00e9g legyen a teker\u0151-klarin\u00e9t hangszereken j\u00e1tszani szeretn\u0151k oktat\u00e1s\u00e1ra.<br \/><br \/>Kezdem\u00e9nyez\u00e9s\u00fcnket mag\u00e1nszem\u00e9lyek mellett a helyi Lajtha L\u00e1szl\u00f3 Alapfok\u00fa M\u0171v\u00e9szeti Iskola is t\u00e1mogatja. Rem\u00e9nyeink szerint a sz\u00fcks\u00e9ges anyagi lehet\u0151s\u00e9gek birtok\u00e1ban hamarosan n\u00e9pes teker\u0151s csoportok lesznek Szentesen \u00e9s k\u00f6rny\u00e9k\u00e9n is.<br \/><br \/>Szentes, 2018. m\u00e1rcius 1.\u00a0\u00a0\u00a0\u00a0\u00a0\u00a0\u00a0\u00a0\u00a0\u00a0\u00a0 Hank\u00f3 Gy\u00f6rgyn\u00e9<br \/>\u00a0\u00a0\u00a0\u00a0\u00a0\u00a0\u00a0\u00a0\u00a0\u00a0\u00a0\u00a0\u00a0\u00a0\u00a0\u00a0\u00a0\u00a0\u00a0 Z\u00f6ld\u00e1g Hagyom\u00e1ny\u0151rz\u0151 Szakk\u00f6r<br \/><br \/><br \/><br \/><br \/>Aj\u00e1nlott irodalom<br \/><br \/>1.\/ Kod\u00e1ly Zolt\u00e1n: A magyar n\u00e9pzene, Bp. 1973.<br \/><br \/>2.\/ Szer\u00e9nyi B\u00e9la: A hagyom\u00e1nyos teker\u0151muzsika, Bp. 1981.<br \/><br \/>3.\/ Hank\u00f3 Gy\u00f6rgyn\u00e9 Paksi M\u00e1rta: Szentes \u00e9s k\u00f6rny\u00e9ke n\u00e9pzen\u00e9je \u00e9s n\u00e9pt\u00e1nca a XX. sz\u00e1zadban, Szentes, 2002.<br \/><br \/>4.\/ Tari Lujza: Bart\u00f3k B\u00e9la hangszeres n\u00e9pzenegy\u0171jt\u00e9se<br \/>Dunaszerdahely, 2011.<br \/><br \/>5.\/ Hank\u00f3czi Gyula: A teker\u0151lantr\u00f3l \/ Dalok \u00f6t h\u00faron<br \/>Timpa Kiad\u00f3, 2007.<br \/><br \/>6.\/ http:\/\/www.opushangszer.hu\/havasreti-pal-szerenyi-bela-magyar-tekeroiskola-i.html<br \/><br \/>7.\/ Forr\u00e1sn\u00e9 T\u00f6r\u00f6k Katalin: Derzsi Kov\u00e1cs Jen\u0151 szentesi \u00e9s Szentes vid\u00e9ki dallamgy\u0171jtem\u00e9nye, Szeged, 1987<br \/><br \/>8.\/ Paksa Katalin: Magyar n\u00e9pzenet\u00f6rt\u00e9net, Bp., 1999<br \/><br \/>9.\/ S\u00e1rosi B\u00e1lint: A hangszeres magyar n\u00e9pzene, Bp. 1996<br \/><br \/>10.\/ S\u00e1rosi B\u00e1lint: Magyar n\u00e9pi hangszerek, Bp., 1978<br \/><br \/>11.\/ Seb\u0151 Ferenc: N\u00e9pzenei olvas\u00f3k\u00f6nyv, Bp. 1994<br \/><br \/>12.\/ Csaj\u00e1ghy Gy\u00f6rgy: A magyar n\u00e9pzene b\u00f6lcs\u0151je: Kelet<br \/>P\u00e9cs, 1998<br \/><br \/>13.\/ Zs\u00edros Katalin: Hangfelv\u00e9telek Szeny\u00e9ri D\u00e1niellel<br \/>Szentes, 1967<br \/><br \/>14.\/ Csisz\u00e1r Endre: Szeny\u00e9ri D\u00e1niel teker\u0151s \u00e9let\u00fatja\u00a0 \/<br \/>Szentes, 2005<br \/><br \/>15.\/ Bal\u00e1zs \u00c1rp\u00e1d: N\u00e9pzenei gy\u0171jt\u00e9sek Szeny\u00e9ri D\u00e1niel n\u00e9pdalaib\u00f3l \/ Szentes, 1959.<br \/><br \/>16.\/ Sz\u00e9p\u00e9n\u00e9 Balogh Szab\u00f3 Katalin: Eml\u00e9kk\u00e9pek Szeny\u00e9ri D\u00e1nielr\u0151l \/ Szentes, 2005.<br \/><br \/>Teker\u0151z\u00e9shez, teker\u0151k\u00e9sz\u00edt\u00e9shez kapcsol\u00f3d\u00f3 irodalmak<br \/><br \/>Szer\u00e9nyi B\u00e9la: A hagyom\u00e1nyos magyar teker\u0151muzsika Budapest, 1994.<br \/>Kis-R\u00e1cz Antaln\u00e9-Lab\u00e1di Lajos-V\u00f6r\u00f6s Gabriella (szerk.): Szentes helyismereti k\u00e9zik\u00f6nyve (tanulm\u00e1nyok) II. k\u00f6tet; Szentes, 2000.<br \/>Zs\u00edros Katalin: 100 \u00e9ve sz\u00fcletett Szeny\u00e9ri D\u00e1niel (1885-1969), Szentes, 1985.<br \/>Nagy Bal\u00e1zs: Teker\u0151lantosok k\u00f6nyve Hagyom\u00e1nyok H\u00e1za Budapest, 2006.<br \/>S\u00e1rosi B\u00e1lint: Zenei anyanyelv\u00fcnk, Budapest, 1973.<br \/>Mandel R\u00f3bert: Magyar n\u00e9pi hangszerek, Budapest, 1986.<br \/>Mandel R\u00f3bert: Hangszer\u00e9sz mesters\u00e9g, Budapest (\u00e9vsz\u00e1m nincsen felt\u00fcntetve; M\u00fazs\u00e1k K\u00f6zm\u0171vel\u0151d\u00e9si Kiad\u00f3)<br \/>S\u00e1rosi B\u00e1lint: Hangszerek a magyar n\u00e9phagyom\u00e1nyban, Budapest, 1998.<br \/>Mandel R\u00f3bert: Magyar n\u00e9pi hangszerek, Budapest, 2008.<br \/>S\u00e1rosi B\u00e1lint: A hangszeres magyar n\u00e9pzenei hagyom\u00e1ny, Budapest, 2008.<\/p>\t\t\t\t\t<\/div>\n\t\t\t\t\t\t<\/div>\n\t\t\t\t<\/div>\n\t\t\t\t\t\t<\/div>\n\t\t\t\t\t<\/div>\n\t\t<\/div>\n\t\t\t\t\t\t\t\t<\/div>\n\t\t\t\t\t<\/div>\n\t\t<\/section>\n\t\t\t\t\t\t<\/div>\n\t\t\t\t\t\t<\/div>\n\t\t\t\t\t<\/div>\n\t\t","protected":false},"excerpt":{"rendered":"<p>Szentesen tal\u00e1n legt\u00f6bben Szeny\u00e9ri D\u00e1niel (Szentes, 1885.12.05.\u20131969.02.22.) kubikusra, teker\u0151s n\u00e9pzen\u00e9szre, a N\u00e9pm\u0171v\u00e9szet Mester\u00e9re (1957. aug. 20.) eml\u00e9keznek, aki a Monarchia ter\u00fclet\u00e9t kubikus munkavezet\u0151k\u00e9nt j\u00e1rta be. \u00datj\u00e1ra a szersz\u00e1mai mellett a teker\u0151j\u00e9t is mag\u00e1val vitte. Ez\u00e1ltal is b\u0151v\u00edtve n\u00e9pzenei reperto\u00e1rj\u00e1t \u00e9s&hellip; <\/p>\n","protected":false},"author":1,"featured_media":0,"parent":0,"menu_order":0,"comment_status":"closed","ping_status":"closed","template":"","meta":[],"_links":{"self":[{"href":"https:\/\/www.zoldagvendegszeretet.hu\/index.php?rest_route=\/wp\/v2\/pages\/1645"}],"collection":[{"href":"https:\/\/www.zoldagvendegszeretet.hu\/index.php?rest_route=\/wp\/v2\/pages"}],"about":[{"href":"https:\/\/www.zoldagvendegszeretet.hu\/index.php?rest_route=\/wp\/v2\/types\/page"}],"author":[{"embeddable":true,"href":"https:\/\/www.zoldagvendegszeretet.hu\/index.php?rest_route=\/wp\/v2\/users\/1"}],"replies":[{"embeddable":true,"href":"https:\/\/www.zoldagvendegszeretet.hu\/index.php?rest_route=%2Fwp%2Fv2%2Fcomments&post=1645"}],"version-history":[{"count":3,"href":"https:\/\/www.zoldagvendegszeretet.hu\/index.php?rest_route=\/wp\/v2\/pages\/1645\/revisions"}],"predecessor-version":[{"id":2007,"href":"https:\/\/www.zoldagvendegszeretet.hu\/index.php?rest_route=\/wp\/v2\/pages\/1645\/revisions\/2007"}],"wp:attachment":[{"href":"https:\/\/www.zoldagvendegszeretet.hu\/index.php?rest_route=%2Fwp%2Fv2%2Fmedia&parent=1645"}],"curies":[{"name":"wp","href":"https:\/\/api.w.org\/{rel}","templated":true}]}}