{"id":1551,"date":"2020-12-02T16:41:59","date_gmt":"2020-12-02T16:41:59","guid":{"rendered":"http:\/\/localhost\/wordpress\/?page_id=1551"},"modified":"2022-04-23T06:49:58","modified_gmt":"2022-04-23T06:49:58","slug":"foltin-jolan-emlekere","status":"publish","type":"page","link":"https:\/\/www.zoldagvendegszeretet.hu\/?page_id=1551","title":{"rendered":"Foltin Jol\u00e1n eml\u00e9k\u00e9re"},"content":{"rendered":"\t\t<div data-elementor-type=\"wp-page\" data-elementor-id=\"1551\" class=\"elementor elementor-1551\" data-elementor-settings=\"[]\">\n\t\t\t\t\t\t<div class=\"elementor-inner\">\n\t\t\t\t\t\t\t<div class=\"elementor-section-wrap\">\n\t\t\t\t\t\t\t<section class=\"elementor-section elementor-top-section elementor-element elementor-element-06eeaf7 elementor-section-boxed elementor-section-height-default elementor-section-height-default\" data-id=\"06eeaf7\" data-element_type=\"section\">\n\t\t\t\t\t\t<div class=\"elementor-container elementor-column-gap-default\">\n\t\t\t\t\t\t\t<div class=\"elementor-row\">\n\t\t\t\t\t<div class=\"elementor-column elementor-col-100 elementor-top-column elementor-element elementor-element-f8a6b66\" data-id=\"f8a6b66\" data-element_type=\"column\">\n\t\t\t<div class=\"elementor-column-wrap elementor-element-populated\">\n\t\t\t\t\t\t\t<div class=\"elementor-widget-wrap\">\n\t\t\t\t\t\t<div class=\"elementor-element elementor-element-29277f9 elementor-widget elementor-widget-image\" data-id=\"29277f9\" data-element_type=\"widget\" data-widget_type=\"image.default\">\n\t\t\t\t<div class=\"elementor-widget-container\">\n\t\t\t\t\t\t\t\t<div class=\"elementor-image\">\n\t\t\t\t\t\t\t\t\t\t\t\t<img src=\"http:\/\/localhost\/wordpress\/wp-content\/uploads\/2020\/12\/Foltin-Joli-neni.jpeg\" title=\"\" alt=\"\" \/>\t\t\t\t\t\t\t\t\t\t\t\t\t\t<\/div>\n\t\t\t\t\t\t<\/div>\n\t\t\t\t<\/div>\n\t\t\t\t\t\t<\/div>\n\t\t\t\t\t<\/div>\n\t\t<\/div>\n\t\t\t\t\t\t\t\t<\/div>\n\t\t\t\t\t<\/div>\n\t\t<\/section>\n\t\t\t\t<section class=\"elementor-section elementor-top-section elementor-element elementor-element-7ab9c70 elementor-section-boxed elementor-section-height-default elementor-section-height-default\" data-id=\"7ab9c70\" data-element_type=\"section\">\n\t\t\t\t\t\t<div class=\"elementor-container elementor-column-gap-default\">\n\t\t\t\t\t\t\t<div class=\"elementor-row\">\n\t\t\t\t\t<div class=\"elementor-column elementor-col-100 elementor-top-column elementor-element elementor-element-0e3fe3b\" data-id=\"0e3fe3b\" data-element_type=\"column\">\n\t\t\t<div class=\"elementor-column-wrap elementor-element-populated\">\n\t\t\t\t\t\t\t<div class=\"elementor-widget-wrap\">\n\t\t\t\t\t\t<div class=\"elementor-element elementor-element-121a7ce elementor-widget elementor-widget-text-editor\" data-id=\"121a7ce\" data-element_type=\"widget\" data-widget_type=\"text-editor.default\">\n\t\t\t\t<div class=\"elementor-widget-container\">\n\t\t\t\t\t\t\t\t<div class=\"elementor-text-editor elementor-clearfix\">\n\t\t\t\t<p>Az 1996. december\u00e9ben Szentesen a Klauz\u00e1l G\u00e1bor \u00c1ltal\u00e1nos Iskol\u00e1ban alakult\u00a0 Z\u00f6ld\u00e1g Mozg\u00e1skult\u00fara \u00e9s Sport Egyes\u00fclet gyermek n\u00e9pt\u00e1nc csoportja Foltin Jol\u00e1n:\u00a0 Sz\u00e1ll el\u0151 z\u00f6ld \u00e1g c\u00edm\u0171\u00a0 kezd\u0151 t\u00e1ncosok\u00a0 r\u00e9sz\u00e9re k\u00e9sz\u00edtett munk\u00e1j\u00e1val szerepelt 1997. kar\u00e1csony\u00e1n a Szentesi M\u0171vel\u0151d\u00e9si K\u00f6zpont P\u00f3dium term\u00e9ben Hank\u00f3 Gy\u00f6rgyn\u00e9 felk\u00e9sz\u00edt\u00e9s\u00e9ben.<\/p>\t\t\t\t\t<\/div>\n\t\t\t\t\t\t<\/div>\n\t\t\t\t<\/div>\n\t\t\t\t\t\t<\/div>\n\t\t\t\t\t<\/div>\n\t\t<\/div>\n\t\t\t\t\t\t\t\t<\/div>\n\t\t\t\t\t<\/div>\n\t\t<\/section>\n\t\t\t\t<section class=\"elementor-section elementor-top-section elementor-element elementor-element-241d655 elementor-section-boxed elementor-section-height-default elementor-section-height-default\" data-id=\"241d655\" data-element_type=\"section\">\n\t\t\t\t\t\t<div class=\"elementor-container elementor-column-gap-default\">\n\t\t\t\t\t\t\t<div class=\"elementor-row\">\n\t\t\t\t\t<div class=\"elementor-column elementor-col-100 elementor-top-column elementor-element elementor-element-2f768e3\" data-id=\"2f768e3\" data-element_type=\"column\">\n\t\t\t<div class=\"elementor-column-wrap elementor-element-populated\">\n\t\t\t\t\t\t\t<div class=\"elementor-widget-wrap\">\n\t\t\t\t\t\t<div class=\"elementor-element elementor-element-40c4d43 elementor-widget elementor-widget-text-editor\" data-id=\"40c4d43\" data-element_type=\"widget\" data-widget_type=\"text-editor.default\">\n\t\t\t\t<div class=\"elementor-widget-container\">\n\t\t\t\t\t\t\t\t<div class=\"elementor-text-editor elementor-clearfix\">\n\t\t\t\t<p>\u00a0&#8222;Sz\u00e1ll el\u0151 z\u00f6ld \u00e1g, <br \/>z\u00f6ld levelecske,<br \/>J\u00f6jj el, j\u00f6jj el bokrostul, <br \/>bokron maradjon!&#8221;<\/p>\t\t\t\t\t<\/div>\n\t\t\t\t\t\t<\/div>\n\t\t\t\t<\/div>\n\t\t\t\t\t\t<\/div>\n\t\t\t\t\t<\/div>\n\t\t<\/div>\n\t\t\t\t\t\t\t\t<\/div>\n\t\t\t\t\t<\/div>\n\t\t<\/section>\n\t\t\t\t<section class=\"elementor-section elementor-top-section elementor-element elementor-element-872a218 elementor-section-boxed elementor-section-height-default elementor-section-height-default\" data-id=\"872a218\" data-element_type=\"section\">\n\t\t\t\t\t\t<div class=\"elementor-container elementor-column-gap-default\">\n\t\t\t\t\t\t\t<div class=\"elementor-row\">\n\t\t\t\t\t<div class=\"elementor-column elementor-col-100 elementor-top-column elementor-element elementor-element-cf10bb9\" data-id=\"cf10bb9\" data-element_type=\"column\">\n\t\t\t<div class=\"elementor-column-wrap elementor-element-populated\">\n\t\t\t\t\t\t\t<div class=\"elementor-widget-wrap\">\n\t\t\t\t\t\t<div class=\"elementor-element elementor-element-609236d elementor-widget elementor-widget-image\" data-id=\"609236d\" data-element_type=\"widget\" data-widget_type=\"image.default\">\n\t\t\t\t<div class=\"elementor-widget-container\">\n\t\t\t\t\t\t\t\t<div class=\"elementor-image\">\n\t\t\t\t\t\t\t\t\t\t\t\t<img src=\"http:\/\/localhost\/wordpress\/wp-content\/uploads\/2020\/12\/1997.jpg\" title=\"\" alt=\"\" \/>\t\t\t\t\t\t\t\t\t\t\t\t\t\t<\/div>\n\t\t\t\t\t\t<\/div>\n\t\t\t\t<\/div>\n\t\t\t\t\t\t<\/div>\n\t\t\t\t\t<\/div>\n\t\t<\/div>\n\t\t\t\t\t\t\t\t<\/div>\n\t\t\t\t\t<\/div>\n\t\t<\/section>\n\t\t\t\t<section class=\"elementor-section elementor-top-section elementor-element elementor-element-0320f60 elementor-section-boxed elementor-section-height-default elementor-section-height-default\" data-id=\"0320f60\" data-element_type=\"section\">\n\t\t\t\t\t\t<div class=\"elementor-container elementor-column-gap-default\">\n\t\t\t\t\t\t\t<div class=\"elementor-row\">\n\t\t\t\t\t<div class=\"elementor-column elementor-col-100 elementor-top-column elementor-element elementor-element-e4a2184\" data-id=\"e4a2184\" data-element_type=\"column\">\n\t\t\t<div class=\"elementor-column-wrap elementor-element-populated\">\n\t\t\t\t\t\t\t<div class=\"elementor-widget-wrap\">\n\t\t\t\t\t\t<div class=\"elementor-element elementor-element-237ede5 elementor-widget elementor-widget-image\" data-id=\"237ede5\" data-element_type=\"widget\" data-widget_type=\"image.default\">\n\t\t\t\t<div class=\"elementor-widget-container\">\n\t\t\t\t\t\t\t\t<div class=\"elementor-image\">\n\t\t\t\t\t\t\t\t\t\t\t\t\t<a href=\"https:\/\/www.zoldagvendegszeretet.hu\/wp-content\/uploads\/2022\/04\/Foltin-_Asszonyok-konyve_vagva.jpg\" data-elementor-open-lightbox=\"yes\" data-elementor-lightbox-title=\"Foltin _Asszonyok k\u00f6nyve_v\u00e1gva\">\n\t\t\t\t\t\t\t<img width=\"664\" height=\"1024\" src=\"https:\/\/www.zoldagvendegszeretet.hu\/wp-content\/uploads\/2022\/04\/Foltin-_Asszonyok-konyve_vagva-664x1024.jpg\" class=\"attachment-large size-large\" alt=\"flot\u00e1n jol\u00e1n\" loading=\"lazy\" srcset=\"https:\/\/www.zoldagvendegszeretet.hu\/wp-content\/uploads\/2022\/04\/Foltin-_Asszonyok-konyve_vagva-664x1024.jpg 664w, https:\/\/www.zoldagvendegszeretet.hu\/wp-content\/uploads\/2022\/04\/Foltin-_Asszonyok-konyve_vagva-194x300.jpg 194w, https:\/\/www.zoldagvendegszeretet.hu\/wp-content\/uploads\/2022\/04\/Foltin-_Asszonyok-konyve_vagva-768x1185.jpg 768w, https:\/\/www.zoldagvendegszeretet.hu\/wp-content\/uploads\/2022\/04\/Foltin-_Asszonyok-konyve_vagva.jpg 977w\" sizes=\"(max-width: 664px) 100vw, 664px\" \/>\t\t\t\t\t\t\t\t<\/a>\n\t\t\t\t\t\t\t\t\t\t\t\t\t\t<\/div>\n\t\t\t\t\t\t<\/div>\n\t\t\t\t<\/div>\n\t\t\t\t\t\t<\/div>\n\t\t\t\t\t<\/div>\n\t\t<\/div>\n\t\t\t\t\t\t\t\t<\/div>\n\t\t\t\t\t<\/div>\n\t\t<\/section>\n\t\t\t\t<section class=\"elementor-section elementor-top-section elementor-element elementor-element-8e4452e elementor-section-boxed elementor-section-height-default elementor-section-height-default\" data-id=\"8e4452e\" data-element_type=\"section\">\n\t\t\t\t\t\t<div class=\"elementor-container elementor-column-gap-default\">\n\t\t\t\t\t\t\t<div class=\"elementor-row\">\n\t\t\t\t\t<div class=\"elementor-column elementor-col-100 elementor-top-column elementor-element elementor-element-c4d3660\" data-id=\"c4d3660\" data-element_type=\"column\">\n\t\t\t<div class=\"elementor-column-wrap elementor-element-populated\">\n\t\t\t\t\t\t\t<div class=\"elementor-widget-wrap\">\n\t\t\t\t\t\t<div class=\"elementor-element elementor-element-011cca9 elementor-widget elementor-widget-text-editor\" data-id=\"011cca9\" data-element_type=\"widget\" data-widget_type=\"text-editor.default\">\n\t\t\t\t<div class=\"elementor-widget-container\">\n\t\t\t\t\t\t\t\t<div class=\"elementor-text-editor elementor-clearfix\">\n\t\t\t\t<p>Nemzeti T\u00e1ncsz\u00ednh\u00e1z m\u0171sorf\u00fczet <br \/>2010. 02. sz\u00e1m 26. oldal<\/p>\t\t\t\t\t<\/div>\n\t\t\t\t\t\t<\/div>\n\t\t\t\t<\/div>\n\t\t\t\t\t\t<\/div>\n\t\t\t\t\t<\/div>\n\t\t<\/div>\n\t\t\t\t\t\t\t\t<\/div>\n\t\t\t\t\t<\/div>\n\t\t<\/section>\n\t\t\t\t\t\t<\/div>\n\t\t\t\t\t\t<\/div>\n\t\t\t\t\t<\/div>\n\t\t","protected":false},"excerpt":{"rendered":"<p>Az 1996. december\u00e9ben Szentesen a Klauz\u00e1l G\u00e1bor \u00c1ltal\u00e1nos Iskol\u00e1ban alakult\u00a0 Z\u00f6ld\u00e1g Mozg\u00e1skult\u00fara \u00e9s Sport Egyes\u00fclet gyermek n\u00e9pt\u00e1nc csoportja Foltin Jol\u00e1n:\u00a0 Sz\u00e1ll el\u0151 z\u00f6ld \u00e1g c\u00edm\u0171\u00a0 kezd\u0151 t\u00e1ncosok\u00a0 r\u00e9sz\u00e9re k\u00e9sz\u00edtett munk\u00e1j\u00e1val szerepelt 1997. kar\u00e1csony\u00e1n a Szentesi M\u0171vel\u0151d\u00e9si K\u00f6zpont P\u00f3dium term\u00e9ben Hank\u00f3&hellip; <\/p>\n","protected":false},"author":1,"featured_media":0,"parent":0,"menu_order":0,"comment_status":"closed","ping_status":"closed","template":"","meta":[],"_links":{"self":[{"href":"https:\/\/www.zoldagvendegszeretet.hu\/index.php?rest_route=\/wp\/v2\/pages\/1551"}],"collection":[{"href":"https:\/\/www.zoldagvendegszeretet.hu\/index.php?rest_route=\/wp\/v2\/pages"}],"about":[{"href":"https:\/\/www.zoldagvendegszeretet.hu\/index.php?rest_route=\/wp\/v2\/types\/page"}],"author":[{"embeddable":true,"href":"https:\/\/www.zoldagvendegszeretet.hu\/index.php?rest_route=\/wp\/v2\/users\/1"}],"replies":[{"embeddable":true,"href":"https:\/\/www.zoldagvendegszeretet.hu\/index.php?rest_route=%2Fwp%2Fv2%2Fcomments&post=1551"}],"version-history":[{"count":13,"href":"https:\/\/www.zoldagvendegszeretet.hu\/index.php?rest_route=\/wp\/v2\/pages\/1551\/revisions"}],"predecessor-version":[{"id":3506,"href":"https:\/\/www.zoldagvendegszeretet.hu\/index.php?rest_route=\/wp\/v2\/pages\/1551\/revisions\/3506"}],"wp:attachment":[{"href":"https:\/\/www.zoldagvendegszeretet.hu\/index.php?rest_route=%2Fwp%2Fv2%2Fmedia&parent=1551"}],"curies":[{"name":"wp","href":"https:\/\/api.w.org\/{rel}","templated":true}]}}