{"id":1494,"date":"2020-12-02T16:24:31","date_gmt":"2020-12-02T16:24:31","guid":{"rendered":"http:\/\/localhost\/wordpress\/?page_id=1494"},"modified":"2020-12-05T10:41:04","modified_gmt":"2020-12-05T10:41:04","slug":"nogrady-andor-emlekere","status":"publish","type":"page","link":"https:\/\/www.zoldagvendegszeretet.hu\/?page_id=1494","title":{"rendered":"N\u00f3gr\u00e1dy Andor eml\u00e9k\u00e9re"},"content":{"rendered":"\t\t<div data-elementor-type=\"wp-page\" data-elementor-id=\"1494\" class=\"elementor elementor-1494\" data-elementor-settings=\"[]\">\n\t\t\t\t\t\t<div class=\"elementor-inner\">\n\t\t\t\t\t\t\t<div class=\"elementor-section-wrap\">\n\t\t\t\t\t\t\t<section class=\"elementor-section elementor-top-section elementor-element elementor-element-f7bb69f elementor-section-boxed elementor-section-height-default elementor-section-height-default\" data-id=\"f7bb69f\" data-element_type=\"section\">\n\t\t\t\t\t\t<div class=\"elementor-container elementor-column-gap-default\">\n\t\t\t\t\t\t\t<div class=\"elementor-row\">\n\t\t\t\t\t<div class=\"elementor-column elementor-col-100 elementor-top-column elementor-element elementor-element-603ce0e\" data-id=\"603ce0e\" data-element_type=\"column\">\n\t\t\t<div class=\"elementor-column-wrap elementor-element-populated\">\n\t\t\t\t\t\t\t<div class=\"elementor-widget-wrap\">\n\t\t\t\t\t\t<div class=\"elementor-element elementor-element-70fda2d elementor-widget elementor-widget-text-editor\" data-id=\"70fda2d\" data-element_type=\"widget\" data-widget_type=\"text-editor.default\">\n\t\t\t\t<div class=\"elementor-widget-container\">\n\t\t\t\t\t\t\t\t<div class=\"elementor-text-editor elementor-clearfix\">\n\t\t\t\t<p>Tisztelg\u00e9s N\u00f3gr\u00e1dy Andor s\u00edrj\u00e1n\u00e1l a hal\u00e1l\u00e1t k\u00f6vet\u0151 3. h\u00f3napban<br \/>Nagy tisztel\u0151jek\u00e9nt, bar\u00e1tjak\u00e9nt, a Z\u00f6ld\u00e1g Hagyom\u00e1ny\u0151rz\u0151 Szakk\u00f6r vezet\u0151jek\u00e9nt valamint K\u0151halmin\u00e9 Forrai Julianna nev\u00e9ben kerestem fel N\u00f3gr\u00e1dy Andor s\u00edrhely\u00e9t Jobb\u00e1gyiban 2018. 07. 17-\u00e9n \u00f6zvegye \u2013 N\u00f3gr\u00e1dy Andorn\u00e9 Ildik\u00f3 \u2013 t\u00e1rsas\u00e1g\u00e1ban. A nagyon sz\u00e9p, Szentesr\u0151l vitt s\u00f6t\u00e9t lila \u00e9s f\u00e1radt z\u00f6ld sz\u00edn\u0171 koszor\u00fankat \u201eNem feled\u00fcnk\u201d felirattal \u00e9s K\u0151halmin\u00e9 Jutka feh\u00e9r \u00e9l\u0151 vir\u00e1gcsokr\u00e1t annak a kedves polihisztor bar\u00e1tnak helyeztem a s\u00edrj\u00e1ra, aki pl. a Szentesen m\u00e1r elk\u00e9sz\u00fclt Kurca parton (11 dal) \u00e9s a k\u00e9sz\u00fcl\u0151ben lev\u0151 CSODAFI\u00da SZARVAS (50 dal) n\u00e9pzenei DVD illusztr\u00e1ci\u00f3it rajzolta meg.<br \/>A Z\u00f6ld\u00e1g Hagyom\u00e1ny\u0151rz\u0151 Szakk\u00f6r honlapj\u00e1n N\u00f3gr\u00e1dy Andor eml\u00e9k\u00e9re https:\/\/zoldaghagyomanyorzoszakkor.blogspot.com\/ tal\u00e1lhat\u00f3k:<br \/>I.\/ a Folkl\u00f3r anyagok men\u00fcben:<br \/>&#8211;\u00a0\u00a0\u00a0 N\u00f3gr\u00e1dy Andor eml\u00e9k\u00e9re c. b\u00facs\u00faz\u00e1s T\u00f3th S\u00e1ndor Jobb\u00e1gyi alpolg\u00e1rmester\u00e9nek &#8211; a P\u00e1szt\u00f3i ATHEN\u00c9 ALKOT\u00d3 K\u00d6R El\u00e9rhet\u0151s\u00e9g: (athene.paszto@gmail.com) egyik tagj\u00e1nak- \u00edr\u00e1sa olvashat\u00f3 az \u00e9vente 4 alkalommal t\u00e9r\u00edt\u00e9smentesen megjelen\u0151 JOBB\u00c1GYI H\u00cdREK c. foly\u00f3iratban.<br \/>&#8211;\u00a0\u00a0\u00a0 A fot\u00f3kat N\u00f3gr\u00e1dy Andor v\u00e9gs\u0151 nyughely\u00e9n\u00e9l \u00e9s egykori lak\u00f3h\u00e1za f\u0151bej\u00e1rat\u00e1n\u00e1l k\u00e9sz\u00edtettem 2018. 07. 17-18-\u00e1n.<br \/>II.\/ a Hangl\u00e1da men\u00fcben a R\u00e1di\u00f3 Szentes (106,1 Mhz) S\u00edppal, dobbal, n\u00e1di heged\u0171vel c. n\u00e9pzenei m\u0171sora r\u00e9sz\u00e9re 2009.05.14-\u00e9n N\u00f3gr\u00e1dy Andorral r\u00f6gz\u00edtett besz\u00e9lget\u00e9s r\u00e9szlete hallhat\u00f3: N\u00f3gr\u00e1dy Andor szentesi eml\u00e9keir\u0151l.<br \/>III. \/ a Hangosfilm men\u00fcben a Kurca parton c. n\u00e9pzenei DVD 2. dala:<br \/>De szeretn\u00e9k Szeged\u00e9be szolg\u00e1lni\u2026 (Derzsi Kov\u00e1cs Jen\u0151 szentesi gy\u0171jt\u00e9se, 1939) Balla Tibor (teker\u0151), Szab\u00f3 Csaba (klarin\u00e9t), Sz\u0171cs Mikl\u00f3s (\u00e9nek) el\u0151ad\u00e1s\u00e1ban.<br \/><br \/>\u00a0\u00a0\u00a0\u00a0\u00a0\u00a0\u00a0\u00a0\u00a0\u00a0\u00a0 Kedves Bandi! Igen hamar elment\u00e9l! Nyugodj\u00e1l b\u00e9k\u00e9ben!<br \/><br \/>Szentes, 2018. 07. 21.\u00a0\u00a0\u00a0\u00a0\u00a0\u00a0\u00a0\u00a0\u00a0\u00a0\u00a0\u00a0\u00a0\u00a0\u00a0 Hank\u00f3 Gy\u00f6rgyn\u00e9 M\u00e1rti<br \/>\u00a0\u00a0\u00a0\u00a0\u00a0\u00a0\u00a0\u00a0\u00a0\u00a0\u00a0\u00a0\u00a0\u00a0\u00a0\u00a0\u00a0\u00a0\u00a0 Z\u00f6ld\u00e1g Hagyom\u00e1ny\u0151rz\u0151 Szakk\u00f6r vezet\u0151<\/p>\t\t\t\t\t<\/div>\n\t\t\t\t\t\t<\/div>\n\t\t\t\t<\/div>\n\t\t\t\t\t\t<\/div>\n\t\t\t\t\t<\/div>\n\t\t<\/div>\n\t\t\t\t\t\t\t\t<\/div>\n\t\t\t\t\t<\/div>\n\t\t<\/section>\n\t\t\t\t<section class=\"elementor-section elementor-top-section elementor-element elementor-element-0fdbd69 elementor-section-boxed elementor-section-height-default elementor-section-height-default\" data-id=\"0fdbd69\" data-element_type=\"section\">\n\t\t\t\t\t\t<div class=\"elementor-container elementor-column-gap-default\">\n\t\t\t\t\t\t\t<div class=\"elementor-row\">\n\t\t\t\t\t<div class=\"elementor-column elementor-col-100 elementor-top-column elementor-element elementor-element-0d2deb2\" data-id=\"0d2deb2\" data-element_type=\"column\">\n\t\t\t<div class=\"elementor-column-wrap elementor-element-populated\">\n\t\t\t\t\t\t\t<div class=\"elementor-widget-wrap\">\n\t\t\t\t\t\t<div class=\"elementor-element elementor-element-48f8347 elementor-widget elementor-widget-image\" data-id=\"48f8347\" data-element_type=\"widget\" data-widget_type=\"image.default\">\n\t\t\t\t<div class=\"elementor-widget-container\">\n\t\t\t\t\t\t\t\t<div class=\"elementor-image\">\n\t\t\t\t\t\t\t\t\t\t\t\t<img src=\"http:\/\/localhost\/wordpress\/wp-content\/uploads\/2020\/12\/1.jpg\" title=\"\" alt=\"\" \/>\t\t\t\t\t\t\t\t\t\t\t\t\t\t<\/div>\n\t\t\t\t\t\t<\/div>\n\t\t\t\t<\/div>\n\t\t\t\t\t\t<\/div>\n\t\t\t\t\t<\/div>\n\t\t<\/div>\n\t\t\t\t\t\t\t\t<\/div>\n\t\t\t\t\t<\/div>\n\t\t<\/section>\n\t\t\t\t<section class=\"elementor-section elementor-top-section elementor-element elementor-element-0cdc9a6 elementor-section-boxed elementor-section-height-default elementor-section-height-default\" data-id=\"0cdc9a6\" data-element_type=\"section\">\n\t\t\t\t\t\t<div class=\"elementor-container elementor-column-gap-default\">\n\t\t\t\t\t\t\t<div class=\"elementor-row\">\n\t\t\t\t\t<div class=\"elementor-column elementor-col-100 elementor-top-column elementor-element elementor-element-c0f6a33\" data-id=\"c0f6a33\" data-element_type=\"column\">\n\t\t\t<div class=\"elementor-column-wrap elementor-element-populated\">\n\t\t\t\t\t\t\t<div class=\"elementor-widget-wrap\">\n\t\t\t\t\t\t<div class=\"elementor-element elementor-element-81f8cb0 elementor-widget elementor-widget-image\" data-id=\"81f8cb0\" data-element_type=\"widget\" data-widget_type=\"image.default\">\n\t\t\t\t<div class=\"elementor-widget-container\">\n\t\t\t\t\t\t\t\t<div class=\"elementor-image\">\n\t\t\t\t\t\t\t\t\t\t\t\t<img src=\"http:\/\/localhost\/wordpress\/wp-content\/uploads\/2020\/12\/2-1.jpg\" title=\"\" alt=\"\" \/>\t\t\t\t\t\t\t\t\t\t\t\t\t\t<\/div>\n\t\t\t\t\t\t<\/div>\n\t\t\t\t<\/div>\n\t\t\t\t\t\t<\/div>\n\t\t\t\t\t<\/div>\n\t\t<\/div>\n\t\t\t\t\t\t\t\t<\/div>\n\t\t\t\t\t<\/div>\n\t\t<\/section>\n\t\t\t\t<section class=\"elementor-section elementor-top-section elementor-element elementor-element-1239522 elementor-section-boxed elementor-section-height-default elementor-section-height-default\" data-id=\"1239522\" data-element_type=\"section\">\n\t\t\t\t\t\t<div class=\"elementor-container elementor-column-gap-default\">\n\t\t\t\t\t\t\t<div class=\"elementor-row\">\n\t\t\t\t\t<div class=\"elementor-column elementor-col-100 elementor-top-column elementor-element elementor-element-4c7894d\" data-id=\"4c7894d\" data-element_type=\"column\">\n\t\t\t<div class=\"elementor-column-wrap elementor-element-populated\">\n\t\t\t\t\t\t\t<div class=\"elementor-widget-wrap\">\n\t\t\t\t\t\t<div class=\"elementor-element elementor-element-d21ff9b elementor-widget elementor-widget-image\" data-id=\"d21ff9b\" data-element_type=\"widget\" data-widget_type=\"image.default\">\n\t\t\t\t<div class=\"elementor-widget-container\">\n\t\t\t\t\t\t\t\t<div class=\"elementor-image\">\n\t\t\t\t\t\t\t\t\t\t\t\t<img src=\"http:\/\/localhost\/wordpress\/wp-content\/uploads\/2020\/12\/31351286_915785728600816_308246255190933504_n.jpg\" title=\"\" alt=\"\" \/>\t\t\t\t\t\t\t\t\t\t\t\t\t\t<\/div>\n\t\t\t\t\t\t<\/div>\n\t\t\t\t<\/div>\n\t\t\t\t\t\t<\/div>\n\t\t\t\t\t<\/div>\n\t\t<\/div>\n\t\t\t\t\t\t\t\t<\/div>\n\t\t\t\t\t<\/div>\n\t\t<\/section>\n\t\t\t\t<section class=\"elementor-section elementor-top-section elementor-element elementor-element-bf259b5 elementor-section-boxed elementor-section-height-default elementor-section-height-default\" data-id=\"bf259b5\" data-element_type=\"section\">\n\t\t\t\t\t\t<div class=\"elementor-container elementor-column-gap-default\">\n\t\t\t\t\t\t\t<div class=\"elementor-row\">\n\t\t\t\t\t<div class=\"elementor-column elementor-col-100 elementor-top-column elementor-element elementor-element-d3bd519\" data-id=\"d3bd519\" data-element_type=\"column\">\n\t\t\t<div class=\"elementor-column-wrap elementor-element-populated\">\n\t\t\t\t\t\t\t<div class=\"elementor-widget-wrap\">\n\t\t\t\t\t\t<div class=\"elementor-element elementor-element-66344e5 elementor-widget elementor-widget-image\" data-id=\"66344e5\" data-element_type=\"widget\" data-widget_type=\"image.default\">\n\t\t\t\t<div class=\"elementor-widget-container\">\n\t\t\t\t\t\t\t\t<div class=\"elementor-image\">\n\t\t\t\t\t\t\t\t\t\t\t\t<img src=\"http:\/\/localhost\/wordpress\/wp-content\/uploads\/2020\/12\/N_A_Nem-feled.jpg\" title=\"\" alt=\"\" \/>\t\t\t\t\t\t\t\t\t\t\t\t\t\t<\/div>\n\t\t\t\t\t\t<\/div>\n\t\t\t\t<\/div>\n\t\t\t\t\t\t<\/div>\n\t\t\t\t\t<\/div>\n\t\t<\/div>\n\t\t\t\t\t\t\t\t<\/div>\n\t\t\t\t\t<\/div>\n\t\t<\/section>\n\t\t\t\t<section class=\"elementor-section elementor-top-section elementor-element elementor-element-806a93f elementor-section-boxed elementor-section-height-default elementor-section-height-default\" data-id=\"806a93f\" data-element_type=\"section\">\n\t\t\t\t\t\t<div class=\"elementor-container elementor-column-gap-default\">\n\t\t\t\t\t\t\t<div class=\"elementor-row\">\n\t\t\t\t\t<div class=\"elementor-column elementor-col-100 elementor-top-column elementor-element elementor-element-bff3d8a\" data-id=\"bff3d8a\" data-element_type=\"column\">\n\t\t\t<div class=\"elementor-column-wrap elementor-element-populated\">\n\t\t\t\t\t\t\t<div class=\"elementor-widget-wrap\">\n\t\t\t\t\t\t<div class=\"elementor-element elementor-element-42dfadc elementor-widget elementor-widget-image\" data-id=\"42dfadc\" data-element_type=\"widget\" data-widget_type=\"image.default\">\n\t\t\t\t<div class=\"elementor-widget-container\">\n\t\t\t\t\t\t\t\t<div class=\"elementor-image\">\n\t\t\t\t\t\t\t\t\t\t\t\t<img src=\"http:\/\/localhost\/wordpress\/wp-content\/uploads\/2020\/12\/N_A_Nem-feledunk.jpg\" title=\"\" alt=\"\" \/>\t\t\t\t\t\t\t\t\t\t\t\t\t\t<\/div>\n\t\t\t\t\t\t<\/div>\n\t\t\t\t<\/div>\n\t\t\t\t\t\t<\/div>\n\t\t\t\t\t<\/div>\n\t\t<\/div>\n\t\t\t\t\t\t\t\t<\/div>\n\t\t\t\t\t<\/div>\n\t\t<\/section>\n\t\t\t\t<section class=\"elementor-section elementor-top-section elementor-element elementor-element-3134699 elementor-section-boxed elementor-section-height-default elementor-section-height-default\" data-id=\"3134699\" data-element_type=\"section\">\n\t\t\t\t\t\t<div class=\"elementor-container elementor-column-gap-default\">\n\t\t\t\t\t\t\t<div class=\"elementor-row\">\n\t\t\t\t\t<div class=\"elementor-column elementor-col-100 elementor-top-column elementor-element elementor-element-c22be27\" data-id=\"c22be27\" data-element_type=\"column\">\n\t\t\t<div class=\"elementor-column-wrap elementor-element-populated\">\n\t\t\t\t\t\t\t<div class=\"elementor-widget-wrap\">\n\t\t\t\t\t\t<div class=\"elementor-element elementor-element-c7aa174 elementor-widget elementor-widget-image\" data-id=\"c7aa174\" data-element_type=\"widget\" data-widget_type=\"image.default\">\n\t\t\t\t<div class=\"elementor-widget-container\">\n\t\t\t\t\t\t\t\t<div class=\"elementor-image\">\n\t\t\t\t\t\t\t\t\t\t\t\t<img src=\"http:\/\/localhost\/wordpress\/wp-content\/uploads\/2020\/12\/N_A_lepcso.jpg\" title=\"\" alt=\"\" \/>\t\t\t\t\t\t\t\t\t\t\t\t\t\t<\/div>\n\t\t\t\t\t\t<\/div>\n\t\t\t\t<\/div>\n\t\t\t\t\t\t<\/div>\n\t\t\t\t\t<\/div>\n\t\t<\/div>\n\t\t\t\t\t\t\t\t<\/div>\n\t\t\t\t\t<\/div>\n\t\t<\/section>\n\t\t\t\t<section class=\"elementor-section elementor-top-section elementor-element elementor-element-62b2e39 elementor-section-boxed elementor-section-height-default elementor-section-height-default\" data-id=\"62b2e39\" data-element_type=\"section\">\n\t\t\t\t\t\t<div class=\"elementor-container elementor-column-gap-default\">\n\t\t\t\t\t\t\t<div class=\"elementor-row\">\n\t\t\t\t\t<div class=\"elementor-column elementor-col-100 elementor-top-column elementor-element elementor-element-24e78e7\" data-id=\"24e78e7\" data-element_type=\"column\">\n\t\t\t<div class=\"elementor-column-wrap elementor-element-populated\">\n\t\t\t\t\t\t\t<div class=\"elementor-widget-wrap\">\n\t\t\t\t\t\t<div class=\"elementor-element elementor-element-77f1aa3 elementor-widget elementor-widget-text-editor\" data-id=\"77f1aa3\" data-element_type=\"widget\" data-widget_type=\"text-editor.default\">\n\t\t\t\t<div class=\"elementor-widget-container\">\n\t\t\t\t\t\t\t\t<div class=\"elementor-text-editor elementor-clearfix\">\n\t\t\t\t<p>Jobb\u00e1gyi, 2018. \u00e1prilis 27.<\/p>\t\t\t\t\t<\/div>\n\t\t\t\t\t\t<\/div>\n\t\t\t\t<\/div>\n\t\t\t\t\t\t<\/div>\n\t\t\t\t\t<\/div>\n\t\t<\/div>\n\t\t\t\t\t\t\t\t<\/div>\n\t\t\t\t\t<\/div>\n\t\t<\/section>\n\t\t\t\t<section class=\"elementor-section elementor-top-section elementor-element elementor-element-cfbf572 elementor-section-boxed elementor-section-height-default elementor-section-height-default\" data-id=\"cfbf572\" data-element_type=\"section\">\n\t\t\t\t\t\t<div class=\"elementor-container elementor-column-gap-default\">\n\t\t\t\t\t\t\t<div class=\"elementor-row\">\n\t\t\t\t\t<div class=\"elementor-column elementor-col-100 elementor-top-column elementor-element elementor-element-9fedad2\" data-id=\"9fedad2\" data-element_type=\"column\">\n\t\t\t<div class=\"elementor-column-wrap elementor-element-populated\">\n\t\t\t\t\t\t\t<div class=\"elementor-widget-wrap\">\n\t\t\t\t\t\t<div class=\"elementor-element elementor-element-f7172fb elementor-widget elementor-widget-image\" data-id=\"f7172fb\" data-element_type=\"widget\" data-widget_type=\"image.default\">\n\t\t\t\t<div class=\"elementor-widget-container\">\n\t\t\t\t\t\t\t\t<div class=\"elementor-image\">\n\t\t\t\t\t\t\t\t\t\t\t\t<img src=\"http:\/\/localhost\/wordpress\/wp-content\/uploads\/2020\/12\/Nogrady-_alkotoi-dij-2.jpg\" title=\"\" alt=\"\" \/>\t\t\t\t\t\t\t\t\t\t\t\t\t\t<\/div>\n\t\t\t\t\t\t<\/div>\n\t\t\t\t<\/div>\n\t\t\t\t\t\t<\/div>\n\t\t\t\t\t<\/div>\n\t\t<\/div>\n\t\t\t\t\t\t\t\t<\/div>\n\t\t\t\t\t<\/div>\n\t\t<\/section>\n\t\t\t\t<section class=\"elementor-section elementor-top-section elementor-element elementor-element-10e77bd elementor-section-boxed elementor-section-height-default elementor-section-height-default\" data-id=\"10e77bd\" data-element_type=\"section\">\n\t\t\t\t\t\t<div class=\"elementor-container elementor-column-gap-default\">\n\t\t\t\t\t\t\t<div class=\"elementor-row\">\n\t\t\t\t\t<div class=\"elementor-column elementor-col-100 elementor-top-column elementor-element elementor-element-96fed4a\" data-id=\"96fed4a\" data-element_type=\"column\">\n\t\t\t<div class=\"elementor-column-wrap elementor-element-populated\">\n\t\t\t\t\t\t\t<div class=\"elementor-widget-wrap\">\n\t\t\t\t\t\t<div class=\"elementor-element elementor-element-789b600 elementor-widget elementor-widget-image\" data-id=\"789b600\" data-element_type=\"widget\" data-widget_type=\"image.default\">\n\t\t\t\t<div class=\"elementor-widget-container\">\n\t\t\t\t\t\t\t\t<div class=\"elementor-image\">\n\t\t\t\t\t\t\t\t\t\t\t\t<img src=\"http:\/\/localhost\/wordpress\/wp-content\/uploads\/2020\/12\/Nogrady-_alkotoi-dij.jpg\" title=\"\" alt=\"\" \/>\t\t\t\t\t\t\t\t\t\t\t\t\t\t<\/div>\n\t\t\t\t\t\t<\/div>\n\t\t\t\t<\/div>\n\t\t\t\t\t\t<\/div>\n\t\t\t\t\t<\/div>\n\t\t<\/div>\n\t\t\t\t\t\t\t\t<\/div>\n\t\t\t\t\t<\/div>\n\t\t<\/section>\n\t\t\t\t<section class=\"elementor-section elementor-top-section elementor-element elementor-element-aaa9941 elementor-section-boxed elementor-section-height-default elementor-section-height-default\" data-id=\"aaa9941\" data-element_type=\"section\">\n\t\t\t\t\t\t<div class=\"elementor-container elementor-column-gap-default\">\n\t\t\t\t\t\t\t<div class=\"elementor-row\">\n\t\t\t\t\t<div class=\"elementor-column elementor-col-100 elementor-top-column elementor-element elementor-element-0479cdc\" data-id=\"0479cdc\" data-element_type=\"column\">\n\t\t\t<div class=\"elementor-column-wrap elementor-element-populated\">\n\t\t\t\t\t\t\t<div class=\"elementor-widget-wrap\">\n\t\t\t\t\t\t<div class=\"elementor-element elementor-element-45b52e1 elementor-widget elementor-widget-image\" data-id=\"45b52e1\" data-element_type=\"widget\" data-widget_type=\"image.default\">\n\t\t\t\t<div class=\"elementor-widget-container\">\n\t\t\t\t\t\t\t\t<div class=\"elementor-image\">\n\t\t\t\t\t\t\t\t\t\t\t\t<img src=\"http:\/\/localhost\/wordpress\/wp-content\/uploads\/2020\/12\/Nogrady_viragokkal-fedve.jpg\" title=\"\" alt=\"\" \/>\t\t\t\t\t\t\t\t\t\t\t\t\t\t<\/div>\n\t\t\t\t\t\t<\/div>\n\t\t\t\t<\/div>\n\t\t\t\t\t\t<\/div>\n\t\t\t\t\t<\/div>\n\t\t<\/div>\n\t\t\t\t\t\t\t\t<\/div>\n\t\t\t\t\t<\/div>\n\t\t<\/section>\n\t\t\t\t\t\t<\/div>\n\t\t\t\t\t\t<\/div>\n\t\t\t\t\t<\/div>\n\t\t","protected":false},"excerpt":{"rendered":"<p>Tisztelg\u00e9s N\u00f3gr\u00e1dy Andor s\u00edrj\u00e1n\u00e1l a hal\u00e1l\u00e1t k\u00f6vet\u0151 3. h\u00f3napbanNagy tisztel\u0151jek\u00e9nt, bar\u00e1tjak\u00e9nt, a Z\u00f6ld\u00e1g Hagyom\u00e1ny\u0151rz\u0151 Szakk\u00f6r vezet\u0151jek\u00e9nt valamint K\u0151halmin\u00e9 Forrai Julianna nev\u00e9ben kerestem fel N\u00f3gr\u00e1dy Andor s\u00edrhely\u00e9t Jobb\u00e1gyiban 2018. 07. 17-\u00e9n \u00f6zvegye \u2013 N\u00f3gr\u00e1dy Andorn\u00e9 Ildik\u00f3 \u2013 t\u00e1rsas\u00e1g\u00e1ban. A nagyon sz\u00e9p,&hellip; <\/p>\n","protected":false},"author":1,"featured_media":0,"parent":0,"menu_order":0,"comment_status":"closed","ping_status":"closed","template":"","meta":[],"_links":{"self":[{"href":"https:\/\/www.zoldagvendegszeretet.hu\/index.php?rest_route=\/wp\/v2\/pages\/1494"}],"collection":[{"href":"https:\/\/www.zoldagvendegszeretet.hu\/index.php?rest_route=\/wp\/v2\/pages"}],"about":[{"href":"https:\/\/www.zoldagvendegszeretet.hu\/index.php?rest_route=\/wp\/v2\/types\/page"}],"author":[{"embeddable":true,"href":"https:\/\/www.zoldagvendegszeretet.hu\/index.php?rest_route=\/wp\/v2\/users\/1"}],"replies":[{"embeddable":true,"href":"https:\/\/www.zoldagvendegszeretet.hu\/index.php?rest_route=%2Fwp%2Fv2%2Fcomments&post=1494"}],"version-history":[{"count":10,"href":"https:\/\/www.zoldagvendegszeretet.hu\/index.php?rest_route=\/wp\/v2\/pages\/1494\/revisions"}],"predecessor-version":[{"id":2102,"href":"https:\/\/www.zoldagvendegszeretet.hu\/index.php?rest_route=\/wp\/v2\/pages\/1494\/revisions\/2102"}],"wp:attachment":[{"href":"https:\/\/www.zoldagvendegszeretet.hu\/index.php?rest_route=%2Fwp%2Fv2%2Fmedia&parent=1494"}],"curies":[{"name":"wp","href":"https:\/\/api.w.org\/{rel}","templated":true}]}}