{"id":1475,"date":"2020-12-01T17:57:06","date_gmt":"2020-12-01T17:57:06","guid":{"rendered":"http:\/\/localhost\/wordpress\/?page_id=1475"},"modified":"2020-12-05T10:42:41","modified_gmt":"2020-12-05T10:42:41","slug":"orzi-a-tekeros-zene-hagyomanyat-idonkent-osszevonta-a-testneveles-es-az-enekorat-hanko-gyorgyne","status":"publish","type":"page","link":"https:\/\/www.zoldagvendegszeretet.hu\/?page_id=1475","title":{"rendered":"\u0150rzi a teker\u0151s zene hagyom\u00e1ny\u00e1t &#8211; Id\u0151nk\u00e9nt \u00f6sszevonta a testnevel\u00e9s- \u00e9s az \u00e9nek\u00f3r\u00e1t Hank\u00f3 Gy\u00f6rgyn\u00e9"},"content":{"rendered":"\t\t<div data-elementor-type=\"wp-page\" data-elementor-id=\"1475\" class=\"elementor elementor-1475\" data-elementor-settings=\"[]\">\n\t\t\t\t\t\t<div class=\"elementor-inner\">\n\t\t\t\t\t\t\t<div class=\"elementor-section-wrap\">\n\t\t\t\t\t\t\t<section class=\"elementor-section elementor-top-section elementor-element elementor-element-40ded6a elementor-section-boxed elementor-section-height-default elementor-section-height-default\" data-id=\"40ded6a\" data-element_type=\"section\">\n\t\t\t\t\t\t<div class=\"elementor-container elementor-column-gap-default\">\n\t\t\t\t\t\t\t<div class=\"elementor-row\">\n\t\t\t\t\t<div class=\"elementor-column elementor-col-100 elementor-top-column elementor-element elementor-element-8a9c01a\" data-id=\"8a9c01a\" data-element_type=\"column\">\n\t\t\t<div class=\"elementor-column-wrap elementor-element-populated\">\n\t\t\t\t\t\t\t<div class=\"elementor-widget-wrap\">\n\t\t\t\t\t\t<div class=\"elementor-element elementor-element-e28ed74 elementor-widget elementor-widget-text-editor\" data-id=\"e28ed74\" data-element_type=\"widget\" data-widget_type=\"text-editor.default\">\n\t\t\t\t<div class=\"elementor-widget-container\">\n\t\t\t\t\t\t\t\t<div class=\"elementor-text-editor elementor-clearfix\">\n\t\t\t\t<p><strong>Szentes &#8211; A helyi n\u00e9pzenei \u00e9let fellend\u00edt\u00e9se \u00e9s a teker\u0151s muzsika \u00e9letben tart\u00e1sa a c\u00e9lja Hank\u00f3 Gy\u00f6rgyn\u00e9nek. A szentesi n\u00e9pt\u00e1ncoktat\u00f3 hisz abban, hogy m\u00e9g \u00e9l az emberekben az egykori hagyom\u00e1nyos paraszti n\u00e9pzene \u00e9s a n\u00e9pt\u00e1nc szeretete.<\/strong><\/p>\t\t\t\t\t<\/div>\n\t\t\t\t\t\t<\/div>\n\t\t\t\t<\/div>\n\t\t\t\t\t\t<\/div>\n\t\t\t\t\t<\/div>\n\t\t<\/div>\n\t\t\t\t\t\t\t\t<\/div>\n\t\t\t\t\t<\/div>\n\t\t<\/section>\n\t\t\t\t<section class=\"elementor-section elementor-top-section elementor-element elementor-element-1f71020 elementor-section-boxed elementor-section-height-default elementor-section-height-default\" data-id=\"1f71020\" data-element_type=\"section\">\n\t\t\t\t\t\t<div class=\"elementor-container elementor-column-gap-default\">\n\t\t\t\t\t\t\t<div class=\"elementor-row\">\n\t\t\t\t\t<div class=\"elementor-column elementor-col-100 elementor-top-column elementor-element elementor-element-ca32f5f\" data-id=\"ca32f5f\" data-element_type=\"column\">\n\t\t\t<div class=\"elementor-column-wrap elementor-element-populated\">\n\t\t\t\t\t\t\t<div class=\"elementor-widget-wrap\">\n\t\t\t\t\t\t<div class=\"elementor-element elementor-element-aa4e452 elementor-widget elementor-widget-text-editor\" data-id=\"aa4e452\" data-element_type=\"widget\" data-widget_type=\"text-editor.default\">\n\t\t\t\t<div class=\"elementor-widget-container\">\n\t\t\t\t\t\t\t\t<div class=\"elementor-text-editor elementor-clearfix\">\n\t\t\t\t<p>Nagyapj\u00e1t\u00f3l \u00e9s \u00e9desapj\u00e1t\u00f3l \u00f6r\u00f6k\u00f6lte az \u00e9nekl\u00e9s, a n\u00e9pdalok \u00e9s a n\u00e9pi hangszeres zene szeretet\u00e9t Hank\u00f3 Gy\u00f6rgyn\u00e9 Paksi M\u00e1rta. A szentesi tan\u00edt\u00f3, n\u00e9pt\u00e1ncoktat\u00f3 a sz\u00fcl\u0151i h\u00e1zban heged\u0171-, citera-, mandolin- \u00e9s f\u00fcttysz\u00f3 mellett n\u0151tt fel. \u2013 \u00c9desap\u00e1m mindig f\u00fcty\u00fclt \u2013 mes\u00e9li mosolyogva Hank\u00f3n\u00e9 M\u00e1rta. \u2013 Nagyap\u00e1m kubikos volt, \u0151 is citer\u00e1zott, ap\u00e1m pedig a citera mellett heged\u0171n \u00e9s mandolinon is j\u00e1tszott. Tal\u00e1n nem v\u00e9letlen, hogy \u00e9nek-zene tagozatos oszt\u00e1lyba j\u00e1rtam. Azt\u00e1n a \u201eK\u00f6zg\u00e9be&#8221; ker\u00fcltem, ott, sajnos, nem volt \u00e9nek\u00f3ra \u2013 az volt a legborzaszt\u00f3bb, hogy ott nem lehetett \u00e9nekelni. Ez\u00e9rt is tan\u00e1csolt\u00e1k, hogy menjek tan\u00edt\u00f3nak, \u00e9s \u00e9nekelhetek eleget.<\/p>\t\t\t\t\t<\/div>\n\t\t\t\t\t\t<\/div>\n\t\t\t\t<\/div>\n\t\t\t\t\t\t<\/div>\n\t\t\t\t\t<\/div>\n\t\t<\/div>\n\t\t\t\t\t\t\t\t<\/div>\n\t\t\t\t\t<\/div>\n\t\t<\/section>\n\t\t\t\t<section class=\"elementor-section elementor-top-section elementor-element elementor-element-589a333 elementor-section-boxed elementor-section-height-default elementor-section-height-default\" data-id=\"589a333\" data-element_type=\"section\">\n\t\t\t\t\t\t<div class=\"elementor-container elementor-column-gap-default\">\n\t\t\t\t\t\t\t<div class=\"elementor-row\">\n\t\t\t\t\t<div class=\"elementor-column elementor-col-100 elementor-top-column elementor-element elementor-element-f985f66\" data-id=\"f985f66\" data-element_type=\"column\">\n\t\t\t<div class=\"elementor-column-wrap elementor-element-populated\">\n\t\t\t\t\t\t\t<div class=\"elementor-widget-wrap\">\n\t\t\t\t\t\t<div class=\"elementor-element elementor-element-f8f826c elementor-widget elementor-widget-image\" data-id=\"f8f826c\" data-element_type=\"widget\" data-widget_type=\"image.default\">\n\t\t\t\t<div class=\"elementor-widget-container\">\n\t\t\t\t\t\t\t\t<div class=\"elementor-image\">\n\t\t\t\t\t\t\t\t\t<figure class=\"wp-caption\">\n\t\t\t\t\t\t\t\t\t\t<img src=\"http:\/\/localhost\/wordpress\/wp-content\/uploads\/2020\/12\/2.jpg\" title=\"\" alt=\"\" \/>\t\t\t\t\t\t\t\t\t\t\t<figcaption class=\"widget-image-caption wp-caption-text\">Sz\u00e9p a n\u00e9pviselet, de sajnos kevesen \u00e9s ritk\u00e1n \u00f6ltik magukra. Azon f\u00e1radoznak a Z\u00f6ld\u00e1gban, hogy \u00fajabb tagokkal viruljon k\u00f6zt\u00fck a n\u00e9pt\u00e1ncos \u00e9let. Fot\u00f3: Majzik Attila<\/figcaption>\n\t\t\t\t\t\t\t\t\t\t<\/figure>\n\t\t\t\t\t\t\t\t<\/div>\n\t\t\t\t\t\t<\/div>\n\t\t\t\t<\/div>\n\t\t\t\t\t\t<\/div>\n\t\t\t\t\t<\/div>\n\t\t<\/div>\n\t\t\t\t\t\t\t\t<\/div>\n\t\t\t\t\t<\/div>\n\t\t<\/section>\n\t\t\t\t<section class=\"elementor-section elementor-top-section elementor-element elementor-element-ce96da0 elementor-section-boxed elementor-section-height-default elementor-section-height-default\" data-id=\"ce96da0\" data-element_type=\"section\">\n\t\t\t\t\t\t<div class=\"elementor-container elementor-column-gap-default\">\n\t\t\t\t\t\t\t<div class=\"elementor-row\">\n\t\t\t\t\t<div class=\"elementor-column elementor-col-100 elementor-top-column elementor-element elementor-element-15ea04e\" data-id=\"15ea04e\" data-element_type=\"column\">\n\t\t\t<div class=\"elementor-column-wrap elementor-element-populated\">\n\t\t\t\t\t\t\t<div class=\"elementor-widget-wrap\">\n\t\t\t\t\t\t<div class=\"elementor-element elementor-element-3d6d291 elementor-widget elementor-widget-text-editor\" data-id=\"3d6d291\" data-element_type=\"widget\" data-widget_type=\"text-editor.default\">\n\t\t\t\t<div class=\"elementor-widget-container\">\n\t\t\t\t\t\t\t\t<div class=\"elementor-text-editor elementor-clearfix\">\n\t\t\t\t<p>A szentesi De\u00e1k Ferenc utcai \u00e1ltal\u00e1nos iskol\u00e1ban kezdett el tan\u00edtani, itt alkalmank\u00e9nt a testnevel\u00e9s- \u00e9s az \u00e9nek\u00f3r\u00e1t \u00f6sszevonva \u00e9nekes n\u00e9pi j\u00e1t\u00e9kokra \u00e9s t\u00e1ncra tan\u00edtotta az als\u00f3 tagozatos gyerekeket. Ez azt\u00e1n szakk\u00f6rr\u00e9 n\u0151tte ki mag\u00e1t, amely a Klauz\u00e1l utcai iskol\u00e1ba ker\u00fcl\u00e9se ut\u00e1n is folytat\u00f3dott. A B\u00fajj, b\u00fajj, z\u00f6ld \u00e1g kezdet\u0171 dal ut\u00e1n a Z\u00f6ld\u00e1g nevet vette fel a kicsinyekb\u0151l \u00e1ll\u00f3 csoport. A szakk\u00f6r a szakmai munk\u00e1juk folyamatos fejl\u0151d\u00e9s\u00e9vel 1996 \u00e9s 2013 k\u00f6z\u00f6tt egyes\u00fcletk\u00e9nt m\u0171k\u00f6d\u00f6tt. Rendszeres fell\u00e9p\u00e9seik mellett gyermek-n\u00e9pt\u00e1ncfesztiv\u00e1lokat is rendeztek. Nyugd\u00edjba vonul\u00e1sa \u00f3ta azonban fogynak a gyerekek, egyre kevesebb cip\u0151 sarka koppan az ifj\u00fas\u00e1gi h\u00e1zi pr\u00f3baterm\u00fckben. \u2013 Az el\u0151z\u0151 sz\u00e1zadokban a Szentes k\u00f6rny\u00e9ki tanyavil\u00e1gban sokat t\u00e1ncoltak, danoltak, zen\u00e9ltek az emberek, valaki citer\u00e1zott, teker\u0151z\u00f6tt, esetleg egy klarin\u00e9tos is volt vel\u00fck. Az\u00f3ta sokat v\u00e1ltozott a vil\u00e1g, az emberekben m\u00e9gis ott van az \u00e9nekl\u00e9s, a muzsik\u00e1l\u00e1s szeretete. Az \u00faj \u00e9letm\u00f3d r\u00e9v\u00e9n azonban leszoktak err\u0151l. Sajnos az iskol\u00e1kban az \u00e9nekoktat\u00e1s sem olyan volt, mint amilyennek lennie kellett volna \u2013 v\u00e9li Hank\u00f3n\u00e9, aki h\u00edv mindenkit, pr\u00f3b\u00e1lj\u00e1k ki a n\u00e9pt\u00e1ncot, h\u00e9tf\u0151nk\u00e9nt \u00e9s cs\u00fct\u00f6rt\u00f6k\u00f6nk\u00e9nt f\u00e9l \u00f6t \u00e9s f\u00e9l h\u00e9t k\u00f6z\u00f6tt Szentesen, az ifj\u00fas\u00e1gi h\u00e1z m\u00e1sodik emelet\u00e9n.<\/p>\t\t\t\t\t<\/div>\n\t\t\t\t\t\t<\/div>\n\t\t\t\t<\/div>\n\t\t\t\t\t\t<\/div>\n\t\t\t\t\t<\/div>\n\t\t<\/div>\n\t\t\t\t\t\t\t\t<\/div>\n\t\t\t\t\t<\/div>\n\t\t<\/section>\n\t\t\t\t<section class=\"elementor-section elementor-top-section elementor-element elementor-element-ef9683b elementor-section-boxed elementor-section-height-default elementor-section-height-default\" data-id=\"ef9683b\" data-element_type=\"section\">\n\t\t\t\t\t\t<div class=\"elementor-container elementor-column-gap-default\">\n\t\t\t\t\t\t\t<div class=\"elementor-row\">\n\t\t\t\t\t<div class=\"elementor-column elementor-col-100 elementor-top-column elementor-element elementor-element-487b4ce\" data-id=\"487b4ce\" data-element_type=\"column\">\n\t\t\t<div class=\"elementor-column-wrap elementor-element-populated\">\n\t\t\t\t\t\t\t<div class=\"elementor-widget-wrap\">\n\t\t\t\t\t\t<div class=\"elementor-element elementor-element-758aea0 elementor-widget elementor-widget-image\" data-id=\"758aea0\" data-element_type=\"widget\" data-widget_type=\"image.default\">\n\t\t\t\t<div class=\"elementor-widget-container\">\n\t\t\t\t\t\t\t\t<div class=\"elementor-image\">\n\t\t\t\t\t\t\t\t\t<figure class=\"wp-caption\">\n\t\t\t\t\t\t\t\t\t\t<img src=\"http:\/\/localhost\/wordpress\/wp-content\/uploads\/2020\/12\/4.jpg\" title=\"\" alt=\"\" \/>\t\t\t\t\t\t\t\t\t\t\t<figcaption class=\"widget-image-caption wp-caption-text\">Tov\u00e1bb \u00e9lhet a teker\u0151s hagyom\u00e1ny. A gyerekek \u00e9rdekl\u0151dnek a hangszer ir\u00e1nt. Fot\u00f3: Z\u00f6ld\u00e1g Hagyom\u00e1ny\u0151rz\u0151 Szakk\u00f6r<\/figcaption>\n\t\t\t\t\t\t\t\t\t\t<\/figure>\n\t\t\t\t\t\t\t\t<\/div>\n\t\t\t\t\t\t<\/div>\n\t\t\t\t<\/div>\n\t\t\t\t\t\t<\/div>\n\t\t\t\t\t<\/div>\n\t\t<\/div>\n\t\t\t\t\t\t\t\t<\/div>\n\t\t\t\t\t<\/div>\n\t\t<\/section>\n\t\t\t\t<section class=\"elementor-section elementor-top-section elementor-element elementor-element-b8a724a elementor-section-boxed elementor-section-height-default elementor-section-height-default\" data-id=\"b8a724a\" data-element_type=\"section\">\n\t\t\t\t\t\t<div class=\"elementor-container elementor-column-gap-default\">\n\t\t\t\t\t\t\t<div class=\"elementor-row\">\n\t\t\t\t\t<div class=\"elementor-column elementor-col-100 elementor-top-column elementor-element elementor-element-eb8d21f\" data-id=\"eb8d21f\" data-element_type=\"column\">\n\t\t\t<div class=\"elementor-column-wrap elementor-element-populated\">\n\t\t\t\t\t\t\t<div class=\"elementor-widget-wrap\">\n\t\t\t\t\t\t<div class=\"elementor-element elementor-element-073a544 elementor-widget elementor-widget-text-editor\" data-id=\"073a544\" data-element_type=\"widget\" data-widget_type=\"text-editor.default\">\n\t\t\t\t<div class=\"elementor-widget-container\">\n\t\t\t\t\t\t\t\t<div class=\"elementor-text-editor elementor-clearfix\">\n\t\t\t\t<p>\u00a0A n\u00e9pt\u00e1ncoktat\u00f3 azon dolgozik, hogy ne vesszen ki a folkl\u00f3r az emberek \u00e9let\u00e9b\u0151l, amelynek a teker\u0151z\u00e9s is szerves r\u00e9sze Szentesen. A hangszert orsz\u00e1gszerte Szenteshez k\u00f6tik, m\u00e9gis sokan alig ismerik a v\u00e1rosban. \u2013 Sz\u00e9gyellem, hogy teljesen elveszett hangszer lett itt a teker\u0151, pedig ebb\u0151l a v\u00e1rosb\u00f3l indult ki p\u00e9ld\u00e1ul Szeny\u00e9ri J\u00e1nos teker\u0151k\u00e9sz\u00edt\u0151 munk\u00e1ss\u00e1ga nyom\u00e1n, k\u00f6r\u00fclbel\u00fcl az 1880-as \u00e9vekt\u0151l. Azon dolgozom, hogy hozzuk helyre ezt a mulaszt\u00e1st. Azt szeretn\u00e9m, ha lenne teker\u0151s oktat\u00e1s Szentesen, ehhez tal\u00e1n a Zeneakad\u00e9mi\u00e1n frissen v\u00e9gzett n\u00e9pzen\u00e9sz fiatalokat kellene idek\u00f6lt\u00f6ztetni. \u00cdgy lehetne \u00fajra \u00e9l\u0151v\u00e9 tenni a teker\u0151s hagyom\u00e1nyt \u2013 mondta el Hank\u00f3n\u00e9 M\u00e1rta.<br \/><br \/>Az \u00e1ltala vezetett Z\u00f6ld\u00e1g Hagyom\u00e1ny\u0151rz\u0151 Szakk\u00f6r vezet\u00e9s\u00e9vel is ezen munk\u00e1lkodik, a jelenleg is tart\u00f3 II. Szeny\u00e9ri D\u00e1niel Eml\u00e9knapok programjai is ezt a c\u00e9l szolg\u00e1lj\u00e1k nagy sikerrel. A megeml\u00e9kez\u00e9sek mellett a gyerekek is megismerhett\u00e9k a teker\u0151s muzsik\u00e1t a nekik szervezett (kis) mesterkurzuson, a hangszer t\u00f6rt\u00e9net\u00e9r\u0151l, szentesi gy\u00f6kereir\u0151l sz\u00f3l\u00f3 Szentes teker\u0151s m\u00faltja \u00e9s jelene c\u00edm\u0171 ki\u00e1ll\u00edt\u00e1s pedig m\u00e9g j\u00falius 1-ig l\u00e1togathat\u00f3 a lev\u00e9lt\u00e1rban. <\/p>\t\t\t\t\t<\/div>\n\t\t\t\t\t\t<\/div>\n\t\t\t\t<\/div>\n\t\t\t\t\t\t<\/div>\n\t\t\t\t\t<\/div>\n\t\t<\/div>\n\t\t\t\t\t\t\t\t<\/div>\n\t\t\t\t\t<\/div>\n\t\t<\/section>\n\t\t\t\t<section class=\"elementor-section elementor-top-section elementor-element elementor-element-a8e6041 elementor-section-boxed elementor-section-height-default elementor-section-height-default\" data-id=\"a8e6041\" data-element_type=\"section\">\n\t\t\t\t\t\t<div class=\"elementor-container elementor-column-gap-default\">\n\t\t\t\t\t\t\t<div class=\"elementor-row\">\n\t\t\t\t\t<div class=\"elementor-column elementor-col-100 elementor-top-column elementor-element elementor-element-682f446\" data-id=\"682f446\" data-element_type=\"column\">\n\t\t\t<div class=\"elementor-column-wrap elementor-element-populated\">\n\t\t\t\t\t\t\t<div class=\"elementor-widget-wrap\">\n\t\t\t\t\t\t<div class=\"elementor-element elementor-element-c4bf29e elementor-widget elementor-widget-image\" data-id=\"c4bf29e\" data-element_type=\"widget\" data-widget_type=\"image.default\">\n\t\t\t\t<div class=\"elementor-widget-container\">\n\t\t\t\t\t\t\t\t<div class=\"elementor-image\">\n\t\t\t\t\t\t\t\t\t\t\t\t<img src=\"http:\/\/localhost\/wordpress\/wp-content\/uploads\/2020\/12\/DELMAGYARORSZAG_190525_1A.jpg\" title=\"\" alt=\"\" \/>\t\t\t\t\t\t\t\t\t\t\t\t\t\t<\/div>\n\t\t\t\t\t\t<\/div>\n\t\t\t\t<\/div>\n\t\t\t\t\t\t<\/div>\n\t\t\t\t\t<\/div>\n\t\t<\/div>\n\t\t\t\t\t\t\t\t<\/div>\n\t\t\t\t\t<\/div>\n\t\t<\/section>\n\t\t\t\t<section class=\"elementor-section elementor-top-section elementor-element elementor-element-12ce599 elementor-section-boxed elementor-section-height-default elementor-section-height-default\" data-id=\"12ce599\" data-element_type=\"section\">\n\t\t\t\t\t\t<div class=\"elementor-container elementor-column-gap-default\">\n\t\t\t\t\t\t\t<div class=\"elementor-row\">\n\t\t\t\t\t<div class=\"elementor-column elementor-col-100 elementor-top-column elementor-element elementor-element-f8b0064\" data-id=\"f8b0064\" data-element_type=\"column\">\n\t\t\t<div class=\"elementor-column-wrap elementor-element-populated\">\n\t\t\t\t\t\t\t<div class=\"elementor-widget-wrap\">\n\t\t\t\t\t\t<div class=\"elementor-element elementor-element-b6e5cd2 elementor-widget elementor-widget-image\" data-id=\"b6e5cd2\" data-element_type=\"widget\" data-widget_type=\"image.default\">\n\t\t\t\t<div class=\"elementor-widget-container\">\n\t\t\t\t\t\t\t\t<div class=\"elementor-image\">\n\t\t\t\t\t\t\t\t\t\t\t\t<img src=\"http:\/\/localhost\/wordpress\/wp-content\/uploads\/2020\/12\/DELMAGYARORSZAG_190525_1-B.jpg\" title=\"\" alt=\"\" \/>\t\t\t\t\t\t\t\t\t\t\t\t\t\t<\/div>\n\t\t\t\t\t\t<\/div>\n\t\t\t\t<\/div>\n\t\t\t\t\t\t<\/div>\n\t\t\t\t\t<\/div>\n\t\t<\/div>\n\t\t\t\t\t\t\t\t<\/div>\n\t\t\t\t\t<\/div>\n\t\t<\/section>\n\t\t\t\t<section class=\"elementor-section elementor-top-section elementor-element elementor-element-94b4703 elementor-section-boxed elementor-section-height-default elementor-section-height-default\" data-id=\"94b4703\" data-element_type=\"section\">\n\t\t\t\t\t\t<div class=\"elementor-container elementor-column-gap-default\">\n\t\t\t\t\t\t\t<div class=\"elementor-row\">\n\t\t\t\t\t<div class=\"elementor-column elementor-col-100 elementor-top-column elementor-element elementor-element-ed6a91f\" data-id=\"ed6a91f\" data-element_type=\"column\">\n\t\t\t<div class=\"elementor-column-wrap elementor-element-populated\">\n\t\t\t\t\t\t\t<div class=\"elementor-widget-wrap\">\n\t\t\t\t\t\t<div class=\"elementor-element elementor-element-7a6f711 elementor-widget elementor-widget-image\" data-id=\"7a6f711\" data-element_type=\"widget\" data-widget_type=\"image.default\">\n\t\t\t\t<div class=\"elementor-widget-container\">\n\t\t\t\t\t\t\t\t<div class=\"elementor-image\">\n\t\t\t\t\t\t\t\t\t\t\t\t<img src=\"http:\/\/localhost\/wordpress\/wp-content\/uploads\/2020\/12\/DELMAGYARORSZAG_190525_2_KULTURA.jpg\" title=\"\" alt=\"\" \/>\t\t\t\t\t\t\t\t\t\t\t\t\t\t<\/div>\n\t\t\t\t\t\t<\/div>\n\t\t\t\t<\/div>\n\t\t\t\t\t\t<\/div>\n\t\t\t\t\t<\/div>\n\t\t<\/div>\n\t\t\t\t\t\t\t\t<\/div>\n\t\t\t\t\t<\/div>\n\t\t<\/section>\n\t\t\t\t\t\t<\/div>\n\t\t\t\t\t\t<\/div>\n\t\t\t\t\t<\/div>\n\t\t","protected":false},"excerpt":{"rendered":"<p>Szentes &#8211; A helyi n\u00e9pzenei \u00e9let fellend\u00edt\u00e9se \u00e9s a teker\u0151s muzsika \u00e9letben tart\u00e1sa a c\u00e9lja Hank\u00f3 Gy\u00f6rgyn\u00e9nek. A szentesi n\u00e9pt\u00e1ncoktat\u00f3 hisz abban, hogy m\u00e9g \u00e9l az emberekben az egykori hagyom\u00e1nyos paraszti n\u00e9pzene \u00e9s a n\u00e9pt\u00e1nc szeretete. Nagyapj\u00e1t\u00f3l \u00e9s \u00e9desapj\u00e1t\u00f3l \u00f6r\u00f6k\u00f6lte&hellip; <\/p>\n","protected":false},"author":1,"featured_media":0,"parent":0,"menu_order":0,"comment_status":"closed","ping_status":"closed","template":"","meta":[],"_links":{"self":[{"href":"https:\/\/www.zoldagvendegszeretet.hu\/index.php?rest_route=\/wp\/v2\/pages\/1475"}],"collection":[{"href":"https:\/\/www.zoldagvendegszeretet.hu\/index.php?rest_route=\/wp\/v2\/pages"}],"about":[{"href":"https:\/\/www.zoldagvendegszeretet.hu\/index.php?rest_route=\/wp\/v2\/types\/page"}],"author":[{"embeddable":true,"href":"https:\/\/www.zoldagvendegszeretet.hu\/index.php?rest_route=\/wp\/v2\/users\/1"}],"replies":[{"embeddable":true,"href":"https:\/\/www.zoldagvendegszeretet.hu\/index.php?rest_route=%2Fwp%2Fv2%2Fcomments&post=1475"}],"version-history":[{"count":11,"href":"https:\/\/www.zoldagvendegszeretet.hu\/index.php?rest_route=\/wp\/v2\/pages\/1475\/revisions"}],"predecessor-version":[{"id":2109,"href":"https:\/\/www.zoldagvendegszeretet.hu\/index.php?rest_route=\/wp\/v2\/pages\/1475\/revisions\/2109"}],"wp:attachment":[{"href":"https:\/\/www.zoldagvendegszeretet.hu\/index.php?rest_route=%2Fwp%2Fv2%2Fmedia&parent=1475"}],"curies":[{"name":"wp","href":"https:\/\/api.w.org\/{rel}","templated":true}]}}