{"id":1463,"date":"2020-12-01T17:49:52","date_gmt":"2020-12-01T17:49:52","guid":{"rendered":"http:\/\/localhost\/wordpress\/?page_id=1463"},"modified":"2020-12-05T10:49:23","modified_gmt":"2020-12-05T10:49:23","slug":"varosunk-buszkesegere-szentesikent-az-elozo-felnottek-reszere-hirdetett-folszallott-a-pava-versenyben-debreczeni-kis-helga-citeras-ert-el-kimagaslo-eredmenyt","status":"publish","type":"page","link":"https:\/\/www.zoldagvendegszeretet.hu\/?page_id=1463","title":{"rendered":"V\u00e1rosunk b\u00fcszkes\u00e9g\u00e9re szentesik\u00e9nt az el\u0151z\u0151 feln\u0151ttek r\u00e9sz\u00e9re hirdetett &#8211; F\u00f6lsz\u00e1llott a p\u00e1va versenyben Debreczeni &#8211; Kis Helga citer\u00e1s \u00e9rt el kimagasl\u00f3 eredm\u00e9nyt."},"content":{"rendered":"\t\t<div data-elementor-type=\"wp-page\" data-elementor-id=\"1463\" class=\"elementor elementor-1463\" data-elementor-settings=\"[]\">\n\t\t\t\t\t\t<div class=\"elementor-inner\">\n\t\t\t\t\t\t\t<div class=\"elementor-section-wrap\">\n\t\t\t\t\t\t\t<section class=\"elementor-section elementor-top-section elementor-element elementor-element-457748d elementor-section-boxed elementor-section-height-default elementor-section-height-default\" data-id=\"457748d\" data-element_type=\"section\">\n\t\t\t\t\t\t<div class=\"elementor-container elementor-column-gap-default\">\n\t\t\t\t\t\t\t<div class=\"elementor-row\">\n\t\t\t\t\t<div class=\"elementor-column elementor-col-100 elementor-top-column elementor-element elementor-element-6cbd454\" data-id=\"6cbd454\" data-element_type=\"column\">\n\t\t\t<div class=\"elementor-column-wrap elementor-element-populated\">\n\t\t\t\t\t\t\t<div class=\"elementor-widget-wrap\">\n\t\t\t\t\t\t<div class=\"elementor-element elementor-element-9564cf4 elementor-widget elementor-widget-text-editor\" data-id=\"9564cf4\" data-element_type=\"widget\" data-widget_type=\"text-editor.default\">\n\t\t\t\t<div class=\"elementor-widget-container\">\n\t\t\t\t\t\t\t\t<div class=\"elementor-text-editor elementor-clearfix\">\n\t\t\t\t<p>&#8222;Helyet, helyet nek\u00fcnk is, ha kicsik\u00e9k vagyunk is!\u201d \u00a0<br \/>A Duna Telev\u00edzi\u00f3 2019. 11. 08-\u00e1n 19.30-t\u00f3l\u00a0 sug\u00e1rozta\u00a0 a F\u00f6lsz\u00e1llott a p\u00e1va c\u00edm\u0171 gyermekek r\u00e9sz\u00e9re sz\u00f3l\u00f3 n\u00e9pm\u0171v\u00e9szeti vet\u00e9lked\u0151 \u00fajabb el\u0151d\u00f6nt\u0151j\u00e9t,\u00a0 melyben\u00a0 Nagy Benedek teker\u0151s is bemutatkozott.\u00a0 \u00c1ltala &#8222;ker\u00fclt&#8221; \u00e9l\u0151 tv ad\u00e1sba ism\u00e9t\u00a0 Szentes, hiszen Benedek\u00a0 \u00e9vek \u00f3ta szorgalmas tan\u00edtv\u00e1nyk\u00e9nt vesz r\u00e9szt a Havasr\u00e9ti P\u00e1l n\u00e9pzen\u00e9sz t\u00e1borvezet\u0151 \u00e1ltal szervezett szentesi teker\u0151s t\u00e1borok\u00a0 munk\u00e1j\u00e1ban.\u00a0 Ott tal\u00e1lkozott \u00e9s k\u00f6t\u00f6tt muzsikus bar\u00e1ts\u00e1got\u00a0 a helyb\u00e9li Z\u00f6ldi L\u00e1szl\u00f3n\u00e9 Katika\u00a0 n\u00e9nivel. Gratul\u00e1lunk \u00e9s tov\u00e1bbi sok sikert k\u00edv\u00e1nunk Nagy Benedeknek, aki bemutatkoz\u00f3 filmj\u00e9ben Z\u00f6ldi L\u00e1szl\u00f3n\u00e9 teker\u0151st v\u00e1lasztotta t\u00e1rs\u00e1ul.<br \/>K\u00edv\u00e1njuk,\u00a0 hogy\u00a0 a F\u00f6lsz\u00e1llott a p\u00e1va k\u00f6z\u00e9pd\u00f6nt\u0151j\u00e9ben \u00e9s\u00a0 d\u00f6nt\u0151j\u00e9ben is sikerrel szerepeljen.<br \/>Tartson sok\u00e1ig kettej\u00fck (teker\u0151s) bar\u00e1ts\u00e1ga Szentesen (is).<\/p>\t\t\t\t\t<\/div>\n\t\t\t\t\t\t<\/div>\n\t\t\t\t<\/div>\n\t\t\t\t\t\t<\/div>\n\t\t\t\t\t<\/div>\n\t\t<\/div>\n\t\t\t\t\t\t\t\t<\/div>\n\t\t\t\t\t<\/div>\n\t\t<\/section>\n\t\t\t\t<section class=\"elementor-section elementor-top-section elementor-element elementor-element-7f1035a elementor-section-boxed elementor-section-height-default elementor-section-height-default\" data-id=\"7f1035a\" data-element_type=\"section\">\n\t\t\t\t\t\t<div class=\"elementor-container elementor-column-gap-default\">\n\t\t\t\t\t\t\t<div class=\"elementor-row\">\n\t\t\t\t\t<div class=\"elementor-column elementor-col-100 elementor-top-column elementor-element elementor-element-0fddc70\" data-id=\"0fddc70\" data-element_type=\"column\">\n\t\t\t<div class=\"elementor-column-wrap elementor-element-populated\">\n\t\t\t\t\t\t\t<div class=\"elementor-widget-wrap\">\n\t\t\t\t\t\t<div class=\"elementor-element elementor-element-9ba3d74 elementor-aspect-ratio-169 elementor-widget elementor-widget-video\" data-id=\"9ba3d74\" data-element_type=\"widget\" data-settings=\"{&quot;youtube_url&quot;:&quot;https:\\\/\\\/youtu.be\\\/5bMHUc_PIAQ&quot;,&quot;video_type&quot;:&quot;youtube&quot;,&quot;controls&quot;:&quot;yes&quot;,&quot;aspect_ratio&quot;:&quot;169&quot;}\" data-widget_type=\"video.default\">\n\t\t\t\t<div class=\"elementor-widget-container\">\n\t\t\t\t\t<div class=\"elementor-wrapper elementor-fit-aspect-ratio elementor-open-inline\">\n\t\t\t<div class=\"elementor-video\"><\/div>\t\t<\/div>\n\t\t\t\t<\/div>\n\t\t\t\t<\/div>\n\t\t\t\t\t\t<\/div>\n\t\t\t\t\t<\/div>\n\t\t<\/div>\n\t\t\t\t\t\t\t\t<\/div>\n\t\t\t\t\t<\/div>\n\t\t<\/section>\n\t\t\t\t\t\t<\/div>\n\t\t\t\t\t\t<\/div>\n\t\t\t\t\t<\/div>\n\t\t","protected":false},"excerpt":{"rendered":"<p>&#8222;Helyet, helyet nek\u00fcnk is, ha kicsik\u00e9k vagyunk is!\u201d &nbsp; A Duna Telev\u00edzi\u00f3 2019. 11. 08-\u00e1n 19.30-t\u00f3l&nbsp; sug\u00e1rozta&nbsp; a F\u00f6lsz\u00e1llott a p\u00e1va c\u00edm\u0171 gyermekek r\u00e9sz\u00e9re sz\u00f3l\u00f3 n\u00e9pm\u0171v\u00e9szeti vet\u00e9lked\u0151 \u00fajabb el\u0151d\u00f6nt\u0151j\u00e9t,&nbsp; melyben&nbsp; Nagy Benedek teker\u0151s is bemutatkozott.&nbsp; \u00c1ltala &#8222;ker\u00fclt&#8221; \u00e9l\u0151 tv ad\u00e1sba&hellip; <\/p>\n","protected":false},"author":1,"featured_media":0,"parent":0,"menu_order":0,"comment_status":"closed","ping_status":"closed","template":"","meta":[],"_links":{"self":[{"href":"https:\/\/www.zoldagvendegszeretet.hu\/index.php?rest_route=\/wp\/v2\/pages\/1463"}],"collection":[{"href":"https:\/\/www.zoldagvendegszeretet.hu\/index.php?rest_route=\/wp\/v2\/pages"}],"about":[{"href":"https:\/\/www.zoldagvendegszeretet.hu\/index.php?rest_route=\/wp\/v2\/types\/page"}],"author":[{"embeddable":true,"href":"https:\/\/www.zoldagvendegszeretet.hu\/index.php?rest_route=\/wp\/v2\/users\/1"}],"replies":[{"embeddable":true,"href":"https:\/\/www.zoldagvendegszeretet.hu\/index.php?rest_route=%2Fwp%2Fv2%2Fcomments&post=1463"}],"version-history":[{"count":3,"href":"https:\/\/www.zoldagvendegszeretet.hu\/index.php?rest_route=\/wp\/v2\/pages\/1463\/revisions"}],"predecessor-version":[{"id":2126,"href":"https:\/\/www.zoldagvendegszeretet.hu\/index.php?rest_route=\/wp\/v2\/pages\/1463\/revisions\/2126"}],"wp:attachment":[{"href":"https:\/\/www.zoldagvendegszeretet.hu\/index.php?rest_route=%2Fwp%2Fv2%2Fmedia&parent=1463"}],"curies":[{"name":"wp","href":"https:\/\/api.w.org\/{rel}","templated":true}]}}