{"id":1458,"date":"2020-12-01T17:44:25","date_gmt":"2020-12-01T17:44:25","guid":{"rendered":"http:\/\/localhost\/wordpress\/?page_id=1458"},"modified":"2020-12-05T10:43:55","modified_gmt":"2020-12-05T10:43:55","slug":"reszlet-katai-piroska-levelebol-engem-ez-a-hir-ert-ma-mikulas-napjan","status":"publish","type":"page","link":"https:\/\/www.zoldagvendegszeretet.hu\/?page_id=1458","title":{"rendered":"R\u00e9szlet K\u00e1tai Piroska level\u00e9b\u0151l: &#8222;Engem ez a h\u00edr \u00e9rt ma, Mikul\u00e1s napj\u00e1n"},"content":{"rendered":"\t\t<div data-elementor-type=\"wp-page\" data-elementor-id=\"1458\" class=\"elementor elementor-1458\" data-elementor-settings=\"[]\">\n\t\t\t\t\t\t<div class=\"elementor-inner\">\n\t\t\t\t\t\t\t<div class=\"elementor-section-wrap\">\n\t\t\t\t\t\t\t<section class=\"elementor-section elementor-top-section elementor-element elementor-element-37aa9a6 elementor-section-boxed elementor-section-height-default elementor-section-height-default\" data-id=\"37aa9a6\" data-element_type=\"section\">\n\t\t\t\t\t\t<div class=\"elementor-container elementor-column-gap-default\">\n\t\t\t\t\t\t\t<div class=\"elementor-row\">\n\t\t\t\t\t<div class=\"elementor-column elementor-col-100 elementor-top-column elementor-element elementor-element-71afd84\" data-id=\"71afd84\" data-element_type=\"column\">\n\t\t\t<div class=\"elementor-column-wrap elementor-element-populated\">\n\t\t\t\t\t\t\t<div class=\"elementor-widget-wrap\">\n\t\t\t\t\t\t<div class=\"elementor-element elementor-element-862449d elementor-widget elementor-widget-text-editor\" data-id=\"862449d\" data-element_type=\"widget\" data-widget_type=\"text-editor.default\">\n\t\t\t\t<div class=\"elementor-widget-container\">\n\t\t\t\t\t\t\t\t<div class=\"elementor-text-editor elementor-clearfix\">\n\t\t\t\t<p><strong>R\u00e9szlet K\u00e1tai Piroska level\u00e9b\u0151l: &#8222;Engem ez a h\u00edr \u00e9rt ma, Mikul\u00e1s napj\u00e1n, ezt posztoltam ma a Facebook-on:<\/strong><\/p>\n<p>Meghalt egy szem\u00e9ly, akinek a munk\u00e1ss\u00e1ga nagyban befoly\u00e1solta a tan\u00e1ri p\u00e1lyafut\u00e1som. R\u00e9szben miatta is d\u00f6nt\u00f6ttem \u00fagy kb. 12 \u00e9vvel ezel\u0151tt, hogy v\u00e1ltoztatok a tan\u00edt\u00e1si st\u00edlusomon, \u00e9s \u00fagy \u00e1ltal\u00e1ban az emberekhez val\u00f3 hozz\u00e1\u00e1ll\u00e1somon. B\u00e1r a viselked\u00e9sem k\u00f6nnyedebb, laz\u00e1bb, megenged\u0151bb, meg\u00e9rt\u0151bb, elfogad\u00f3bb lett az emberekkel kapcsolatban \u00e9s a tan\u00edt\u00e1sban is, em\u00f6g\u00f6tt nem meggyeng\u00fcl\u00e9s vagy szem\u00e9lyis\u00e9gbeli gyenges\u00e9g van, ahogy ezt bizonyos uralkod\u00e1sra v\u00e1gy\u00f3, tekint\u00e9lyelvet vall\u00f3 emberek \u00e9rtelmezik. Em\u00f6g\u00f6tt az a tud\u00e1s van, amelyet hossz\u00fa \u00e9vek alatt gy\u0171jt\u00f6gettem magamban m\u00e1s orsz\u00e1gokban \u00e9s r\u00e9gi\u00f3kban j\u00e1rva-kelve a t\u00f6bb ezer emberrel t\u00f6rt\u00e9nt tal\u00e1lkoz\u00e1saim sor\u00e1n&#8230;<br>2019. november 10-\u00e9n \u00e1llt meg a sz\u00edve Mihail Petrovics Scsetyinyin akad\u00e9mikusnak, akinek tan\u00edt\u00e1si m\u00f3dszerei a vil\u00e1gon egyed\u00fcl\u00e1ll\u00f3 iskola l\u00e9trehoz\u00e1s\u00e1t eredm\u00e9nyezt\u00e9k, \u00e9s t\u00falz\u00e1s n\u00e9lk\u00fcl \u00e1ll\u00edthatom, nincs olyan tan\u00edtv\u00e1nya, aki r\u00e1 rosszat tudna mondani. \u0150 is k\u00f6vetett el hib\u00e1kat, mint mindenki, melyekr\u0151l nagyon \u0151szint\u00e9n besz\u00e9l Magyarorsz\u00e1gon is kiadott besz\u00e1mol\u00f3 k\u00f6nyv\u00e9ben: \u00c1T\u00d6LELNI AZ \u00c1T\u00d6LELHETETLENT, <a href=\"http:\/\/www.szeretetteremuhely.hu\/?page_id=1803\" target=\"_blank\" rel=\"noopener\">http:\/\/www.szeretetteremuhely.hu\/?page_id=1803<\/a>.<br>Ennek a k\u00f6nyvnek az itthoni kiad\u00e1s\u00e1t \u00e9n ind\u00edtottam el, ahogy sok m\u00e1s hozz\u00e1 k\u00f6t\u0151d\u0151 program szervez\u00e9s\u00e9t is.<br>Az oroszorsz\u00e1gi \u00c9letiskola, amelyet alap\u00edtott, m\u00e9g ma is m\u0171k\u00f6dik, err\u0151l itt lehet olvasni, \u00e9s megn\u00e9zni azt a magyar feliratos vide\u00f3t, melyet k\u00e9t egy\u00fcttm\u0171k\u00f6d\u0151 t\u00e1rsammal k\u00f6z\u00f6sen k\u00e9sz\u00edtett\u00fcnk: <a href=\"http:\/\/www.anasztazia.hu\/egy-orosz-megvalositas-a-scsetyin\u2026\/\" target=\"_blank\" rel=\"noopener\">http:\/\/www.anasztazia.hu\/egy-orosz-megvalositas-a-scsetyin\u2026\/<\/a><\/p>\n<p>M.P. Scsetyinyin munk\u00e1ss\u00e1ga fontos l\u00e9p\u00e9s az oktat\u00e1s\u00fcgy megv\u00e1ltoztat\u00e1s\u00e1ban, ez\u00e9rt a j\u00f6v\u0151 \u00e9v elej\u00e9n, janu\u00e1r-febru\u00e1r k\u00f6rny\u00e9k\u00e9n \u00fajb\u00f3l szervezek Budapesten egy tal\u00e1lkoz\u00f3t, ahol r\u00e1 eml\u00e9kez\u00fcnk, \u00e9s kit\u0171zz\u00fck azokat a hazai oktat\u00e1si c\u00e9lokat, melyek ment\u00e9n a j\u00f6v\u0151 m\u0171k\u00f6d\u0151k\u00e9pes iskol\u00e1j\u00e1t szervezz\u00fck. Aki ebben r\u00e9szt szeretne venni, az ne fogja vissza mag\u00e1t \u00e9s jelentkezzen n\u00e1lam.<br>M\u00e9g egy apr\u00f3 inform\u00e1ci\u00f3. Mikor Bencsik Krisztina, a magyarorsz\u00e1gi \u00f6sszek\u00f6t\u0151nk kint j\u00e1rt ebben az iskol\u00e1ban a Fekete-tenger vid\u00e9k\u00e9n, akkor Scsetyinyin megk\u00e9rte, hogy tan\u00edtsa meg a gyerekeknek a magyar rov\u00e1s\u00edr\u00e1s jeleit, ugyanis ezt olyan k\u00fcl\u00f6nlegess\u00e9gnek \u00e9rezte, mely nem veszhet el, mely a magyars\u00e1g szem\u00e9lyes &#8222;hangja&#8221;, a magyars\u00e1g egyik leger\u0151sebb kifejez\u0151je, \u00e9s elb\u0171v\u00f6lte \u0151ket a jelek egyszer\u0171s\u00e9ge, de m\u00e9gis mindent kifejezni tud\u00e1s\u00e1nak k\u00e9pess\u00e9ge. Megint bebizonyosodott, hogy a magyaroknak olyan k\u00fclf\u00f6ld\u00f6n megbecs\u00fclt, de itthon elhanyagolt kincsei vannak, melyekre oda kell figyelni a saj\u00e1t \u00f6nbecs\u00fcl\u00e9s\u00fcnk \u00e9rdek\u00e9ben. Mert az \u00f6nbecs\u00fcl\u00e9st nem csak az \u00e9p\u00edti, hogy mekkora h\u00e1zunk van, milyen aut\u00f3nk, vagy mennyi gy\u0171r\u0171 van az ujjunkon, hanem az is, hogy tudjuk-e, ismerj\u00fck-e azt, hogy kik vagyunk&#8230; Mi magyarok&#8230;&#8221;<\/p><p>A t\u00e9m\u00e1val kapcsolatos kor\u00e1bbi anyagok a Z\u00f6ld\u00e1g Hagyom\u00e1ny\u0151rz\u0151 Szakk\u00f6r honlapj\u00e1n a Hangos film (amat\u0151r felv\u00e9telek) c\u00edm\u0171 men\u00fcben: &#8211; Tan\u00edt\u00e1s \u00e9s megval\u00f3sul\u00e1sa, &#8211; Szeretet Tere M\u0171hely<\/p>\t\t\t\t\t<\/div>\n\t\t\t\t\t\t<\/div>\n\t\t\t\t<\/div>\n\t\t\t\t\t\t<\/div>\n\t\t\t\t\t<\/div>\n\t\t<\/div>\n\t\t\t\t\t\t\t\t<\/div>\n\t\t\t\t\t<\/div>\n\t\t<\/section>\n\t\t\t\t\t\t<\/div>\n\t\t\t\t\t\t<\/div>\n\t\t\t\t\t<\/div>\n\t\t","protected":false},"excerpt":{"rendered":"<p>R\u00e9szlet K\u00e1tai Piroska level\u00e9b\u0151l: &#8222;Engem ez a h\u00edr \u00e9rt ma, Mikul\u00e1s napj\u00e1n, ezt posztoltam ma a Facebook-on: Meghalt egy szem\u00e9ly, akinek a munk\u00e1ss\u00e1ga nagyban befoly\u00e1solta a tan\u00e1ri p\u00e1lyafut\u00e1som. R\u00e9szben miatta is d\u00f6nt\u00f6ttem \u00fagy kb. 12 \u00e9vvel ezel\u0151tt, hogy v\u00e1ltoztatok a&hellip; <\/p>\n","protected":false},"author":1,"featured_media":0,"parent":0,"menu_order":0,"comment_status":"closed","ping_status":"closed","template":"","meta":[],"_links":{"self":[{"href":"https:\/\/www.zoldagvendegszeretet.hu\/index.php?rest_route=\/wp\/v2\/pages\/1458"}],"collection":[{"href":"https:\/\/www.zoldagvendegszeretet.hu\/index.php?rest_route=\/wp\/v2\/pages"}],"about":[{"href":"https:\/\/www.zoldagvendegszeretet.hu\/index.php?rest_route=\/wp\/v2\/types\/page"}],"author":[{"embeddable":true,"href":"https:\/\/www.zoldagvendegszeretet.hu\/index.php?rest_route=\/wp\/v2\/users\/1"}],"replies":[{"embeddable":true,"href":"https:\/\/www.zoldagvendegszeretet.hu\/index.php?rest_route=%2Fwp%2Fv2%2Fcomments&post=1458"}],"version-history":[{"count":3,"href":"https:\/\/www.zoldagvendegszeretet.hu\/index.php?rest_route=\/wp\/v2\/pages\/1458\/revisions"}],"predecessor-version":[{"id":2114,"href":"https:\/\/www.zoldagvendegszeretet.hu\/index.php?rest_route=\/wp\/v2\/pages\/1458\/revisions\/2114"}],"wp:attachment":[{"href":"https:\/\/www.zoldagvendegszeretet.hu\/index.php?rest_route=%2Fwp%2Fv2%2Fmedia&parent=1458"}],"curies":[{"name":"wp","href":"https:\/\/api.w.org\/{rel}","templated":true}]}}