{"id":1160,"date":"2020-11-30T16:42:04","date_gmt":"2020-11-30T16:42:04","guid":{"rendered":"http:\/\/localhost\/wordpress\/?page_id=1160"},"modified":"2023-11-27T09:21:41","modified_gmt":"2023-11-27T09:21:41","slug":"nincsenek-mar-kozottunk","status":"publish","type":"page","link":"https:\/\/www.zoldagvendegszeretet.hu\/?page_id=1160","title":{"rendered":"&#8222;Nincsenek m\u00e1r k\u00f6z\u00f6tt\u00fcnk&#8230;&#8221;"},"content":{"rendered":"\t\t<div data-elementor-type=\"wp-page\" data-elementor-id=\"1160\" class=\"elementor elementor-1160\" data-elementor-settings=\"[]\">\n\t\t\t\t\t\t<div class=\"elementor-inner\">\n\t\t\t\t\t\t\t<div class=\"elementor-section-wrap\">\n\t\t\t\t\t\t\t<section class=\"elementor-section elementor-top-section elementor-element elementor-element-7d6d5e2 elementor-section-boxed elementor-section-height-default elementor-section-height-default\" data-id=\"7d6d5e2\" data-element_type=\"section\">\n\t\t\t\t\t\t<div class=\"elementor-container elementor-column-gap-default\">\n\t\t\t\t\t\t\t<div class=\"elementor-row\">\n\t\t\t\t\t<div class=\"elementor-column elementor-col-50 elementor-top-column elementor-element elementor-element-02f081a\" data-id=\"02f081a\" data-element_type=\"column\">\n\t\t\t<div class=\"elementor-column-wrap elementor-element-populated\">\n\t\t\t\t\t\t\t<div class=\"elementor-widget-wrap\">\n\t\t\t\t\t\t<div class=\"elementor-element elementor-element-de32200 elementor-widget elementor-widget-image\" data-id=\"de32200\" data-element_type=\"widget\" data-widget_type=\"image.default\">\n\t\t\t\t<div class=\"elementor-widget-container\">\n\t\t\t\t\t\t\t\t<div class=\"elementor-image\">\n\t\t\t\t\t\t\t\t\t\t\t\t<img src=\"https:\/\/www.zoldagvendegszeretet.hu\/wp-content\/uploads\/2023\/11\/2016-10-29-Irenke.jpg\" title=\"\" alt=\"\" \/>\t\t\t\t\t\t\t\t\t\t\t\t\t\t<\/div>\n\t\t\t\t\t\t<\/div>\n\t\t\t\t<\/div>\n\t\t\t\t\t\t<\/div>\n\t\t\t\t\t<\/div>\n\t\t<\/div>\n\t\t\t\t<div class=\"elementor-column elementor-col-50 elementor-top-column elementor-element elementor-element-6c1c8c2\" data-id=\"6c1c8c2\" data-element_type=\"column\">\n\t\t\t<div class=\"elementor-column-wrap elementor-element-populated\">\n\t\t\t\t\t\t\t<div class=\"elementor-widget-wrap\">\n\t\t\t\t\t\t<div class=\"elementor-element elementor-element-d2389b7 elementor-widget elementor-widget-text-editor\" data-id=\"d2389b7\" data-element_type=\"widget\" data-widget_type=\"text-editor.default\">\n\t\t\t\t<div class=\"elementor-widget-container\">\n\t\t\t\t\t\t\t\t<div class=\"elementor-text-editor elementor-clearfix\">\n\t\t\t\t<p>\u2020 Dr. Magyar J\u00e1nosn\u00e9 Ber\u00e9nyi Ir\u00e9nre magyar &#8211; t\u00f6rt\u00e9nelem szakos tan\u00e1rn\u0151re, helyt\u00f6rt\u00e9net gy\u0171jt\u0151re, kedves bar\u00e1tn\u0151re \u00e9s t\u00e1mogat\u00f3ra eml\u00e9kez\u00fcnk f\u00e1j\u00f3 sz\u00edvvel 2023. nov. 12-\u00e9n 90 \u00e9ves kor\u00e1ban t\u00f6rt\u00e9nt elhunyta ok\u00e1n. <br \/>Temet\u00e9s\u00e9re 2023. 11. 17-\u00e9n d\u00e9lel\u0151tt ker\u00fclt sor Szentesen a K\u00e1lv\u00e1ria temet\u0151ben. <br \/>A II. vil\u00e1gh\u00e1bor\u00fa lez\u00e1r\u00e1sa ut\u00e1n ker\u00fclt f\u00e9rj\u00e9vel egy\u00fctt a k\u00f6z\u00e9piskol\u00e1ba. Ott bar\u00e1taik k\u00f6z\u00f6tt iskol\u00e1ik elv\u00e9g\u00e9se ut\u00e1n t\u00f6bben kiv\u00e1l\u00f3 \u00e9rtelmis\u00e9gik\u00e9nt ker\u00fcltek\u00a0 p\u00e1ly\u00e1ra. K\u00f6zt\u00fck volt Ma\u00e1cz L\u00e1szl\u00f3 (1929-1998) reg\u0151s cserk\u00e9sz, n\u00e9pt\u00e1ncos, n\u00e9pt\u00e1ncgy\u0171jt\u0151, t\u00e1nckritikus is, aki a Szentesi T\u00e1ncsics Mih\u00e1ly N\u00e9pi Koll\u00e9giumban \u00e9lve v\u00e9gezte a Horv\u00e1th Mih\u00e1ly Gimn\u00e1ziumban tanulm\u00e1nyait. <br \/>A Z\u00f6ld\u00e1g Hagyom\u00e1ny\u0151rz\u0151 Szakk\u00f6r 2016. 10. 29-\u00e9n\u00a0 a kiv\u00e1l\u00f3 tud\u00f3sra eml\u00e9kezve egykori koll\u00e9giuma fal\u00e1n lev\u0151 eml\u00e9kt\u00e1bla koszor\u00faz\u00e1s\u00e1ra h\u00edvta tisztel\u0151it.\u00a0 <\/p>\t\t\t\t\t<\/div>\n\t\t\t\t\t\t<\/div>\n\t\t\t\t<\/div>\n\t\t\t\t\t\t<\/div>\n\t\t\t\t\t<\/div>\n\t\t<\/div>\n\t\t\t\t\t\t\t\t<\/div>\n\t\t\t\t\t<\/div>\n\t\t<\/section>\n\t\t\t\t<section class=\"elementor-section elementor-top-section elementor-element elementor-element-b081a7c elementor-section-boxed elementor-section-height-default elementor-section-height-default\" data-id=\"b081a7c\" data-element_type=\"section\">\n\t\t\t\t\t\t<div class=\"elementor-container elementor-column-gap-default\">\n\t\t\t\t\t\t\t<div class=\"elementor-row\">\n\t\t\t\t\t<div class=\"elementor-column elementor-col-50 elementor-top-column elementor-element elementor-element-550cc87\" data-id=\"550cc87\" data-element_type=\"column\">\n\t\t\t<div class=\"elementor-column-wrap elementor-element-populated\">\n\t\t\t\t\t\t\t<div class=\"elementor-widget-wrap\">\n\t\t\t\t\t\t<div class=\"elementor-element elementor-element-4151022 elementor-widget elementor-widget-image\" data-id=\"4151022\" data-element_type=\"widget\" data-widget_type=\"image.default\">\n\t\t\t\t<div class=\"elementor-widget-container\">\n\t\t\t\t\t\t\t\t<div class=\"elementor-image\">\n\t\t\t\t\t\t\t\t\t\t\t\t<img width=\"700\" height=\"990\" src=\"https:\/\/www.zoldagvendegszeretet.hu\/wp-content\/uploads\/2023\/11\/Maacz-Laszlo-plakat-2016-724x1024.jpg\" class=\"attachment-large size-large\" alt=\"\" loading=\"lazy\" srcset=\"https:\/\/www.zoldagvendegszeretet.hu\/wp-content\/uploads\/2023\/11\/Maacz-Laszlo-plakat-2016-724x1024.jpg 724w, https:\/\/www.zoldagvendegszeretet.hu\/wp-content\/uploads\/2023\/11\/Maacz-Laszlo-plakat-2016-212x300.jpg 212w, https:\/\/www.zoldagvendegszeretet.hu\/wp-content\/uploads\/2023\/11\/Maacz-Laszlo-plakat-2016-768x1086.jpg 768w, https:\/\/www.zoldagvendegszeretet.hu\/wp-content\/uploads\/2023\/11\/Maacz-Laszlo-plakat-2016-1086x1536.jpg 1086w, https:\/\/www.zoldagvendegszeretet.hu\/wp-content\/uploads\/2023\/11\/Maacz-Laszlo-plakat-2016-1448x2048.jpg 1448w, https:\/\/www.zoldagvendegszeretet.hu\/wp-content\/uploads\/2023\/11\/Maacz-Laszlo-plakat-2016-scaled.jpg 1810w\" sizes=\"(max-width: 700px) 100vw, 700px\" \/>\t\t\t\t\t\t\t\t\t\t\t\t\t\t<\/div>\n\t\t\t\t\t\t<\/div>\n\t\t\t\t<\/div>\n\t\t\t\t\t\t<\/div>\n\t\t\t\t\t<\/div>\n\t\t<\/div>\n\t\t\t\t<div class=\"elementor-column elementor-col-50 elementor-top-column elementor-element elementor-element-f166da8\" data-id=\"f166da8\" data-element_type=\"column\">\n\t\t\t<div class=\"elementor-column-wrap elementor-element-populated\">\n\t\t\t\t\t\t\t<div class=\"elementor-widget-wrap\">\n\t\t\t\t\t\t<div class=\"elementor-element elementor-element-45ee3df elementor-widget elementor-widget-image\" data-id=\"45ee3df\" data-element_type=\"widget\" data-widget_type=\"image.default\">\n\t\t\t\t<div class=\"elementor-widget-container\">\n\t\t\t\t\t\t\t\t<div class=\"elementor-image\">\n\t\t\t\t\t\t\t\t\t\t\t\t<img width=\"683\" height=\"1024\" src=\"https:\/\/www.zoldagvendegszeretet.hu\/wp-content\/uploads\/2023\/11\/Koszoruzott-tabla-2016-10-29-683x1024.jpg\" class=\"attachment-large size-large\" alt=\"\" loading=\"lazy\" srcset=\"https:\/\/www.zoldagvendegszeretet.hu\/wp-content\/uploads\/2023\/11\/Koszoruzott-tabla-2016-10-29-683x1024.jpg 683w, https:\/\/www.zoldagvendegszeretet.hu\/wp-content\/uploads\/2023\/11\/Koszoruzott-tabla-2016-10-29-200x300.jpg 200w, https:\/\/www.zoldagvendegszeretet.hu\/wp-content\/uploads\/2023\/11\/Koszoruzott-tabla-2016-10-29-768x1152.jpg 768w, https:\/\/www.zoldagvendegszeretet.hu\/wp-content\/uploads\/2023\/11\/Koszoruzott-tabla-2016-10-29-1024x1536.jpg 1024w, https:\/\/www.zoldagvendegszeretet.hu\/wp-content\/uploads\/2023\/11\/Koszoruzott-tabla-2016-10-29-1365x2048.jpg 1365w, https:\/\/www.zoldagvendegszeretet.hu\/wp-content\/uploads\/2023\/11\/Koszoruzott-tabla-2016-10-29-scaled.jpg 1706w\" sizes=\"(max-width: 683px) 100vw, 683px\" \/>\t\t\t\t\t\t\t\t\t\t\t\t\t\t<\/div>\n\t\t\t\t\t\t<\/div>\n\t\t\t\t<\/div>\n\t\t\t\t\t\t<\/div>\n\t\t\t\t\t<\/div>\n\t\t<\/div>\n\t\t\t\t\t\t\t\t<\/div>\n\t\t\t\t\t<\/div>\n\t\t<\/section>\n\t\t\t\t<section class=\"elementor-section elementor-top-section elementor-element elementor-element-0525b01 elementor-section-boxed elementor-section-height-default elementor-section-height-default\" data-id=\"0525b01\" data-element_type=\"section\">\n\t\t\t\t\t\t<div class=\"elementor-container elementor-column-gap-default\">\n\t\t\t\t\t\t\t<div class=\"elementor-row\">\n\t\t\t\t\t<div class=\"elementor-column elementor-col-100 elementor-top-column elementor-element elementor-element-0e52413\" data-id=\"0e52413\" data-element_type=\"column\">\n\t\t\t<div class=\"elementor-column-wrap elementor-element-populated\">\n\t\t\t\t\t\t\t<div class=\"elementor-widget-wrap\">\n\t\t\t\t\t\t<div class=\"elementor-element elementor-element-fbe5fd3 elementor-widget elementor-widget-image\" data-id=\"fbe5fd3\" data-element_type=\"widget\" data-widget_type=\"image.default\">\n\t\t\t\t<div class=\"elementor-widget-container\">\n\t\t\t\t\t\t\t\t<div class=\"elementor-image\">\n\t\t\t\t\t\t\t\t\t\t\t\t<img width=\"700\" height=\"466\" src=\"https:\/\/www.zoldagvendegszeretet.hu\/wp-content\/uploads\/2023\/11\/2016-evi-Maacz-Megemlekezesen-_-KB3-koszoruzas-elott-1024x682.jpg\" class=\"attachment-large size-large\" alt=\"\" loading=\"lazy\" srcset=\"https:\/\/www.zoldagvendegszeretet.hu\/wp-content\/uploads\/2023\/11\/2016-evi-Maacz-Megemlekezesen-_-KB3-koszoruzas-elott-1024x682.jpg 1024w, https:\/\/www.zoldagvendegszeretet.hu\/wp-content\/uploads\/2023\/11\/2016-evi-Maacz-Megemlekezesen-_-KB3-koszoruzas-elott-300x200.jpg 300w, https:\/\/www.zoldagvendegszeretet.hu\/wp-content\/uploads\/2023\/11\/2016-evi-Maacz-Megemlekezesen-_-KB3-koszoruzas-elott-768x512.jpg 768w, https:\/\/www.zoldagvendegszeretet.hu\/wp-content\/uploads\/2023\/11\/2016-evi-Maacz-Megemlekezesen-_-KB3-koszoruzas-elott-1536x1024.jpg 1536w, https:\/\/www.zoldagvendegszeretet.hu\/wp-content\/uploads\/2023\/11\/2016-evi-Maacz-Megemlekezesen-_-KB3-koszoruzas-elott-2048x1365.jpg 2048w\" sizes=\"(max-width: 700px) 100vw, 700px\" \/>\t\t\t\t\t\t\t\t\t\t\t\t\t\t<\/div>\n\t\t\t\t\t\t<\/div>\n\t\t\t\t<\/div>\n\t\t\t\t\t\t<\/div>\n\t\t\t\t\t<\/div>\n\t\t<\/div>\n\t\t\t\t\t\t\t\t<\/div>\n\t\t\t\t\t<\/div>\n\t\t<\/section>\n\t\t\t\t<section class=\"elementor-section elementor-top-section elementor-element elementor-element-a5f0d65 elementor-section-boxed elementor-section-height-default elementor-section-height-default\" data-id=\"a5f0d65\" data-element_type=\"section\">\n\t\t\t\t\t\t<div class=\"elementor-container elementor-column-gap-default\">\n\t\t\t\t\t\t\t<div class=\"elementor-row\">\n\t\t\t\t\t<div class=\"elementor-column elementor-col-100 elementor-top-column elementor-element elementor-element-068b59f\" data-id=\"068b59f\" data-element_type=\"column\">\n\t\t\t<div class=\"elementor-column-wrap elementor-element-populated\">\n\t\t\t\t\t\t\t<div class=\"elementor-widget-wrap\">\n\t\t\t\t\t\t<div class=\"elementor-element elementor-element-14ae61d elementor-widget elementor-widget-text-editor\" data-id=\"14ae61d\" data-element_type=\"widget\" data-widget_type=\"text-editor.default\">\n\t\t\t\t<div class=\"elementor-widget-container\">\n\t\t\t\t\t\t\t\t<div class=\"elementor-text-editor elementor-clearfix\">\n\t\t\t\t<p>\u00a0A fot\u00f3n balr\u00f3l jobbra:<br \/>Sz\u0171csn\u00e9 Moln\u00e1r Erzs\u00e9bet (Szeged), Sz\u0171cs Mikl\u00f3s (Kunszentm\u00e1rton), M\u00e9sz\u00e1ros J\u00falia, Dr. Magyar J\u00e1nosn\u00e9 Ber\u00e9nyi Ir\u00e9n (Szegv\u00e1r, Szentes), T\u00f3thn\u00e9 Mucsi Erzs\u00e9bet, J\u00e1szn\u00e9 Gyovai \u00c1gnes, Borb\u00e1s Mikl\u00f3s, Matk\u00f3csik P\u00e1l, h\u00e1ttal: Hank\u00f3 Gy\u00f6rgyn\u00e9 \u00e9s M\u00f3ra J\u00f3zsef, J\u00e1sz Kende Andr\u00e1s, Magos Istv\u00e1n (Tyukod). <br \/>A koszor\u00faz\u00e1s ut\u00e1n Ma\u00e1cz L\u00e1szl\u00f3 fia, bar\u00e1tai \u00e9s azok tan\u00edtv\u00e1nyai n\u00e9pzenei \u00e9s n\u00e9pt\u00e1ncos eml\u00e9km\u0171soron \u00e9s\u00a0 eml\u00e9kversenyen id\u00e9zt\u00e9k fel &#8211; k\u00f6zt\u00fck Dr. Magyar J\u00e1nosn\u00e9 Ir\u00e9nke is &#8211; a kiv\u00e1l\u00f3 szakembert, f\u00e9rjet \u00e9s \u00e9desap\u00e1t.<\/p>\t\t\t\t\t<\/div>\n\t\t\t\t\t\t<\/div>\n\t\t\t\t<\/div>\n\t\t\t\t\t\t<\/div>\n\t\t\t\t\t<\/div>\n\t\t<\/div>\n\t\t\t\t\t\t\t\t<\/div>\n\t\t\t\t\t<\/div>\n\t\t<\/section>\n\t\t\t\t<section class=\"elementor-section elementor-top-section elementor-element elementor-element-9ae04dc elementor-section-boxed elementor-section-height-default elementor-section-height-default\" data-id=\"9ae04dc\" data-element_type=\"section\">\n\t\t\t\t\t\t<div class=\"elementor-container elementor-column-gap-default\">\n\t\t\t\t\t\t\t<div class=\"elementor-row\">\n\t\t\t\t\t<div class=\"elementor-column elementor-col-100 elementor-top-column elementor-element elementor-element-1f157ac\" data-id=\"1f157ac\" data-element_type=\"column\">\n\t\t\t<div class=\"elementor-column-wrap elementor-element-populated\">\n\t\t\t\t\t\t\t<div class=\"elementor-widget-wrap\">\n\t\t\t\t\t\t<div class=\"elementor-element elementor-element-b0d6599 elementor-widget elementor-widget-image\" data-id=\"b0d6599\" data-element_type=\"widget\" data-widget_type=\"image.default\">\n\t\t\t\t<div class=\"elementor-widget-container\">\n\t\t\t\t\t\t\t\t<div class=\"elementor-image\">\n\t\t\t\t\t\t\t\t\t\t\t\t<img width=\"700\" height=\"137\" src=\"https:\/\/www.zoldagvendegszeretet.hu\/wp-content\/uploads\/2023\/11\/1.jpg\" class=\"attachment-large size-large\" alt=\"\" loading=\"lazy\" srcset=\"https:\/\/www.zoldagvendegszeretet.hu\/wp-content\/uploads\/2023\/11\/1.jpg 993w, https:\/\/www.zoldagvendegszeretet.hu\/wp-content\/uploads\/2023\/11\/1-300x59.jpg 300w, https:\/\/www.zoldagvendegszeretet.hu\/wp-content\/uploads\/2023\/11\/1-768x151.jpg 768w\" sizes=\"(max-width: 700px) 100vw, 700px\" \/>\t\t\t\t\t\t\t\t\t\t\t\t\t\t<\/div>\n\t\t\t\t\t\t<\/div>\n\t\t\t\t<\/div>\n\t\t\t\t\t\t<\/div>\n\t\t\t\t\t<\/div>\n\t\t<\/div>\n\t\t\t\t\t\t\t\t<\/div>\n\t\t\t\t\t<\/div>\n\t\t<\/section>\n\t\t\t\t<section class=\"elementor-section elementor-top-section elementor-element elementor-element-fc549ab elementor-section-boxed elementor-section-height-default elementor-section-height-default\" data-id=\"fc549ab\" data-element_type=\"section\">\n\t\t\t\t\t\t<div class=\"elementor-container elementor-column-gap-default\">\n\t\t\t\t\t\t\t<div class=\"elementor-row\">\n\t\t\t\t\t<div class=\"elementor-column elementor-col-100 elementor-top-column elementor-element elementor-element-17d781f\" data-id=\"17d781f\" data-element_type=\"column\">\n\t\t\t<div class=\"elementor-column-wrap elementor-element-populated\">\n\t\t\t\t\t\t\t<div class=\"elementor-widget-wrap\">\n\t\t\t\t\t\t<div class=\"elementor-element elementor-element-7331337 elementor-widget elementor-widget-text-editor\" data-id=\"7331337\" data-element_type=\"widget\" data-widget_type=\"text-editor.default\">\n\t\t\t\t<div class=\"elementor-widget-container\">\n\t\t\t\t\t\t\t\t<div class=\"elementor-text-editor elementor-clearfix\">\n\t\t\t\t<p>\u2020 \u00c9let\u00e9nek 75. \u00e9v\u00e9ben 2022. 04. 21-\u00e9n Budapesten meghalt Mark\u00f3 Iv\u00e1n J\u00e1nos\u00a0 (Balassagyarmat, 1947. 03. 29.) Kossuth-d\u00edjas t\u00e1ncm\u0171v\u00e9sz, koreogr\u00e1fus, balettigazgat\u00f3. <br \/>\u00c9vadkezd\u00e9s a Magyar Fesztiv\u00e1l Balettn\u00e9l<br \/>&#8222;L\u00edrai alkat\u00fa, szuggeszt\u00edv er\u0151vel, kiv\u00e1l\u00f3 technikai adotts\u00e1gokkal \u00e9s st\u00edlussal rendelkez\u0151 t\u00e1ncos. Koreogr\u00e1fi\u00e1i m\u00e9ly emberi \u00e9rzelmeket \u00e9s probl\u00e9m\u00e1kat visznek sz\u00ednpadra.<\/p><p>Kit\u00fcntet\u00e9sei:<\/p><ul><li>\u00c9rdemes m\u0171v\u00e9sz (1981)<\/li><li>Kossuth-d\u00edj (1983)<\/li><li>SZOT-d\u00edj (1985)<\/li><li>H\u0171s\u00e9gd\u00edj \u2013 Bayreuthi \u00dcnnepi J\u00e1t\u00e9kok (1994, 1999)<\/li><li>Budapest\u00e9rt d\u00edj (2004)<\/li><li>A Pro Renovanda Cultura Hungariae Alap\u00edtv\u00e1ny f\u0151d\u00edja (2005)<\/li><li>\u00d6r\u00f6k\u00f6s tag a Halhatatlanok T\u00e1rsulat\u00e1ban (2005)<\/li><li>A Magyar K\u00f6zt\u00e1rsas\u00e1gi \u00c9rdemrend k\u00f6z\u00e9pkeresztje (2007) \u2013 t\u00f6bb \u00e9vtizedes,<\/li><li>k\u00fclf\u00f6ld\u00f6n is nagyra becs\u00fclt m\u0171v\u00e9szi p\u00e1ly\u00e1ja elismer\u00e9sek\u00e9nt<\/li><li>Jeruzs\u00e1lem-d\u00edj (2007)<\/li><li>Radn\u00f3ti Mikl\u00f3s antirasszista d\u00edj (2007)<\/li><li>Balassagyarmat d\u00edszpolg\u00e1ra (2007)<\/li><li>Prima Primissima d\u00edj (2008) \u2013 Magyar sz\u00ednh\u00e1z- \u00e9s filmm\u0171v\u00e9szet kateg\u00f3ri\u00e1ban<\/li><\/ul><p>Forr\u00e1s: Magyar t\u00e1ncm\u0171v\u00e9szeti lexikon \/ Plan\u00e9t\u00e1s, Bp. 2008, 133. old. Szerk.: dr. Dienes Gedeon<\/p><p>Munk\u00e1ss\u00e1g\u00e1r\u00f3l a Folkl\u00f3r anyagok c. men\u00fcben a \u201cMindig J\u00f3zsef akartam lenni!\u201d c. interj\u00fa, a K\u00e1in \u00e9s \u00c1bel ill. a Bolero \u00e9s az Eckhart mester pr\u00e9dik\u00e1ci\u00f3i c\u00edm\u0171 m\u0171veinek bemutat\u00e1sa \/\u00a0 plak\u00e1tja\u00a0 tal\u00e1lhat\u00f3. K\u00f6zz\u00e9t\u00e9tel: 2022. 04. 22.<\/p><p>\u00a0<\/p>\t\t\t\t\t<\/div>\n\t\t\t\t\t\t<\/div>\n\t\t\t\t<\/div>\n\t\t\t\t\t\t<\/div>\n\t\t\t\t\t<\/div>\n\t\t<\/div>\n\t\t\t\t\t\t\t\t<\/div>\n\t\t\t\t\t<\/div>\n\t\t<\/section>\n\t\t\t\t<section class=\"elementor-section elementor-top-section elementor-element elementor-element-aa17e4d elementor-section-boxed elementor-section-height-default elementor-section-height-default\" data-id=\"aa17e4d\" data-element_type=\"section\">\n\t\t\t\t\t\t<div class=\"elementor-container elementor-column-gap-default\">\n\t\t\t\t\t\t\t<div class=\"elementor-row\">\n\t\t\t\t\t<div class=\"elementor-column elementor-col-100 elementor-top-column elementor-element elementor-element-0f0cfda\" data-id=\"0f0cfda\" data-element_type=\"column\">\n\t\t\t<div class=\"elementor-column-wrap elementor-element-populated\">\n\t\t\t\t\t\t\t<div class=\"elementor-widget-wrap\">\n\t\t\t\t\t\t<div class=\"elementor-element elementor-element-f3252f1 elementor-widget elementor-widget-image\" data-id=\"f3252f1\" data-element_type=\"widget\" data-widget_type=\"image.default\">\n\t\t\t\t<div class=\"elementor-widget-container\">\n\t\t\t\t\t\t\t\t<div class=\"elementor-image\">\n\t\t\t\t\t\t\t\t\t\t\t\t<img width=\"700\" height=\"137\" src=\"https:\/\/www.zoldagvendegszeretet.hu\/wp-content\/uploads\/2023\/11\/1.jpg\" class=\"attachment-large size-large\" alt=\"\" loading=\"lazy\" srcset=\"https:\/\/www.zoldagvendegszeretet.hu\/wp-content\/uploads\/2023\/11\/1.jpg 993w, https:\/\/www.zoldagvendegszeretet.hu\/wp-content\/uploads\/2023\/11\/1-300x59.jpg 300w, https:\/\/www.zoldagvendegszeretet.hu\/wp-content\/uploads\/2023\/11\/1-768x151.jpg 768w\" sizes=\"(max-width: 700px) 100vw, 700px\" \/>\t\t\t\t\t\t\t\t\t\t\t\t\t\t<\/div>\n\t\t\t\t\t\t<\/div>\n\t\t\t\t<\/div>\n\t\t\t\t\t\t<\/div>\n\t\t\t\t\t<\/div>\n\t\t<\/div>\n\t\t\t\t\t\t\t\t<\/div>\n\t\t\t\t\t<\/div>\n\t\t<\/section>\n\t\t\t\t<section class=\"elementor-section elementor-top-section elementor-element elementor-element-394f727 elementor-section-boxed elementor-section-height-default elementor-section-height-default\" data-id=\"394f727\" data-element_type=\"section\">\n\t\t\t\t\t\t<div class=\"elementor-container elementor-column-gap-default\">\n\t\t\t\t\t\t\t<div class=\"elementor-row\">\n\t\t\t\t\t<div class=\"elementor-column elementor-col-100 elementor-top-column elementor-element elementor-element-07d1058\" data-id=\"07d1058\" data-element_type=\"column\">\n\t\t\t<div class=\"elementor-column-wrap elementor-element-populated\">\n\t\t\t\t\t\t\t<div class=\"elementor-widget-wrap\">\n\t\t\t\t\t\t<div class=\"elementor-element elementor-element-8f20bc4 elementor-widget elementor-widget-text-editor\" data-id=\"8f20bc4\" data-element_type=\"widget\" data-widget_type=\"text-editor.default\">\n\t\t\t\t<div class=\"elementor-widget-container\">\n\t\t\t\t\t\t\t\t<div class=\"elementor-text-editor elementor-clearfix\">\n\t\t\t\t<p>\u2020 2021. 01. 11-\u00e9n elhunyt G\u00e9czy G\u00e1bor (1963-2021) egyetemi tan\u00e1r \/ fizikus, szellemi tan\u00edt\u00f3mester, a hagyom\u00e1nyos n\u00e9pi gy\u00f3gy\u00edt\u00e1s mestere, a magyar n\u00e9pi \u00e9nekl\u00e9s szorgalmaz\u00f3ja, Magfalva gazd\u00e1ja: meg\u00e1lmod\u00f3ja, seg\u00edt\u0151ivel fenntart\u00f3ja, fejleszt\u0151je.<\/p><p><a href=\"https:\/\/www.youtube.com\/watch?v=vXHRRzHCIso\" target=\"_blank\" rel=\"noopener\">https:\/\/www.youtube.com\/watch?v=vXHRRzHCIso<\/a><\/p><p>\u2020 2020. 10. 21-\u00e9n elhunyt Szentesen Remzs\u0151 J\u00f3zsef v\u0151f\u00e9ly, aki gyermekkor\u00e1t\u00f3l tanult hangszereken (k\u00f6cs\u00f6gduda, harmonika, n\u00e1ds\u00edp, teker\u0151, citera) muzsik\u00e1lni.<\/p><p>\u2020 2020. 02. 07-\u00e9n elhunyt Egerben N\u00e9met Erzs\u00e9bet Zs\u00f3ka,<br \/>aki a Szentesi M\u0171vel\u0151d\u00e9si K\u00f6zpont Modern T\u00e1nc Klub t\u00e1ncosa \u00e9s d\u00edjazott versenyz\u0151je volt 1966 -1971 k\u00f6z\u00f6tt. Fiatal n\u00e9pt\u00e1ncosk\u00e9nt a N\u00e9pm\u0171v\u00e9szet Ifj\u00fa Mestere: n\u00e9pt\u00e1nc, n\u00e9pi \u00e9nek (1983), ill. \u00d6r\u00f6k\u00f6s Aranygy\u00f6ngy\u00f6s T\u00e1ncos (1987) min\u0151s\u00edt\u00e9st szerzett.<br \/>Egerben, Makl\u00e1ron, Fels\u0151t\u00e1rk\u00e1nyban meghat\u00e1roz\u00f3 munk\u00e1ss\u00e1got v\u00e9gzett n\u00e9pt\u00e1nc oktat\u00f3, koreogr\u00e1fus, helyt\u00f6rt\u00e9neti gy\u0171jt\u0151 \u00e9s publik\u00e1l\u00f3, n\u00e9pviselet k\u00e9sz\u00edt\u0151, n\u00e9pt\u00e1nc \u00e9s n\u00e9pzenei alap\u00edtv\u00e1nyi int\u00e9zm\u00e9nyi vezet\u0151 egy\u00e9nis\u00e9gk\u00e9nt egyar\u00e1nt.<\/p><p>\u2020 2019. 10. 27. -\u00e9n 77. \u00e9v\u00e9ben Budapesten elhunyt Foltin Jol\u00e1n koreogr\u00e1fus- rendez\u0151, t\u00e1ncpedag\u00f3gus, a Nemzet M\u0171v\u00e9sze, Egyik kital\u00e1l\u00f3ja \u00e9s megval\u00f3s\u00edt\u00f3ja volt pl. az 1970-es \u00e9vek elej\u00e9n indult magyarorsz\u00e1gi t\u00e1nch\u00e1z mozgalomnak, az \u00d6r\u00f6ks\u00e9g Gyermek N\u00e9pm\u0171v\u00e9szeti Egyes\u00fcletnek.Munk\u00e1ss\u00e1ga alatt sz\u00e1mos\u00a0 koreogr\u00e1fi\u00e1t k\u00e9sz\u00edtett &#8222;kicsiknek \u00e9s nagyoknak&#8221;\u00a0 az emberi egy\u00fctt\u00e9l\u00e9s \u00e9s a n\u0151i sorsok t\u00e9mak\u00f6r\u00e9ben.<\/p><p>\u2020 2019. 09. 10-\u00e9n elhunyt Szentesen J\u00f3s J\u00f3zsefn\u00e9 Gr\u00e1nicz Ter\u00e9z,<br \/>aki a Szentesi M\u0171vel\u0151d\u00e9si K\u00f6zpont\u00a0 citera zenekar\u00e1nak alap\u00edt\u00f3 tagja \u00e9s a kezdetekt\u0151l\u00a0 kiv\u00e1l\u00f3 vezet\u0151je is volt 1976-1995 k\u00f6z\u00f6tt.<\/p><p>\u2020 2019. 07. 13-\u00e1n elhunyt Szil\u00e1gyi Ferenc, a N\u00e9pm\u0171v\u00e9szet Mestere. Honlapunk &#8222;Hangos film (amat\u0151r felv\u00e9telek) rovat\u00e1ban tal\u00e1lhat\u00f3 a vele k\u00e9sz\u00fclt egyik utols\u00f3 felv\u00e9tel: A 94 \u00e9ves Szil\u00e1gyi Feri b\u00e1csi katonadalokat \u00e9nekel&#8230;<\/p><p>\u2020 2019. 06. 15-\u00e9n elhunyt Lab\u00e1di Lajos, Szentes kiv\u00e1l\u00f3 nyugalmazott lev\u00e9lt\u00e1ri igazgat\u00f3ja, tan\u00e1csosa; helyt\u00f6rt\u00e9net kutat\u00f3ja; k\u00f6nyvek, tudom\u00e1nyos dolgozatok, cikkek szerz\u0151je \/ gyakran el\u0151ad\u00f3ja; kultur\u00e1lis tematik\u00e1j\u00fa egyes\u00fcletek tagja, n\u00e9h\u00e1nynak a vezet\u0151je.<\/p><p>\u2020 2018. 08. 06. Elhunyt Becs\u00e1k J\u00e1nos g\u00e9pipari technikus,<br \/>Szeny\u00e9ri D\u00e1niel szentesi teker\u0151s egyik unok\u00e1ja,<br \/>aki nagyapja n\u00e9pzenei munk\u00e1ss\u00e1g\u00e1nak csal\u00e1don bel\u00fcl egyik \u00f6sszegy\u0171jt\u0151je\u00a0 \u00e9s \u0151rz\u0151je volt.<\/p><p>\u2020 2018. 04. 16. Elhunyt N\u00f3gr\u00e1dy Andor tan\u00e1r, grafikus, \u00edr\u00f3, k\u00f6lt\u0151, helyt\u00f6rt\u00e9n\u00e9sz<\/p><p>\u2020 2018. 03. 21. Elhunyt Borb\u00e9ly Jol\u00e1n n\u00e9prajzkutat\u00f3, pedag\u00f3gus<\/p><p>\u2020 2018. 02. 14. Elhunyt Kall\u00f3s Zolt\u00e1n n\u00e9pzenekutat\u00f3, n\u00e9prajzi gy\u0171jt\u0151<\/p><p>\u2020 2017. 12. 26. Elhunyt Kruzslicz P\u00e1l igazgat\u00f3, st\u00fadi\u00f3vezet\u0151, n\u00e9pm\u0171vel\u0151, \u00fajs\u00e1g\u00edr\u00f3 (r\u00e1di\u00f3 riport Kruzslicz P\u00e1llal 2004-b\u0151l)<\/p><p>\u2020 2017. dec. Elhunyt Gyenes Ferencn\u00e9 Szarvas Katalin balett tan\u00e1rn\u0151<\/p><p>\u2020 2017. 03. 03. Elhunyt Balla Zolt\u00e1n n\u00e9pt\u00e1ncm\u0171v\u00e9sz<\/p><p>\u2020 2017. 01. 13. Elhunyt K\u00e1tai Ferenc n\u00e9prajzi gy\u0171jt\u0151, publicista<\/p>\t\t\t\t\t<\/div>\n\t\t\t\t\t\t<\/div>\n\t\t\t\t<\/div>\n\t\t\t\t\t\t<\/div>\n\t\t\t\t\t<\/div>\n\t\t<\/div>\n\t\t\t\t\t\t\t\t<\/div>\n\t\t\t\t\t<\/div>\n\t\t<\/section>\n\t\t\t\t<section class=\"elementor-section elementor-top-section elementor-element elementor-element-eb78f7e elementor-section-boxed elementor-section-height-default elementor-section-height-default\" data-id=\"eb78f7e\" data-element_type=\"section\">\n\t\t\t\t\t\t<div class=\"elementor-container elementor-column-gap-default\">\n\t\t\t\t\t\t\t<div class=\"elementor-row\">\n\t\t\t\t\t<div class=\"elementor-column elementor-col-100 elementor-top-column elementor-element elementor-element-761b99d\" data-id=\"761b99d\" data-element_type=\"column\">\n\t\t\t<div class=\"elementor-column-wrap elementor-element-populated\">\n\t\t\t\t\t\t\t<div class=\"elementor-widget-wrap\">\n\t\t\t\t\t\t<div class=\"elementor-element elementor-element-9c3a8dc elementor-widget-divider--view-line elementor-widget elementor-widget-divider\" data-id=\"9c3a8dc\" data-element_type=\"widget\" data-widget_type=\"divider.default\">\n\t\t\t\t<div class=\"elementor-widget-container\">\n\t\t\t\t\t<div class=\"elementor-divider\">\n\t\t\t<span class=\"elementor-divider-separator\">\n\t\t\t\t\t\t<\/span>\n\t\t<\/div>\n\t\t\t\t<\/div>\n\t\t\t\t<\/div>\n\t\t\t\t\t\t<\/div>\n\t\t\t\t\t<\/div>\n\t\t<\/div>\n\t\t\t\t\t\t\t\t<\/div>\n\t\t\t\t\t<\/div>\n\t\t<\/section>\n\t\t\t\t\t\t<\/div>\n\t\t\t\t\t\t<\/div>\n\t\t\t\t\t<\/div>\n\t\t","protected":false},"excerpt":{"rendered":"<p>\u2020 Dr. Magyar J\u00e1nosn\u00e9 Ber\u00e9nyi Ir\u00e9nre magyar &#8211; t\u00f6rt\u00e9nelem szakos tan\u00e1rn\u0151re, helyt\u00f6rt\u00e9net gy\u0171jt\u0151re, kedves bar\u00e1tn\u0151re \u00e9s t\u00e1mogat\u00f3ra eml\u00e9kez\u00fcnk f\u00e1j\u00f3 sz\u00edvvel 2023. nov. 12-\u00e9n 90 \u00e9ves kor\u00e1ban t\u00f6rt\u00e9nt elhunyta ok\u00e1n. Temet\u00e9s\u00e9re 2023. 11. 17-\u00e9n d\u00e9lel\u0151tt ker\u00fclt sor Szentesen a K\u00e1lv\u00e1ria temet\u0151ben.&hellip; <\/p>\n","protected":false},"author":1,"featured_media":0,"parent":0,"menu_order":0,"comment_status":"closed","ping_status":"closed","template":"","meta":[],"_links":{"self":[{"href":"https:\/\/www.zoldagvendegszeretet.hu\/index.php?rest_route=\/wp\/v2\/pages\/1160"}],"collection":[{"href":"https:\/\/www.zoldagvendegszeretet.hu\/index.php?rest_route=\/wp\/v2\/pages"}],"about":[{"href":"https:\/\/www.zoldagvendegszeretet.hu\/index.php?rest_route=\/wp\/v2\/types\/page"}],"author":[{"embeddable":true,"href":"https:\/\/www.zoldagvendegszeretet.hu\/index.php?rest_route=\/wp\/v2\/users\/1"}],"replies":[{"embeddable":true,"href":"https:\/\/www.zoldagvendegszeretet.hu\/index.php?rest_route=%2Fwp%2Fv2%2Fcomments&post=1160"}],"version-history":[{"count":36,"href":"https:\/\/www.zoldagvendegszeretet.hu\/index.php?rest_route=\/wp\/v2\/pages\/1160\/revisions"}],"predecessor-version":[{"id":4771,"href":"https:\/\/www.zoldagvendegszeretet.hu\/index.php?rest_route=\/wp\/v2\/pages\/1160\/revisions\/4771"}],"wp:attachment":[{"href":"https:\/\/www.zoldagvendegszeretet.hu\/index.php?rest_route=%2Fwp%2Fv2%2Fmedia&parent=1160"}],"curies":[{"name":"wp","href":"https:\/\/api.w.org\/{rel}","templated":true}]}}