{"id":1136,"date":"2020-11-28T16:21:25","date_gmt":"2020-11-28T16:21:25","guid":{"rendered":"http:\/\/localhost\/wordpress\/?page_id=1136"},"modified":"2020-11-28T16:22:17","modified_gmt":"2020-11-28T16:22:17","slug":"2017-kozremukodeseink","status":"publish","type":"page","link":"https:\/\/www.zoldagvendegszeretet.hu\/?page_id=1136","title":{"rendered":"2017 K\u00f6zrem\u0171k\u00f6d\u00e9seink"},"content":{"rendered":"\t\t<div data-elementor-type=\"wp-page\" data-elementor-id=\"1136\" class=\"elementor elementor-1136\" data-elementor-settings=\"[]\">\n\t\t\t\t\t\t<div class=\"elementor-inner\">\n\t\t\t\t\t\t\t<div class=\"elementor-section-wrap\">\n\t\t\t\t\t\t\t<section class=\"elementor-section elementor-top-section elementor-element elementor-element-7286cb1 elementor-section-boxed elementor-section-height-default elementor-section-height-default\" data-id=\"7286cb1\" data-element_type=\"section\">\n\t\t\t\t\t\t<div class=\"elementor-container elementor-column-gap-default\">\n\t\t\t\t\t\t\t<div class=\"elementor-row\">\n\t\t\t\t\t<div class=\"elementor-column elementor-col-100 elementor-top-column elementor-element elementor-element-b0303b7\" data-id=\"b0303b7\" data-element_type=\"column\">\n\t\t\t<div class=\"elementor-column-wrap elementor-element-populated\">\n\t\t\t\t\t\t\t<div class=\"elementor-widget-wrap\">\n\t\t\t\t\t\t<div class=\"elementor-element elementor-element-13b7ccf elementor-widget elementor-widget-text-editor\" data-id=\"13b7ccf\" data-element_type=\"widget\" data-widget_type=\"text-editor.default\">\n\t\t\t\t<div class=\"elementor-widget-container\">\n\t\t\t\t\t\t\t\t<div class=\"elementor-text-editor elementor-clearfix\">\n\t\t\t\t<p>Teker\u0151 \u00e9s egy\u00e9b &#8222;szentesi kumok &#8221; bemutat\u00e1sa, Bad\u00e1r S\u00e1ndor humorista fogad\u00e1sa 2017. 10. 01. az Antal Tavi Horg\u00e1szparadicsomban. <br \/><br \/>Pet\u0151fisek Nagy Tal\u00e1lkoz\u00f3ja 2017. 09. 09. 14-23 \u00f3r\u00e1ig<br \/><br \/>VIII. K\u00e9zm\u0171ves \u00cdzek Fesztiv\u00e1lja az \u00dcd\u00fcl\u0151k\u00f6zpontban 2017. 08. 20.<br \/><br \/>N\u00e9pzenei Sokadalom az \u00dcd\u00fcl\u0151k\u00f6zpontban 2017. 07. 29.<br \/><br \/>X. Lep\u00e9nyv\u00e1r\u00f3 Fesztiv\u00e1l 2017. 07. 22. Lapist\u00f3 <br \/><br \/>Szentes H\u00e1zban 2017.07. 21.<br \/><br \/>Bp. Psalmus Egyes\u00fcletn\u00e9l 2017.05.27.<br \/>\u00a0\u00a0 \u00a0<br \/>VII. K\u00e9zm\u0171ves \u00cdzek Fesztiv\u00e1lja 2017. 04. 17.<\/p>\t\t\t\t\t<\/div>\n\t\t\t\t\t\t<\/div>\n\t\t\t\t<\/div>\n\t\t\t\t\t\t<\/div>\n\t\t\t\t\t<\/div>\n\t\t<\/div>\n\t\t\t\t\t\t\t\t<\/div>\n\t\t\t\t\t<\/div>\n\t\t<\/section>\n\t\t\t\t\t\t<\/div>\n\t\t\t\t\t\t<\/div>\n\t\t\t\t\t<\/div>\n\t\t","protected":false},"excerpt":{"rendered":"<p>Teker\u0151 \u00e9s egy\u00e9b &#8222;szentesi kumok &#8221; bemutat\u00e1sa, Bad\u00e1r S\u00e1ndor humorista fogad\u00e1sa 2017. 10. 01. az Antal Tavi Horg\u00e1szparadicsomban. Pet\u0151fisek Nagy Tal\u00e1lkoz\u00f3ja 2017. 09. 09. 14-23 \u00f3r\u00e1ig VIII. K\u00e9zm\u0171ves \u00cdzek Fesztiv\u00e1lja az \u00dcd\u00fcl\u0151k\u00f6zpontban 2017. 08. 20. N\u00e9pzenei Sokadalom az \u00dcd\u00fcl\u0151k\u00f6zpontban 2017.&hellip; <\/p>\n","protected":false},"author":1,"featured_media":0,"parent":0,"menu_order":0,"comment_status":"closed","ping_status":"closed","template":"","meta":[],"_links":{"self":[{"href":"https:\/\/www.zoldagvendegszeretet.hu\/index.php?rest_route=\/wp\/v2\/pages\/1136"}],"collection":[{"href":"https:\/\/www.zoldagvendegszeretet.hu\/index.php?rest_route=\/wp\/v2\/pages"}],"about":[{"href":"https:\/\/www.zoldagvendegszeretet.hu\/index.php?rest_route=\/wp\/v2\/types\/page"}],"author":[{"embeddable":true,"href":"https:\/\/www.zoldagvendegszeretet.hu\/index.php?rest_route=\/wp\/v2\/users\/1"}],"replies":[{"embeddable":true,"href":"https:\/\/www.zoldagvendegszeretet.hu\/index.php?rest_route=%2Fwp%2Fv2%2Fcomments&post=1136"}],"version-history":[{"count":2,"href":"https:\/\/www.zoldagvendegszeretet.hu\/index.php?rest_route=\/wp\/v2\/pages\/1136\/revisions"}],"predecessor-version":[{"id":1138,"href":"https:\/\/www.zoldagvendegszeretet.hu\/index.php?rest_route=\/wp\/v2\/pages\/1136\/revisions\/1138"}],"wp:attachment":[{"href":"https:\/\/www.zoldagvendegszeretet.hu\/index.php?rest_route=%2Fwp%2Fv2%2Fmedia&parent=1136"}],"curies":[{"name":"wp","href":"https:\/\/api.w.org\/{rel}","templated":true}]}}